{"id":145,"date":"2012-11-08T22:18:17","date_gmt":"2012-11-08T20:18:17","guid":{"rendered":"https:\/\/www.renovomet.fi\/web\/?page_id=145"},"modified":"2025-11-26T14:32:58","modified_gmt":"2025-11-26T12:32:58","slug":"puunveto","status":"publish","type":"page","link":"https:\/\/www.renovomet.fi\/en\/tuotteet\/puunveto\/","title":{"rendered":"HT-tuote\u00ae PVL750"},"content":{"rendered":"<div data-elementor-type=\"wp-page\" data-elementor-id=\"145\" class=\"elementor elementor-145\">\n\t\t\t\t\t\t<section class=\"elementor-section elementor-top-section elementor-element elementor-element-94a018a elementor-section-boxed elementor-section-height-default elementor-section-height-default\" data-id=\"94a018a\" data-element_type=\"section\" data-e-type=\"section\">\n\t\t\t\t\t\t<div class=\"elementor-container elementor-column-gap-default\">\n\t\t\t\t\t<div class=\"elementor-column elementor-col-100 elementor-top-column elementor-element elementor-element-ddd7ab2\" data-id=\"ddd7ab2\" data-element_type=\"column\" data-e-type=\"column\">\n\t\t\t<div class=\"elementor-widget-wrap elementor-element-populated\">\n\t\t\t\t\t\t<div class=\"elementor-element elementor-element-fb94f03 elementor-widget elementor-widget-heading\" data-id=\"fb94f03\" data-element_type=\"widget\" data-e-type=\"widget\" data-widget_type=\"heading.default\">\n\t\t\t\t<div class=\"elementor-widget-container\">\n\t\t\t\t\t<h2 class=\"elementor-heading-title elementor-size-default\">HT-tuote\u00ae PVL750 -log skidder<\/h2>\t\t\t\t<\/div>\n\t\t\t\t<\/div>\n\t\t\t\t\t<\/div>\n\t\t<\/div>\n\t\t\t\t\t<\/div>\n\t\t<\/section>\n\t\t\t\t<section class=\"elementor-section elementor-top-section elementor-element elementor-element-24f9fb2 elementor-section-boxed elementor-section-height-default elementor-section-height-default\" data-id=\"24f9fb2\" data-element_type=\"section\" data-e-type=\"section\">\n\t\t\t\t\t\t<div class=\"elementor-container elementor-column-gap-default\">\n\t\t\t\t\t<div class=\"elementor-column elementor-col-50 elementor-top-column elementor-element elementor-element-8657e1d\" data-id=\"8657e1d\" data-element_type=\"column\" data-e-type=\"column\">\n\t\t\t<div class=\"elementor-widget-wrap elementor-element-populated\">\n\t\t\t\t\t\t<div class=\"elementor-element elementor-element-6246948 elementor-widget elementor-widget-text-editor\" data-id=\"6246948\" data-element_type=\"widget\" data-e-type=\"widget\" data-widget_type=\"text-editor.default\">\n\t\t\t\t<div class=\"elementor-widget-container\">\n\t\t\t\t\t\t\t\t\t<p>Log skidder is suitable for chauling windfalls, sawn timber, pulpwood and firewood frames from a dense forest. The towing machine can be a snowmobile, an all-terrain vehicle or another off-road vehicle.<\/p>\n<p><span style=\"font-size: inherit; text-align: inherit; color: var(--theme-text-color); font-family: var(--fontFamily); font-style: var(--fontStyle, inherit); font-weight: var(--fontWeight); letter-spacing: var(--letterSpacing); text-transform: var(--textTransform);\">The wood can be wheeled onto the board using little force, e.g. with a crowbar or log shears.<\/span><\/p>\n<p>A brisk start ensures the moving forward. The plastic plates in the traction device prevent the device from sticking to uneven terrain.<\/p>\n<p>The trees are easy to attach with the halter that comes with the device. In uneven terrain, it is recommended to use tarpaulins.<\/p>\n<p>The traction device does not require a lot of storage space and can be conveniently transported to the job site in a car.&nbsp;<\/p>\n<p><\/p>\t\t\t\t\t\t\t\t<\/div>\n\t\t\t\t<\/div>\n\t\t\t\t\t<\/div>\n\t\t<\/div>\n\t\t\t\t<div class=\"elementor-column elementor-col-50 elementor-top-column elementor-element elementor-element-626cac3\" data-id=\"626cac3\" data-element_type=\"column\" data-e-type=\"column\">\n\t\t\t<div class=\"elementor-widget-wrap elementor-element-populated\">\n\t\t\t\t\t\t<div class=\"elementor-element elementor-element-bb55f1d elementor-widget elementor-widget-image\" data-id=\"bb55f1d\" data-element_type=\"widget\" data-e-type=\"widget\" data-widget_type=\"image.default\">\n\t\t\t\t<div class=\"elementor-widget-container\">\n\t\t\t\t\t\t\t\t\t\t\t\t\t\t\t<img fetchpriority=\"high\" decoding=\"async\" width=\"1024\" height=\"768\" src=\"https:\/\/www.renovomet.fi\/web\/wp-content\/uploads\/2012\/11\/kuva3-Omat-tuulenk-pakattuna1-1024x768.jpg\" class=\"attachment-large size-large wp-image-302\" alt=\"\" srcset=\"https:\/\/www.renovomet.fi\/web\/wp-content\/uploads\/2012\/11\/kuva3-Omat-tuulenk-pakattuna1-1024x768.jpg 1024w, https:\/\/www.renovomet.fi\/web\/wp-content\/uploads\/2012\/11\/kuva3-Omat-tuulenk-pakattuna1-750x563.jpg 750w, https:\/\/www.renovomet.fi\/web\/wp-content\/uploads\/2012\/11\/kuva3-Omat-tuulenk-pakattuna1-600x450.jpg 600w, https:\/\/www.renovomet.fi\/web\/wp-content\/uploads\/2012\/11\/kuva3-Omat-tuulenk-pakattuna1-300x225.jpg 300w, https:\/\/www.renovomet.fi\/web\/wp-content\/uploads\/2012\/11\/kuva3-Omat-tuulenk-pakattuna1-290x217.jpg 290w, https:\/\/www.renovomet.fi\/web\/wp-content\/uploads\/2012\/11\/kuva3-Omat-tuulenk-pakattuna1-266x200.jpg 266w, https:\/\/www.renovomet.fi\/web\/wp-content\/uploads\/2012\/11\/kuva3-Omat-tuulenk-pakattuna1.jpg 2000w\" sizes=\"(max-width: 1024px) 100vw, 1024px\" \/>\t\t\t\t\t\t\t\t\t\t\t\t\t\t\t<\/div>\n\t\t\t\t<\/div>\n\t\t\t\t\t<\/div>\n\t\t<\/div>\n\t\t\t\t\t<\/div>\n\t\t<\/section>\n\t\t\t\t<section class=\"elementor-section elementor-top-section elementor-element elementor-element-76899b0 elementor-section-boxed elementor-section-height-default elementor-section-height-default\" data-id=\"76899b0\" data-element_type=\"section\" data-e-type=\"section\">\n\t\t\t\t\t\t<div class=\"elementor-container elementor-column-gap-default\">\n\t\t\t\t\t<div class=\"elementor-column elementor-col-100 elementor-top-column elementor-element elementor-element-2fd950b\" data-id=\"2fd950b\" data-element_type=\"column\" data-e-type=\"column\">\n\t\t\t<div class=\"elementor-widget-wrap elementor-element-populated\">\n\t\t\t\t\t\t<div class=\"elementor-element elementor-element-c76c784 elementor-widget elementor-widget-heading\" data-id=\"c76c784\" data-element_type=\"widget\" data-e-type=\"widget\" data-widget_type=\"heading.default\">\n\t\t\t\t<div class=\"elementor-widget-container\">\n\t\t\t\t\t<h2 class=\"elementor-heading-title elementor-size-default\">Specifications:<\/h2>\t\t\t\t<\/div>\n\t\t\t\t<\/div>\n\t\t\t\t\t<\/div>\n\t\t<\/div>\n\t\t\t\t\t<\/div>\n\t\t<\/section>\n\t\t\t\t<section class=\"elementor-section elementor-top-section elementor-element elementor-element-24244cd elementor-section-boxed elementor-section-height-default elementor-section-height-default\" data-id=\"24244cd\" data-element_type=\"section\" data-e-type=\"section\">\n\t\t\t\t\t\t<div class=\"elementor-container elementor-column-gap-default\">\n\t\t\t\t\t<div class=\"elementor-column elementor-col-100 elementor-top-column elementor-element elementor-element-d289ab2\" data-id=\"d289ab2\" data-element_type=\"column\" data-e-type=\"column\">\n\t\t\t<div class=\"elementor-widget-wrap elementor-element-populated\">\n\t\t\t\t\t\t<div class=\"elementor-element elementor-element-45e3166 elementor-widget elementor-widget-text-editor\" data-id=\"45e3166\" data-element_type=\"widget\" data-e-type=\"widget\" data-widget_type=\"text-editor.default\">\n\t\t\t\t<div class=\"elementor-widget-container\">\n\t\t\t\t\t\t\t\t\t<ul><li><strong>Width:<\/strong> 90 cm<\/li><li><strong>Length:<\/strong> 100 cm<\/li><li><strong>Height:<\/strong> 16 cm<\/li><li><strong>Weight:<\/strong> 28 kg\/30 kg<\/li><li><b>Surface finish:<\/b> Powder coating<\/li><li><strong>Warranty:<\/strong> 1 year<\/li><\/ul><h6>Price:<\/h6><p><strong style=\"font-size: inherit; text-align: inherit; font-family: var( --e-global-typography-4fe23a6-font-family ), Sans-serif; letter-spacing: var( --e-global-typography-4fe23a6-letter-spacing ); word-spacing: var( --e-global-typography-4fe23a6-word-spacing ); color: var(--theme-text-color); font-style: var(--fontStyle, inherit); text-transform: var(--textTransform);\"><em>650,00 \u20ac<\/em><\/strong><em style=\"font-family: var( --e-global-typography-4fe23a6-font-family ), Sans-serif; letter-spacing: var( --e-global-typography-4fe23a6-letter-spacing ); word-spacing: var( --e-global-typography-4fe23a6-word-spacing ); color: var(--theme-text-color); font-weight: var(--fontWeight); text-transform: var(--textTransform);\"> (517,93 \u20ac)<\/em><\/p><p>As an accessory:<\/p><p>ball switch <strong><em>65,00 \u20ac<\/em><\/strong><em> (51,79 \u20ac)<\/em><\/p><p class=\"translation-block\">Renovomet Oy reserves the right to price changes, and is not responsible for any errors in the price list.<\/p>\t\t\t\t\t\t\t\t<\/div>\n\t\t\t\t<\/div>\n\t\t\t\t\t<\/div>\n\t\t<\/div>\n\t\t\t\t\t<\/div>\n\t\t<\/section>\n\t\t\t\t<section class=\"elementor-section elementor-top-section elementor-element elementor-element-35f060f elementor-section-boxed elementor-section-height-default elementor-section-height-default\" data-id=\"35f060f\" data-element_type=\"section\" data-e-type=\"section\">\n\t\t\t\t\t\t<div class=\"elementor-container elementor-column-gap-default\">\n\t\t\t\t\t<div class=\"elementor-column elementor-col-100 elementor-top-column elementor-element elementor-element-516295b\" data-id=\"516295b\" data-element_type=\"column\" data-e-type=\"column\">\n\t\t\t<div class=\"elementor-widget-wrap elementor-element-populated\">\n\t\t\t\t\t\t<div class=\"elementor-element elementor-element-85df7f4 elementor-widget elementor-widget-text-editor\" data-id=\"85df7f4\" data-element_type=\"widget\" data-e-type=\"widget\" data-widget_type=\"text-editor.default\">\n\t\t\t\t<div class=\"elementor-widget-container\">\n\t\t\t\t\t\t\t\t\t<p><em>Sivua p\u00e4ivitetty 2.9.2024<\/em><\/p>\t\t\t\t\t\t\t\t<\/div>\n\t\t\t\t<\/div>\n\t\t\t\t\t<\/div>\n\t\t<\/div>\n\t\t\t\t\t<\/div>\n\t\t<\/section>\n\t\t\t\t<\/div>","protected":false},"excerpt":{"rendered":"<p>HT-tuote\u00ae PVL750 -puidenvetolaite Puidenvetolaitetta voidaan kutsua my\u00f6skin nimill\u00e4 juontopulkka tai juontolaite. Laite soveltuu tuulenkaatojen, sahapuiden, kuitupuiden ja polttopuurankojen juontoon tihe\u00e4st\u00e4 mets\u00e4st\u00e4. Vetokoneena voi olla moottorikelkka, m\u00f6nkij\u00e4 tai joku muu maastoajoneuvo. Puu saadaan py\u00f6r\u00e4ytetty\u00e4 kyytiin v\u00e4h\u00e4ist\u00e4 voimaa k\u00e4ytt\u00e4en, esim. kaatoraudalla tai tukkisaksilla. Reipas alkunyk\u00e4isy varmistaa liikkeellel\u00e4hd\u00f6n. Vetolaitteessa olevat muovilevyt est\u00e4v\u00e4t laitteen tarttumasta maaston ep\u00e4tasaisuuksiin. Puut on [&hellip;]<\/p>\n","protected":false},"author":9,"featured_media":0,"parent":4812,"menu_order":0,"comment_status":"closed","ping_status":"closed","template":"","meta":{"inline_featured_image":false,"footnotes":""},"class_list":["post-145","page","type-page","status-publish","hentry"],"blocksy_meta":[],"yoast_head":"<!-- This site is optimized with the Yoast SEO plugin v27.4 - https:\/\/yoast.com\/product\/yoast-seo-wordpress\/ -->\n<title>HT-tuote\u00ae PVL750 - puunvetolaite<\/title>\n<meta name=\"description\" content=\"Puidenvetolaite soveltuu tuulenkaatojen, sahapuiden, kuitupuiden ja polttopuurankojen juontoon. Parhaimmillaan tihe\u00e4ss\u00e4 mets\u00e4ss\u00e4.\" \/>\n<meta name=\"robots\" content=\"index, follow, max-snippet:-1, max-image-preview:large, max-video-preview:-1\" \/>\n<link rel=\"canonical\" href=\"https:\/\/www.renovomet.fi\/en\/tuotteet\/puunveto\/\" \/>\n<meta property=\"og:locale\" content=\"en_US\" \/>\n<meta property=\"og:type\" content=\"article\" \/>\n<meta property=\"og:title\" content=\"HT-tuote\u00ae PVL750 - puunvetolaite\" \/>\n<meta property=\"og:description\" content=\"Puidenvetolaite soveltuu tuulenkaatojen, sahapuiden, kuitupuiden ja polttopuurankojen juontoon. Parhaimmillaan tihe\u00e4ss\u00e4 mets\u00e4ss\u00e4.\" \/>\n<meta property=\"og:url\" content=\"https:\/\/www.renovomet.fi\/en\/tuotteet\/puunveto\/\" \/>\n<meta property=\"og:site_name\" content=\"Reittilanat - Latuh\u00f6yl\u00e4t - Renovomet Oy\" \/>\n<meta property=\"article:modified_time\" content=\"2025-11-26T12:32:58+00:00\" \/>\n<meta property=\"og:image\" content=\"https:\/\/www.renovomet.fi\/web\/wp-content\/uploads\/2012\/11\/kuva3-Omat-tuulenk-pakattuna1.jpg\" \/>\n\t<meta property=\"og:image:width\" content=\"2000\" \/>\n\t<meta property=\"og:image:height\" content=\"1500\" \/>\n\t<meta property=\"og:image:type\" content=\"image\/jpeg\" \/>\n<meta name=\"twitter:card\" content=\"summary_large_image\" \/>\n<meta name=\"twitter:label1\" content=\"Est. reading time\" \/>\n\t<meta name=\"twitter:data1\" content=\"1 minute\" \/>\n<script type=\"application\/ld+json\" class=\"yoast-schema-graph\">{\"@context\":\"https:\\\/\\\/schema.org\",\"@graph\":[{\"@type\":\"WebPage\",\"@id\":\"https:\\\/\\\/www.renovomet.fi\\\/tuotteet\\\/puunveto\\\/\",\"url\":\"https:\\\/\\\/www.renovomet.fi\\\/tuotteet\\\/puunveto\\\/\",\"name\":\"HT-tuote\u00ae PVL750 - puunvetolaite\",\"isPartOf\":{\"@id\":\"https:\\\/\\\/www.renovomet.fi\\\/#website\"},\"primaryImageOfPage\":{\"@id\":\"https:\\\/\\\/www.renovomet.fi\\\/tuotteet\\\/puunveto\\\/#primaryimage\"},\"image\":{\"@id\":\"https:\\\/\\\/www.renovomet.fi\\\/tuotteet\\\/puunveto\\\/#primaryimage\"},\"thumbnailUrl\":\"https:\\\/\\\/www.renovomet.fi\\\/web\\\/wp-content\\\/uploads\\\/2012\\\/11\\\/kuva3-Omat-tuulenk-pakattuna1-1024x768.jpg\",\"datePublished\":\"2012-11-08T20:18:17+00:00\",\"dateModified\":\"2025-11-26T12:32:58+00:00\",\"description\":\"Puidenvetolaite soveltuu tuulenkaatojen, sahapuiden, kuitupuiden ja polttopuurankojen juontoon. Parhaimmillaan tihe\u00e4ss\u00e4 mets\u00e4ss\u00e4.\",\"breadcrumb\":{\"@id\":\"https:\\\/\\\/www.renovomet.fi\\\/tuotteet\\\/puunveto\\\/#breadcrumb\"},\"inLanguage\":\"en-US\",\"potentialAction\":[{\"@type\":\"ReadAction\",\"target\":[\"https:\\\/\\\/www.renovomet.fi\\\/tuotteet\\\/puunveto\\\/\"]}]},{\"@type\":\"ImageObject\",\"inLanguage\":\"en-US\",\"@id\":\"https:\\\/\\\/www.renovomet.fi\\\/tuotteet\\\/puunveto\\\/#primaryimage\",\"url\":\"https:\\\/\\\/www.renovomet.fi\\\/web\\\/wp-content\\\/uploads\\\/2012\\\/11\\\/kuva3-Omat-tuulenk-pakattuna1-1024x768.jpg\",\"contentUrl\":\"https:\\\/\\\/www.renovomet.fi\\\/web\\\/wp-content\\\/uploads\\\/2012\\\/11\\\/kuva3-Omat-tuulenk-pakattuna1-1024x768.jpg\"},{\"@type\":\"BreadcrumbList\",\"@id\":\"https:\\\/\\\/www.renovomet.fi\\\/tuotteet\\\/puunveto\\\/#breadcrumb\",\"itemListElement\":[{\"@type\":\"ListItem\",\"position\":1,\"name\":\"Home\",\"item\":\"https:\\\/\\\/www.renovomet.fi\\\/\"},{\"@type\":\"ListItem\",\"position\":2,\"name\":\"Tuotteet\",\"item\":\"https:\\\/\\\/www.renovomet.fi\\\/tuotteet\\\/\"},{\"@type\":\"ListItem\",\"position\":3,\"name\":\"HT-tuote\u00ae PVL750\"}]},{\"@type\":\"WebSite\",\"@id\":\"https:\\\/\\\/www.renovomet.fi\\\/#website\",\"url\":\"https:\\\/\\\/www.renovomet.fi\\\/\",\"name\":\"Reittilanat - Latuh\u00f6yl\u00e4t - Renovomet Oy\",\"description\":\"Laadukkaat ja kotimaiset ATV-lis\u00e4laitteet\",\"publisher\":{\"@id\":\"https:\\\/\\\/www.renovomet.fi\\\/#organization\"},\"potentialAction\":[{\"@type\":\"SearchAction\",\"target\":{\"@type\":\"EntryPoint\",\"urlTemplate\":\"https:\\\/\\\/www.renovomet.fi\\\/?s={search_term_string}\"},\"query-input\":{\"@type\":\"PropertyValueSpecification\",\"valueRequired\":true,\"valueName\":\"search_term_string\"}}],\"inLanguage\":\"en-US\"},{\"@type\":\"Organization\",\"@id\":\"https:\\\/\\\/www.renovomet.fi\\\/#organization\",\"name\":\"Renovomet Oy\",\"alternateName\":\"Renovomet\",\"url\":\"https:\\\/\\\/www.renovomet.fi\\\/\",\"logo\":{\"@type\":\"ImageObject\",\"inLanguage\":\"en-US\",\"@id\":\"https:\\\/\\\/www.renovomet.fi\\\/#\\\/schema\\\/logo\\\/image\\\/\",\"url\":\"https:\\\/\\\/www.renovomet.fi\\\/web\\\/wp-content\\\/uploads\\\/2023\\\/03\\\/Renovomet-Oy_NEW_V6-1.png\",\"contentUrl\":\"https:\\\/\\\/www.renovomet.fi\\\/web\\\/wp-content\\\/uploads\\\/2023\\\/03\\\/Renovomet-Oy_NEW_V6-1.png\",\"width\":624,\"height\":106,\"caption\":\"Renovomet Oy\"},\"image\":{\"@id\":\"https:\\\/\\\/www.renovomet.fi\\\/#\\\/schema\\\/logo\\\/image\\\/\"},\"sameAs\":[\"https:\\\/\\\/www.instagram.com\\\/renovomet\\\/\"]}]}<\/script>\n<!-- \/ Yoast SEO plugin. -->","yoast_head_json":{"title":"HT-tuote\u00ae PVL750 - puunvetolaite","description":"Puidenvetolaite soveltuu tuulenkaatojen, sahapuiden, kuitupuiden ja polttopuurankojen juontoon. Parhaimmillaan tihe\u00e4ss\u00e4 mets\u00e4ss\u00e4.","robots":{"index":"index","follow":"follow","max-snippet":"max-snippet:-1","max-image-preview":"max-image-preview:large","max-video-preview":"max-video-preview:-1"},"canonical":"https:\/\/www.renovomet.fi\/en\/tuotteet\/puunveto\/","og_locale":"en_US","og_type":"article","og_title":"HT-tuote\u00ae PVL750 - puunvetolaite","og_description":"Puidenvetolaite soveltuu tuulenkaatojen, sahapuiden, kuitupuiden ja polttopuurankojen juontoon. Parhaimmillaan tihe\u00e4ss\u00e4 mets\u00e4ss\u00e4.","og_url":"https:\/\/www.renovomet.fi\/en\/tuotteet\/puunveto\/","og_site_name":"Reittilanat - Latuh\u00f6yl\u00e4t - Renovomet Oy","article_modified_time":"2025-11-26T12:32:58+00:00","og_image":[{"width":2000,"height":1500,"url":"https:\/\/www.renovomet.fi\/web\/wp-content\/uploads\/2012\/11\/kuva3-Omat-tuulenk-pakattuna1.jpg","type":"image\/jpeg"}],"twitter_card":"summary_large_image","twitter_misc":{"Est. reading time":"1 minute"},"schema":{"@context":"https:\/\/schema.org","@graph":[{"@type":"WebPage","@id":"https:\/\/www.renovomet.fi\/tuotteet\/puunveto\/","url":"https:\/\/www.renovomet.fi\/tuotteet\/puunveto\/","name":"HT-tuote\u00ae PVL750 - puunvetolaite","isPartOf":{"@id":"https:\/\/www.renovomet.fi\/#website"},"primaryImageOfPage":{"@id":"https:\/\/www.renovomet.fi\/tuotteet\/puunveto\/#primaryimage"},"image":{"@id":"https:\/\/www.renovomet.fi\/tuotteet\/puunveto\/#primaryimage"},"thumbnailUrl":"https:\/\/www.renovomet.fi\/web\/wp-content\/uploads\/2012\/11\/kuva3-Omat-tuulenk-pakattuna1-1024x768.jpg","datePublished":"2012-11-08T20:18:17+00:00","dateModified":"2025-11-26T12:32:58+00:00","description":"Puidenvetolaite soveltuu tuulenkaatojen, sahapuiden, kuitupuiden ja polttopuurankojen juontoon. Parhaimmillaan tihe\u00e4ss\u00e4 mets\u00e4ss\u00e4.","breadcrumb":{"@id":"https:\/\/www.renovomet.fi\/tuotteet\/puunveto\/#breadcrumb"},"inLanguage":"en-US","potentialAction":[{"@type":"ReadAction","target":["https:\/\/www.renovomet.fi\/tuotteet\/puunveto\/"]}]},{"@type":"ImageObject","inLanguage":"en-US","@id":"https:\/\/www.renovomet.fi\/tuotteet\/puunveto\/#primaryimage","url":"https:\/\/www.renovomet.fi\/web\/wp-content\/uploads\/2012\/11\/kuva3-Omat-tuulenk-pakattuna1-1024x768.jpg","contentUrl":"https:\/\/www.renovomet.fi\/web\/wp-content\/uploads\/2012\/11\/kuva3-Omat-tuulenk-pakattuna1-1024x768.jpg"},{"@type":"BreadcrumbList","@id":"https:\/\/www.renovomet.fi\/tuotteet\/puunveto\/#breadcrumb","itemListElement":[{"@type":"ListItem","position":1,"name":"Home","item":"https:\/\/www.renovomet.fi\/"},{"@type":"ListItem","position":2,"name":"Tuotteet","item":"https:\/\/www.renovomet.fi\/tuotteet\/"},{"@type":"ListItem","position":3,"name":"HT-tuote\u00ae PVL750"}]},{"@type":"WebSite","@id":"https:\/\/www.renovomet.fi\/#website","url":"https:\/\/www.renovomet.fi\/","name":"Reittilanat - Latuh\u00f6yl\u00e4t - Renovomet Oy","description":"Laadukkaat ja kotimaiset ATV-lis\u00e4laitteet","publisher":{"@id":"https:\/\/www.renovomet.fi\/#organization"},"potentialAction":[{"@type":"SearchAction","target":{"@type":"EntryPoint","urlTemplate":"https:\/\/www.renovomet.fi\/?s={search_term_string}"},"query-input":{"@type":"PropertyValueSpecification","valueRequired":true,"valueName":"search_term_string"}}],"inLanguage":"en-US"},{"@type":"Organization","@id":"https:\/\/www.renovomet.fi\/#organization","name":"Renovomet Oy","alternateName":"Renovomet","url":"https:\/\/www.renovomet.fi\/","logo":{"@type":"ImageObject","inLanguage":"en-US","@id":"https:\/\/www.renovomet.fi\/#\/schema\/logo\/image\/","url":"https:\/\/www.renovomet.fi\/web\/wp-content\/uploads\/2023\/03\/Renovomet-Oy_NEW_V6-1.png","contentUrl":"https:\/\/www.renovomet.fi\/web\/wp-content\/uploads\/2023\/03\/Renovomet-Oy_NEW_V6-1.png","width":624,"height":106,"caption":"Renovomet Oy"},"image":{"@id":"https:\/\/www.renovomet.fi\/#\/schema\/logo\/image\/"},"sameAs":["https:\/\/www.instagram.com\/renovomet\/"]}]}},"_links":{"self":[{"href":"https:\/\/www.renovomet.fi\/en\/wp-json\/wp\/v2\/pages\/145","targetHints":{"allow":["GET"]}}],"collection":[{"href":"https:\/\/www.renovomet.fi\/en\/wp-json\/wp\/v2\/pages"}],"about":[{"href":"https:\/\/www.renovomet.fi\/en\/wp-json\/wp\/v2\/types\/page"}],"author":[{"embeddable":true,"href":"https:\/\/www.renovomet.fi\/en\/wp-json\/wp\/v2\/users\/9"}],"replies":[{"embeddable":true,"href":"https:\/\/www.renovomet.fi\/en\/wp-json\/wp\/v2\/comments?post=145"}],"version-history":[{"count":32,"href":"https:\/\/www.renovomet.fi\/en\/wp-json\/wp\/v2\/pages\/145\/revisions"}],"predecessor-version":[{"id":7957,"href":"https:\/\/www.renovomet.fi\/en\/wp-json\/wp\/v2\/pages\/145\/revisions\/7957"}],"up":[{"embeddable":true,"href":"https:\/\/www.renovomet.fi\/en\/wp-json\/wp\/v2\/pages\/4812"}],"wp:attachment":[{"href":"https:\/\/www.renovomet.fi\/en\/wp-json\/wp\/v2\/media?parent=145"}],"curies":[{"name":"wp","href":"https:\/\/api.w.org\/{rel}","templated":true}]}}