{"id":16,"date":"2012-11-04T14:56:21","date_gmt":"2012-11-04T12:56:21","guid":{"rendered":"https:\/\/www.renovomet.fi\/web\/?page_id=16"},"modified":"2026-03-30T10:31:37","modified_gmt":"2026-03-30T07:31:37","slug":"yhteystiedot","status":"publish","type":"page","link":"https:\/\/www.renovomet.fi\/en\/yhteystiedot\/","title":{"rendered":"INFORMATION"},"content":{"rendered":"<div data-elementor-type=\"wp-page\" data-elementor-id=\"16\" class=\"elementor elementor-16\">\n\t\t\t\t\t\t<section class=\"elementor-section elementor-top-section elementor-element elementor-element-e1af1c9 elementor-section-boxed elementor-section-height-default elementor-section-height-default\" data-id=\"e1af1c9\" data-element_type=\"section\" data-e-type=\"section\">\n\t\t\t\t\t\t<div class=\"elementor-container elementor-column-gap-default\">\n\t\t\t\t\t<div class=\"elementor-column elementor-col-100 elementor-top-column elementor-element elementor-element-7fa139aa\" data-id=\"7fa139aa\" data-element_type=\"column\" data-e-type=\"column\">\n\t\t\t<div class=\"elementor-widget-wrap elementor-element-populated\">\n\t\t\t\t\t\t<div class=\"elementor-element elementor-element-5206a9a4 elementor-widget elementor-widget-text-editor\" data-id=\"5206a9a4\" data-element_type=\"widget\" data-e-type=\"widget\" data-widget_type=\"text-editor.default\">\n\t\t\t\t<div class=\"elementor-widget-container\">\n\t\t\t\t\t\t\t\t\t<h2>INFORMATION<\/h2><p><strong>Renovomet Oy<\/strong><\/p><p>(y-tunnus: 2925254-3)<\/p><p><strong>Address:<\/strong><\/p><p>Susiraja 15<\/p><p>80230 JOENSUU<\/p><p><strong>Pick up\/delivery<\/strong><\/p><p><strong>address:<\/strong><\/p><p>Pilpantie 12<\/p><p>79910 KERMA<\/p><p><strong>Email<\/strong><\/p><p>toni.taskinen(at)renovomet.fi<\/p><p>info(at)renovomet.fi<\/p>\t\t\t\t\t\t\t\t<\/div>\n\t\t\t\t<\/div>\n\t\t\t\t\t<\/div>\n\t\t<\/div>\n\t\t\t\t\t<\/div>\n\t\t<\/section>\n\t\t\t\t<section class=\"elementor-section elementor-top-section elementor-element elementor-element-5fd925d elementor-section-boxed elementor-section-height-default elementor-section-height-default\" data-id=\"5fd925d\" data-element_type=\"section\" data-e-type=\"section\">\n\t\t\t\t\t\t<div class=\"elementor-container elementor-column-gap-default\">\n\t\t\t\t\t<div class=\"elementor-column elementor-col-100 elementor-top-column elementor-element elementor-element-58a0e1c\" data-id=\"58a0e1c\" data-element_type=\"column\" data-e-type=\"column\">\n\t\t\t<div class=\"elementor-widget-wrap elementor-element-populated\">\n\t\t\t\t\t\t<div class=\"elementor-element elementor-element-c267249 elementor-widget elementor-widget-text-editor\" data-id=\"c267249\" data-element_type=\"widget\" data-e-type=\"widget\" data-widget_type=\"text-editor.default\">\n\t\t\t\t<div class=\"elementor-widget-container\">\n\t\t\t\t\t\t\t\t\t<p><strong>Toni Taskinen<\/strong><br \/>entrepreneur<\/p><p><span style=\"font-family: inherit; font-size: inherit; font-style: inherit; font-variant-ligatures: inherit; font-variant-caps: inherit; font-weight: inherit;\">Myynti<\/span><\/p><p>puh. 040-550 0675<\/p>\t\t\t\t\t\t\t\t<\/div>\n\t\t\t\t<\/div>\n\t\t\t\t\t<\/div>\n\t\t<\/div>\n\t\t\t\t\t<\/div>\n\t\t<\/section>\n\t\t\t\t<section class=\"elementor-section elementor-top-section elementor-element elementor-element-2ee383a elementor-section-boxed elementor-section-height-default elementor-section-height-default\" data-id=\"2ee383a\" data-element_type=\"section\" data-e-type=\"section\">\n\t\t\t\t\t\t<div class=\"elementor-container elementor-column-gap-default\">\n\t\t\t\t\t<div class=\"elementor-column elementor-col-100 elementor-top-column elementor-element elementor-element-955c85e\" data-id=\"955c85e\" data-element_type=\"column\" data-e-type=\"column\">\n\t\t\t<div class=\"elementor-widget-wrap elementor-element-populated\">\n\t\t\t\t\t\t<div class=\"elementor-element elementor-element-2c62f68 elementor-widget elementor-widget-text-editor\" data-id=\"2c62f68\" data-element_type=\"widget\" data-e-type=\"widget\" data-widget_type=\"text-editor.default\">\n\t\t\t\t<div class=\"elementor-widget-container\">\n\t\t\t\t\t\t\t\t\t<p>The page was updated on 30 March 2026<\/p>\t\t\t\t\t\t\t\t<\/div>\n\t\t\t\t<\/div>\n\t\t\t\t\t<\/div>\n\t\t<\/div>\n\t\t\t\t\t<\/div>\n\t\t<\/section>\n\t\t\t\t<\/div>","protected":false},"excerpt":{"rendered":"<p>Yhteystiedot Renovomet Oy (y-tunnus: 2925254-3) Postiosoite: Susiraja 15 80230 JOENSUU Tavaran nouto-\/toimitusosoite: Pilpantie 12 79910 KERMA S\u00e4hk\u00f6postit: toni.taskinen(at)renovomet.fi info(at)renovomet.fi Toni TaskinenYritt\u00e4j\u00e4 Myynti puh. 040-550 0675 Sivua p\u00e4ivitetty 4.4.2023<\/p>","protected":false},"author":9,"featured_media":0,"parent":0,"menu_order":6,"comment_status":"closed","ping_status":"closed","template":"","meta":{"inline_featured_image":false,"footnotes":""},"class_list":["post-16","page","type-page","status-publish","hentry"],"blocksy_meta":[],"yoast_head":"<!-- This site is optimized with the Yoast SEO plugin v27.4 - https:\/\/yoast.com\/product\/yoast-seo-wordpress\/ -->\n<title>Yhteystiedot<\/title>\n<meta name=\"description\" content=\"Renovomet Oy yhteystiedot\" \/>\n<meta name=\"robots\" content=\"index, follow, max-snippet:-1, max-image-preview:large, max-video-preview:-1\" \/>\n<link rel=\"canonical\" href=\"https:\/\/www.renovomet.fi\/en\/yhteystiedot\/\" \/>\n<meta property=\"og:locale\" content=\"en_US\" \/>\n<meta property=\"og:type\" content=\"article\" \/>\n<meta property=\"og:title\" content=\"Yhteystiedot\" \/>\n<meta property=\"og:description\" content=\"Renovomet Oy yhteystiedot\" \/>\n<meta property=\"og:url\" content=\"https:\/\/www.renovomet.fi\/en\/yhteystiedot\/\" \/>\n<meta property=\"og:site_name\" content=\"Reittilanat - Latuh\u00f6yl\u00e4t - Renovomet Oy\" \/>\n<meta property=\"article:modified_time\" content=\"2026-03-30T07:31:37+00:00\" \/>\n<meta name=\"twitter:card\" content=\"summary_large_image\" \/>\n<meta name=\"twitter:label1\" content=\"Est. reading time\" \/>\n\t<meta name=\"twitter:data1\" content=\"1 minute\" \/>\n<script type=\"application\/ld+json\" class=\"yoast-schema-graph\">{\"@context\":\"https:\\\/\\\/schema.org\",\"@graph\":[{\"@type\":\"WebPage\",\"@id\":\"https:\\\/\\\/www.renovomet.fi\\\/yhteystiedot\\\/\",\"url\":\"https:\\\/\\\/www.renovomet.fi\\\/yhteystiedot\\\/\",\"name\":\"Yhteystiedot\",\"isPartOf\":{\"@id\":\"https:\\\/\\\/www.renovomet.fi\\\/#website\"},\"datePublished\":\"2012-11-04T12:56:21+00:00\",\"dateModified\":\"2026-03-30T07:31:37+00:00\",\"description\":\"Renovomet Oy yhteystiedot\",\"breadcrumb\":{\"@id\":\"https:\\\/\\\/www.renovomet.fi\\\/yhteystiedot\\\/#breadcrumb\"},\"inLanguage\":\"en-US\",\"potentialAction\":[{\"@type\":\"ReadAction\",\"target\":[\"https:\\\/\\\/www.renovomet.fi\\\/yhteystiedot\\\/\"]}]},{\"@type\":\"BreadcrumbList\",\"@id\":\"https:\\\/\\\/www.renovomet.fi\\\/yhteystiedot\\\/#breadcrumb\",\"itemListElement\":[{\"@type\":\"ListItem\",\"position\":1,\"name\":\"Home\",\"item\":\"https:\\\/\\\/www.renovomet.fi\\\/\"},{\"@type\":\"ListItem\",\"position\":2,\"name\":\"Yhteystiedot\"}]},{\"@type\":\"WebSite\",\"@id\":\"https:\\\/\\\/www.renovomet.fi\\\/#website\",\"url\":\"https:\\\/\\\/www.renovomet.fi\\\/\",\"name\":\"Reittilanat - Latuh\u00f6yl\u00e4t - Renovomet Oy\",\"description\":\"Laadukkaat ja kotimaiset ATV-lis\u00e4laitteet\",\"publisher\":{\"@id\":\"https:\\\/\\\/www.renovomet.fi\\\/#organization\"},\"potentialAction\":[{\"@type\":\"SearchAction\",\"target\":{\"@type\":\"EntryPoint\",\"urlTemplate\":\"https:\\\/\\\/www.renovomet.fi\\\/?s={search_term_string}\"},\"query-input\":{\"@type\":\"PropertyValueSpecification\",\"valueRequired\":true,\"valueName\":\"search_term_string\"}}],\"inLanguage\":\"en-US\"},{\"@type\":\"Organization\",\"@id\":\"https:\\\/\\\/www.renovomet.fi\\\/#organization\",\"name\":\"Renovomet Oy\",\"alternateName\":\"Renovomet\",\"url\":\"https:\\\/\\\/www.renovomet.fi\\\/\",\"logo\":{\"@type\":\"ImageObject\",\"inLanguage\":\"en-US\",\"@id\":\"https:\\\/\\\/www.renovomet.fi\\\/#\\\/schema\\\/logo\\\/image\\\/\",\"url\":\"https:\\\/\\\/www.renovomet.fi\\\/web\\\/wp-content\\\/uploads\\\/2023\\\/03\\\/Renovomet-Oy_NEW_V6-1.png\",\"contentUrl\":\"https:\\\/\\\/www.renovomet.fi\\\/web\\\/wp-content\\\/uploads\\\/2023\\\/03\\\/Renovomet-Oy_NEW_V6-1.png\",\"width\":624,\"height\":106,\"caption\":\"Renovomet Oy\"},\"image\":{\"@id\":\"https:\\\/\\\/www.renovomet.fi\\\/#\\\/schema\\\/logo\\\/image\\\/\"},\"sameAs\":[\"https:\\\/\\\/www.instagram.com\\\/renovomet\\\/\"]}]}<\/script>\n<!-- \/ Yoast SEO plugin. -->","yoast_head_json":{"title":"INFORMATION","description":"Renovomet Oy yhteystiedot","robots":{"index":"index","follow":"follow","max-snippet":"max-snippet:-1","max-image-preview":"max-image-preview:large","max-video-preview":"max-video-preview:-1"},"canonical":"https:\/\/www.renovomet.fi\/en\/yhteystiedot\/","og_locale":"en_US","og_type":"article","og_title":"Yhteystiedot","og_description":"Renovomet Oy yhteystiedot","og_url":"https:\/\/www.renovomet.fi\/en\/yhteystiedot\/","og_site_name":"Reittilanat - Latuh\u00f6yl\u00e4t - Renovomet Oy","article_modified_time":"2026-03-30T07:31:37+00:00","twitter_card":"summary_large_image","twitter_misc":{"Est. reading time":"1 minute"},"schema":{"@context":"https:\/\/schema.org","@graph":[{"@type":"WebPage","@id":"https:\/\/www.renovomet.fi\/yhteystiedot\/","url":"https:\/\/www.renovomet.fi\/yhteystiedot\/","name":"INFORMATION","isPartOf":{"@id":"https:\/\/www.renovomet.fi\/#website"},"datePublished":"2012-11-04T12:56:21+00:00","dateModified":"2026-03-30T07:31:37+00:00","description":"Renovomet Oy yhteystiedot","breadcrumb":{"@id":"https:\/\/www.renovomet.fi\/yhteystiedot\/#breadcrumb"},"inLanguage":"en-US","potentialAction":[{"@type":"ReadAction","target":["https:\/\/www.renovomet.fi\/yhteystiedot\/"]}]},{"@type":"BreadcrumbList","@id":"https:\/\/www.renovomet.fi\/yhteystiedot\/#breadcrumb","itemListElement":[{"@type":"ListItem","position":1,"name":"Home","item":"https:\/\/www.renovomet.fi\/"},{"@type":"ListItem","position":2,"name":"Yhteystiedot"}]},{"@type":"WebSite","@id":"https:\/\/www.renovomet.fi\/#website","url":"https:\/\/www.renovomet.fi\/","name":"Reittilanat - Latuh\u00f6yl\u00e4t - Renovomet Oy","description":"Laadukkaat ja kotimaiset ATV-lis\u00e4laitteet","publisher":{"@id":"https:\/\/www.renovomet.fi\/#organization"},"potentialAction":[{"@type":"SearchAction","target":{"@type":"EntryPoint","urlTemplate":"https:\/\/www.renovomet.fi\/?s={search_term_string}"},"query-input":{"@type":"PropertyValueSpecification","valueRequired":true,"valueName":"search_term_string"}}],"inLanguage":"en-US"},{"@type":"Organization","@id":"https:\/\/www.renovomet.fi\/#organization","name":"Renovomet Oy","alternateName":"Renovomet","url":"https:\/\/www.renovomet.fi\/","logo":{"@type":"ImageObject","inLanguage":"en-US","@id":"https:\/\/www.renovomet.fi\/#\/schema\/logo\/image\/","url":"https:\/\/www.renovomet.fi\/web\/wp-content\/uploads\/2023\/03\/Renovomet-Oy_NEW_V6-1.png","contentUrl":"https:\/\/www.renovomet.fi\/web\/wp-content\/uploads\/2023\/03\/Renovomet-Oy_NEW_V6-1.png","width":624,"height":106,"caption":"Renovomet Oy"},"image":{"@id":"https:\/\/www.renovomet.fi\/#\/schema\/logo\/image\/"},"sameAs":["https:\/\/www.instagram.com\/renovomet\/"]}]}},"_links":{"self":[{"href":"https:\/\/www.renovomet.fi\/en\/wp-json\/wp\/v2\/pages\/16","targetHints":{"allow":["GET"]}}],"collection":[{"href":"https:\/\/www.renovomet.fi\/en\/wp-json\/wp\/v2\/pages"}],"about":[{"href":"https:\/\/www.renovomet.fi\/en\/wp-json\/wp\/v2\/types\/page"}],"author":[{"embeddable":true,"href":"https:\/\/www.renovomet.fi\/en\/wp-json\/wp\/v2\/users\/9"}],"replies":[{"embeddable":true,"href":"https:\/\/www.renovomet.fi\/en\/wp-json\/wp\/v2\/comments?post=16"}],"version-history":[{"count":89,"href":"https:\/\/www.renovomet.fi\/en\/wp-json\/wp\/v2\/pages\/16\/revisions"}],"predecessor-version":[{"id":8064,"href":"https:\/\/www.renovomet.fi\/en\/wp-json\/wp\/v2\/pages\/16\/revisions\/8064"}],"wp:attachment":[{"href":"https:\/\/www.renovomet.fi\/en\/wp-json\/wp\/v2\/media?parent=16"}],"curies":[{"name":"wp","href":"https:\/\/api.w.org\/{rel}","templated":true}]}}