{"id":5476,"date":"2023-04-05T20:00:37","date_gmt":"2023-04-05T17:00:37","guid":{"rendered":"https:\/\/www.renovomet.fi\/?page_id=5476"},"modified":"2025-11-07T14:08:09","modified_gmt":"2025-11-07T12:08:09","slug":"reittilanat-ja-latuhoylat","status":"publish","type":"page","link":"https:\/\/www.renovomet.fi\/en\/reittilanat-ja-latuhoylat\/","title":{"rendered":"Track groomers"},"content":{"rendered":"<div data-elementor-type=\"wp-page\" data-elementor-id=\"5476\" class=\"elementor elementor-5476\">\n\t\t\t\t\t\t<section class=\"elementor-section elementor-top-section elementor-element elementor-element-6298320 elementor-section-boxed elementor-section-height-default elementor-section-height-default\" data-id=\"6298320\" data-element_type=\"section\" data-e-type=\"section\">\n\t\t\t\t\t\t<div class=\"elementor-container elementor-column-gap-default\">\n\t\t\t\t\t<div class=\"elementor-column elementor-col-100 elementor-top-column elementor-element elementor-element-15dea76\" data-id=\"15dea76\" data-element_type=\"column\" data-e-type=\"column\">\n\t\t\t<div class=\"elementor-widget-wrap elementor-element-populated\">\n\t\t\t\t\t\t<div class=\"elementor-element elementor-element-833523f elementor-widget elementor-widget-heading\" data-id=\"833523f\" data-element_type=\"widget\" data-e-type=\"widget\" data-widget_type=\"heading.default\">\n\t\t\t\t<div class=\"elementor-widget-container\">\n\t\t\t\t\t<h2 class=\"elementor-heading-title elementor-size-xl\">Track groomers<\/h2>\t\t\t\t<\/div>\n\t\t\t\t<\/div>\n\t\t\t\t\t<\/div>\n\t\t<\/div>\n\t\t\t\t\t<\/div>\n\t\t<\/section>\n\t\t\t\t<section class=\"elementor-section elementor-top-section elementor-element elementor-element-f02c0f3 elementor-section-boxed elementor-section-height-default elementor-section-height-default\" data-id=\"f02c0f3\" data-element_type=\"section\" data-e-type=\"section\">\n\t\t\t\t\t\t<div class=\"elementor-container elementor-column-gap-default\">\n\t\t\t\t\t<div class=\"elementor-column elementor-col-50 elementor-top-column elementor-element elementor-element-2d5bc53\" data-id=\"2d5bc53\" data-element_type=\"column\" data-e-type=\"column\">\n\t\t\t<div class=\"elementor-widget-wrap elementor-element-populated\">\n\t\t\t\t\t\t<div class=\"elementor-element elementor-element-ce0d62b elementor-widget elementor-widget-image\" data-id=\"ce0d62b\" data-element_type=\"widget\" data-e-type=\"widget\" data-widget_type=\"image.default\">\n\t\t\t\t<div class=\"elementor-widget-container\">\n\t\t\t\t\t\t\t\t\t\t\t\t\t\t\t\t<a href=\"https:\/\/www.renovomet.fi\/en\/tuotteet_ja_esitteet\/latuhoyla\/\">\n\t\t\t\t\t\t\t<img fetchpriority=\"high\" decoding=\"async\" width=\"400\" height=\"222\" src=\"https:\/\/www.renovomet.fi\/web\/wp-content\/uploads\/2023\/05\/20230515_161733-scaled-e1684255813401-400x222.jpg\" class=\"attachment-medium size-medium wp-image-6027\" alt=\"\" srcset=\"https:\/\/www.renovomet.fi\/web\/wp-content\/uploads\/2023\/05\/20230515_161733-scaled-e1684255813401-400x222.jpg 400w, https:\/\/www.renovomet.fi\/web\/wp-content\/uploads\/2023\/05\/20230515_161733-scaled-e1684255813401-750x416.jpg 750w, https:\/\/www.renovomet.fi\/web\/wp-content\/uploads\/2023\/05\/20230515_161733-scaled-e1684255813401-600x333.jpg 600w, https:\/\/www.renovomet.fi\/web\/wp-content\/uploads\/2023\/05\/20230515_161733-scaled-e1684255813401-1024x568.jpg 1024w, https:\/\/www.renovomet.fi\/web\/wp-content\/uploads\/2023\/05\/20230515_161733-scaled-e1684255813401-768x426.jpg 768w, https:\/\/www.renovomet.fi\/web\/wp-content\/uploads\/2023\/05\/20230515_161733-scaled-e1684255813401-1536x853.jpg 1536w, https:\/\/www.renovomet.fi\/web\/wp-content\/uploads\/2023\/05\/20230515_161733-scaled-e1684255813401-18x10.jpg 18w, https:\/\/www.renovomet.fi\/web\/wp-content\/uploads\/2023\/05\/20230515_161733-scaled-e1684255813401.jpg 1913w\" sizes=\"(max-width: 400px) 100vw, 400px\" \/>\t\t\t\t\t\t\t\t<\/a>\n\t\t\t\t\t\t\t\t\t\t\t\t\t\t\t<\/div>\n\t\t\t\t<\/div>\n\t\t\t\t<div class=\"elementor-element elementor-element-87fccc4 elementor-widget elementor-widget-text-editor\" data-id=\"87fccc4\" data-element_type=\"widget\" data-e-type=\"widget\" data-widget_type=\"text-editor.default\">\n\t\t\t\t<div class=\"elementor-widget-container\">\n\t\t\t\t\t\t\t\t\t<h5><strong>HT-tuote\u00ae LH50 -grader<\/strong><\/h5><p><strong>HT-tuote\u00ae LH50<\/strong> -grader is suitable for those of you who practice traditional skiing. The distance of the rails can be changed, so a suitably wide rail is available for smaller as well as bigger skiers<\/p>\t\t\t\t\t\t\t\t<\/div>\n\t\t\t\t<\/div>\n\t\t\t\t\t<\/div>\n\t\t<\/div>\n\t\t\t\t<div class=\"elementor-column elementor-col-50 elementor-top-column elementor-element elementor-element-b54dcb9\" data-id=\"b54dcb9\" data-element_type=\"column\" data-e-type=\"column\">\n\t\t\t<div class=\"elementor-widget-wrap elementor-element-populated\">\n\t\t\t\t\t\t<div class=\"elementor-element elementor-element-3a3ee69 elementor-widget elementor-widget-image\" data-id=\"3a3ee69\" data-element_type=\"widget\" data-e-type=\"widget\" data-widget_type=\"image.default\">\n\t\t\t\t<div class=\"elementor-widget-container\">\n\t\t\t\t\t\t\t\t\t\t\t\t\t\t\t\t<a href=\"https:\/\/www.renovomet.fi\/en\/tuotteet\/renovotrail-reittilana\/\">\n\t\t\t\t\t\t\t<img decoding=\"async\" src=\"https:\/\/www.renovomet.fi\/web\/wp-content\/uploads\/elementor\/thumbs\/20231214_151953-e1705751242484-scaled-rl9ed85dxv7d1vvm11unrzp0xfg8hv68sb9smb3kxk.jpg\" title=\"20231214_151953\" alt=\"20231214_151953\" loading=\"lazy\" \/>\t\t\t\t\t\t\t\t<\/a>\n\t\t\t\t\t\t\t\t\t\t\t\t\t\t\t<\/div>\n\t\t\t\t<\/div>\n\t\t\t\t<div class=\"elementor-element elementor-element-70cee10 elementor-widget elementor-widget-text-editor\" data-id=\"70cee10\" data-element_type=\"widget\" data-e-type=\"widget\" data-widget_type=\"text-editor.default\">\n\t\t\t\t<div class=\"elementor-widget-container\">\n\t\t\t\t\t\t\t\t\t<h5><strong>NEW! RenovoTrail\u2122 RL800\/1200 -route drag<\/strong><\/h5><p><strong>RenovoTrail\u2122 RL800\/1200<\/strong> - with the route drag, you can prepare snow walking routes, routes for ice skating or traditional skiing. The distance of the ski rails can be changed, so a suitable wide ski is available for both smaller and bigger skiers.<\/p>\t\t\t\t\t\t\t\t<\/div>\n\t\t\t\t<\/div>\n\t\t\t\t\t<\/div>\n\t\t<\/div>\n\t\t\t\t\t<\/div>\n\t\t<\/section>\n\t\t\t\t<section class=\"elementor-section elementor-top-section elementor-element elementor-element-8b1ca89 elementor-section-boxed elementor-section-height-default elementor-section-height-default\" data-id=\"8b1ca89\" data-element_type=\"section\" data-e-type=\"section\">\n\t\t\t\t\t\t<div class=\"elementor-container elementor-column-gap-default\">\n\t\t\t\t\t<div class=\"elementor-column elementor-col-50 elementor-top-column elementor-element elementor-element-100c3ec\" data-id=\"100c3ec\" data-element_type=\"column\" data-e-type=\"column\">\n\t\t\t<div class=\"elementor-widget-wrap elementor-element-populated\">\n\t\t\t\t\t\t<div class=\"elementor-element elementor-element-77e60ea elementor-widget elementor-widget-image\" data-id=\"77e60ea\" data-element_type=\"widget\" data-e-type=\"widget\" data-widget_type=\"image.default\">\n\t\t\t\t<div class=\"elementor-widget-container\">\n\t\t\t\t\t\t\t\t\t\t\t\t\t\t\t\t<a href=\"https:\/\/www.renovomet.fi\/en\/tuotteet_ja_esitteet\/ht-reittilana-kumiteralla\/\">\n\t\t\t\t\t\t\t<img decoding=\"async\" src=\"https:\/\/www.renovomet.fi\/web\/wp-content\/uploads\/elementor\/thumbs\/Isometric-recs1s0dw20ta7zfkvor8fewzwo0kh23tppnxj84hk.png\" title=\"Isometric\" alt=\"Isometric\" loading=\"lazy\" \/>\t\t\t\t\t\t\t\t<\/a>\n\t\t\t\t\t\t\t\t\t\t\t\t\t\t\t<\/div>\n\t\t\t\t<\/div>\n\t\t\t\t<div class=\"elementor-element elementor-element-1bc380f elementor-widget elementor-widget-text-editor\" data-id=\"1bc380f\" data-element_type=\"widget\" data-e-type=\"widget\" data-widget_type=\"text-editor.default\">\n\t\t\t\t<div class=\"elementor-widget-container\">\n\t\t\t\t\t\t\t\t\t<h5 class=\"p2\">NEW! RenovoTrail\u2122 RL1300 KTLH -route drag<\/h5>\n<p>Renewed RL1300 drag with quick-adjusting roughing blade and modern design!<b>&nbsp;<\/b>Lanaa k\u00e4velyreittej\u00e4, latua tai esimerkiksi baanaa&nbsp;<strong>trail-biking. <\/strong>Equipped with a rubber blade, thanks to which it can also be used in areas with little snow.<\/p>\t\t\t\t\t\t\t\t<\/div>\n\t\t\t\t<\/div>\n\t\t\t\t\t<\/div>\n\t\t<\/div>\n\t\t\t\t<div class=\"elementor-column elementor-col-50 elementor-top-column elementor-element elementor-element-abec06c\" data-id=\"abec06c\" data-element_type=\"column\" data-e-type=\"column\">\n\t\t\t<div class=\"elementor-widget-wrap elementor-element-populated\">\n\t\t\t\t\t\t<div class=\"elementor-element elementor-element-48e178e elementor-widget elementor-widget-image\" data-id=\"48e178e\" data-element_type=\"widget\" data-e-type=\"widget\" data-widget_type=\"image.default\">\n\t\t\t\t<div class=\"elementor-widget-container\">\n\t\t\t\t\t\t\t\t\t\t\t\t\t\t\t\t<a href=\"https:\/\/www.renovomet.fi\/en\/tuotteet_ja_esitteet\/pultek-reittilana\/\">\n\t\t\t\t\t\t\t<img decoding=\"async\" width=\"400\" height=\"300\" src=\"https:\/\/www.renovomet.fi\/web\/wp-content\/uploads\/2023\/05\/20230515_171933-400x300.jpg\" class=\"attachment-medium size-medium wp-image-6028\" alt=\"\" srcset=\"https:\/\/www.renovomet.fi\/web\/wp-content\/uploads\/2023\/05\/20230515_171933-400x300.jpg 400w, https:\/\/www.renovomet.fi\/web\/wp-content\/uploads\/2023\/05\/20230515_171933-scaled-750x563.jpg 750w, https:\/\/www.renovomet.fi\/web\/wp-content\/uploads\/2023\/05\/20230515_171933-scaled-600x450.jpg 600w, https:\/\/www.renovomet.fi\/web\/wp-content\/uploads\/2023\/05\/20230515_171933-1024x768.jpg 1024w, https:\/\/www.renovomet.fi\/web\/wp-content\/uploads\/2023\/05\/20230515_171933-768x576.jpg 768w, https:\/\/www.renovomet.fi\/web\/wp-content\/uploads\/2023\/05\/20230515_171933-1536x1152.jpg 1536w, https:\/\/www.renovomet.fi\/web\/wp-content\/uploads\/2023\/05\/20230515_171933-2048x1536.jpg 2048w, https:\/\/www.renovomet.fi\/web\/wp-content\/uploads\/2023\/05\/20230515_171933-16x12.jpg 16w\" sizes=\"(max-width: 400px) 100vw, 400px\" \/>\t\t\t\t\t\t\t\t<\/a>\n\t\t\t\t\t\t\t\t\t\t\t\t\t\t\t<\/div>\n\t\t\t\t<\/div>\n\t\t\t\t<div class=\"elementor-element elementor-element-b63ce8d elementor-widget elementor-widget-text-editor\" data-id=\"b63ce8d\" data-element_type=\"widget\" data-e-type=\"widget\" data-widget_type=\"text-editor.default\">\n\t\t\t\t<div class=\"elementor-widget-container\">\n\t\t\t\t\t\t\t\t\t<h5><strong>Pultek\u00ae<\/strong>\u00a0RL140\/KT\/LH\/KTLH -route drag<\/h5><p class=\"translation-block\">The Pultek\u00ae RL140 route drag is Renovomet Oy's solution for professional routing. The trail roller moves snow along the route, especially into the pits. oute drag has been produced for 20 years. Customers include e.g. forest administration, Border Guard, village associations and sledding clubs all over Finland.<\/p>\t\t\t\t\t\t\t\t<\/div>\n\t\t\t\t<\/div>\n\t\t\t\t\t<\/div>\n\t\t<\/div>\n\t\t\t\t\t<\/div>\n\t\t<\/section>\n\t\t\t\t<section class=\"elementor-section elementor-top-section elementor-element elementor-element-39f6a44 elementor-section-boxed elementor-section-height-default elementor-section-height-default\" data-id=\"39f6a44\" data-element_type=\"section\" data-e-type=\"section\">\n\t\t\t\t\t\t<div class=\"elementor-container elementor-column-gap-default\">\n\t\t\t\t\t<div class=\"elementor-column elementor-col-100 elementor-top-column elementor-element elementor-element-81abb54\" data-id=\"81abb54\" data-element_type=\"column\" data-e-type=\"column\">\n\t\t\t<div class=\"elementor-widget-wrap elementor-element-populated\">\n\t\t\t\t\t\t<div class=\"elementor-element elementor-element-1a07126 elementor-widget elementor-widget-image\" data-id=\"1a07126\" data-element_type=\"widget\" data-e-type=\"widget\" data-widget_type=\"image.default\">\n\t\t\t\t<div class=\"elementor-widget-container\">\n\t\t\t\t\t\t\t\t\t\t\t\t\t\t\t\t<a href=\"https:\/\/www.renovomet.fi\/en\/renovomet-renovotrail-reittilana\/\">\n\t\t\t\t\t\t\t<img decoding=\"async\" width=\"591\" height=\"443\" src=\"https:\/\/www.renovomet.fi\/web\/wp-content\/uploads\/2022\/10\/RenovoTrail900\u2122_001.jpg\" class=\"attachment-large size-large wp-image-4263\" alt=\"\" srcset=\"https:\/\/www.renovomet.fi\/web\/wp-content\/uploads\/2022\/10\/RenovoTrail900\u2122_001.jpg 591w, https:\/\/www.renovomet.fi\/web\/wp-content\/uploads\/2022\/10\/RenovoTrail900\u2122_001-100x75.jpg 100w, https:\/\/www.renovomet.fi\/web\/wp-content\/uploads\/2022\/10\/RenovoTrail900\u2122_001-400x300.jpg 400w, https:\/\/www.renovomet.fi\/web\/wp-content\/uploads\/2022\/10\/RenovoTrail900\u2122_001-290x217.jpg 290w, https:\/\/www.renovomet.fi\/web\/wp-content\/uploads\/2022\/10\/RenovoTrail900\u2122_001-267x200.jpg 267w\" sizes=\"(max-width: 591px) 100vw, 591px\" \/>\t\t\t\t\t\t\t\t<\/a>\n\t\t\t\t\t\t\t\t\t\t\t\t\t\t\t<\/div>\n\t\t\t\t<\/div>\n\t\t\t\t<div class=\"elementor-element elementor-element-e344487 elementor-widget elementor-widget-text-editor\" data-id=\"e344487\" data-element_type=\"widget\" data-e-type=\"widget\" data-widget_type=\"text-editor.default\">\n\t\t\t\t<div class=\"elementor-widget-container\">\n\t\t\t\t\t\t\t\t\t<h5><strong>RenovoTrail\u2122900 -plow<\/strong><\/h5><p>A new product developed in cooperation with entities managing winter outdoor routes, especially for creating, renovating and maintaining winter cycling routes.<\/p>\t\t\t\t\t\t\t\t<\/div>\n\t\t\t\t<\/div>\n\t\t\t\t\t<\/div>\n\t\t<\/div>\n\t\t\t\t\t<\/div>\n\t\t<\/section>\n\t\t\t\t<section class=\"elementor-section elementor-top-section elementor-element elementor-element-f3c0017 elementor-section-boxed elementor-section-height-default elementor-section-height-default\" data-id=\"f3c0017\" data-element_type=\"section\" data-e-type=\"section\">\n\t\t\t\t\t\t<div class=\"elementor-container elementor-column-gap-default\">\n\t\t\t\t\t<div class=\"elementor-column elementor-col-100 elementor-top-column elementor-element elementor-element-14ca5bc\" data-id=\"14ca5bc\" data-element_type=\"column\" data-e-type=\"column\">\n\t\t\t<div class=\"elementor-widget-wrap elementor-element-populated\">\n\t\t\t\t\t\t<div class=\"elementor-element elementor-element-7316f45 elementor-widget elementor-widget-text-editor\" data-id=\"7316f45\" data-element_type=\"widget\" data-e-type=\"widget\" data-widget_type=\"text-editor.default\">\n\t\t\t\t<div class=\"elementor-widget-container\">\n\t\t\t\t\t\t\t\t\t<p>The page was updated on January 20, 2024<\/p>\t\t\t\t\t\t\t\t<\/div>\n\t\t\t\t<\/div>\n\t\t\t\t\t<\/div>\n\t\t<\/div>\n\t\t\t\t\t<\/div>\n\t\t<\/section>\n\t\t\t\t<\/div>","protected":false},"excerpt":{"rendered":"<p>Reittilanat ja latuh\u00f6yl\u00e4t HT-tuote\u00ae LH50 -latuh\u00f6yl\u00e4 HT-tuote\u00ae LH50 -latuh\u00f6yl\u00e4 sopii sinulle joka harrastat perinteist\u00e4 hiihtoa. Latulestien et\u00e4isyytt\u00e4 voidaan muuttaa joten sopivan levyinen latu saadaan pienemmille kuin my\u00f6s isoimmille hiiht\u00e4jille RenovoTrail&#x2122; RL800\/1200 -reittilana RenovoTrail&#x2122; RL800\/1200 -reittilanalla voit valmistaa lumelle k\u00e4velyreittej\u00e4, reittej\u00e4 luisteluhiihdolle tai perinteiselle hiihdolle. Latulestien et\u00e4isyytt\u00e4 voidaan muuttaa joten sopivan levyinen latu saadaan niin pienemmille [&hellip;]<\/p>\n","protected":false},"author":9,"featured_media":0,"parent":0,"menu_order":0,"comment_status":"closed","ping_status":"closed","template":"","meta":{"inline_featured_image":false,"footnotes":""},"class_list":["post-5476","page","type-page","status-publish","hentry"],"blocksy_meta":[],"yoast_head":"<!-- This site is optimized with the Yoast SEO plugin v27.4 - https:\/\/yoast.com\/product\/yoast-seo-wordpress\/ -->\n<title>Reittilanat ja latuh\u00f6yl\u00e4t - Reittilanat - Latuh\u00f6yl\u00e4t - Renovomet Oy<\/title>\n<meta name=\"robots\" content=\"index, follow, max-snippet:-1, max-image-preview:large, max-video-preview:-1\" \/>\n<link rel=\"canonical\" href=\"https:\/\/www.renovomet.fi\/en\/reittilanat-ja-latuhoylat\/\" \/>\n<meta property=\"og:locale\" content=\"en_US\" \/>\n<meta property=\"og:type\" content=\"article\" \/>\n<meta property=\"og:title\" content=\"Reittilanat ja latuh\u00f6yl\u00e4t - Reittilanat - Latuh\u00f6yl\u00e4t - Renovomet Oy\" \/>\n<meta property=\"og:description\" content=\"Reittilanat ja latuh\u00f6yl\u00e4t HT-tuote\u00ae LH50 -latuh\u00f6yl\u00e4 HT-tuote\u00ae LH50 -latuh\u00f6yl\u00e4 sopii sinulle joka harrastat perinteist\u00e4 hiihtoa. Latulestien et\u00e4isyytt\u00e4 voidaan muuttaa joten sopivan levyinen latu saadaan pienemmille kuin my\u00f6s isoimmille hiiht\u00e4jille RenovoTrail&#x2122; RL800\/1200 -reittilana RenovoTrail&#x2122; RL800\/1200 -reittilanalla voit valmistaa lumelle k\u00e4velyreittej\u00e4, reittej\u00e4 luisteluhiihdolle tai perinteiselle hiihdolle. Latulestien et\u00e4isyytt\u00e4 voidaan muuttaa joten sopivan levyinen latu saadaan niin pienemmille [&hellip;]\" \/>\n<meta property=\"og:url\" content=\"https:\/\/www.renovomet.fi\/en\/reittilanat-ja-latuhoylat\/\" \/>\n<meta property=\"og:site_name\" content=\"Reittilanat - Latuh\u00f6yl\u00e4t - Renovomet Oy\" \/>\n<meta property=\"article:modified_time\" content=\"2025-11-07T12:08:09+00:00\" \/>\n<meta property=\"og:image\" content=\"https:\/\/www.renovomet.fi\/web\/wp-content\/uploads\/2023\/05\/20230515_161733-scaled-e1684255813401.jpg\" \/>\n\t<meta property=\"og:image:width\" content=\"1913\" \/>\n\t<meta property=\"og:image:height\" content=\"1062\" \/>\n\t<meta property=\"og:image:type\" content=\"image\/jpeg\" \/>\n<meta name=\"twitter:card\" content=\"summary_large_image\" \/>\n<meta name=\"twitter:label1\" content=\"Est. reading time\" \/>\n\t<meta name=\"twitter:data1\" content=\"2 minutes\" \/>\n<script type=\"application\/ld+json\" class=\"yoast-schema-graph\">{\"@context\":\"https:\\\/\\\/schema.org\",\"@graph\":[{\"@type\":\"WebPage\",\"@id\":\"https:\\\/\\\/www.renovomet.fi\\\/reittilanat-ja-latuhoylat\\\/\",\"url\":\"https:\\\/\\\/www.renovomet.fi\\\/reittilanat-ja-latuhoylat\\\/\",\"name\":\"Reittilanat ja latuh\u00f6yl\u00e4t - Reittilanat - Latuh\u00f6yl\u00e4t - Renovomet Oy\",\"isPartOf\":{\"@id\":\"https:\\\/\\\/www.renovomet.fi\\\/#website\"},\"primaryImageOfPage\":{\"@id\":\"https:\\\/\\\/www.renovomet.fi\\\/reittilanat-ja-latuhoylat\\\/#primaryimage\"},\"image\":{\"@id\":\"https:\\\/\\\/www.renovomet.fi\\\/reittilanat-ja-latuhoylat\\\/#primaryimage\"},\"thumbnailUrl\":\"https:\\\/\\\/www.renovomet.fi\\\/web\\\/wp-content\\\/uploads\\\/2023\\\/05\\\/20230515_161733-scaled-e1684255813401-400x222.jpg\",\"datePublished\":\"2023-04-05T17:00:37+00:00\",\"dateModified\":\"2025-11-07T12:08:09+00:00\",\"breadcrumb\":{\"@id\":\"https:\\\/\\\/www.renovomet.fi\\\/reittilanat-ja-latuhoylat\\\/#breadcrumb\"},\"inLanguage\":\"en-US\",\"potentialAction\":[{\"@type\":\"ReadAction\",\"target\":[\"https:\\\/\\\/www.renovomet.fi\\\/reittilanat-ja-latuhoylat\\\/\"]}]},{\"@type\":\"ImageObject\",\"inLanguage\":\"en-US\",\"@id\":\"https:\\\/\\\/www.renovomet.fi\\\/reittilanat-ja-latuhoylat\\\/#primaryimage\",\"url\":\"https:\\\/\\\/www.renovomet.fi\\\/web\\\/wp-content\\\/uploads\\\/2023\\\/05\\\/20230515_161733-scaled-e1684255813401-400x222.jpg\",\"contentUrl\":\"https:\\\/\\\/www.renovomet.fi\\\/web\\\/wp-content\\\/uploads\\\/2023\\\/05\\\/20230515_161733-scaled-e1684255813401-400x222.jpg\"},{\"@type\":\"BreadcrumbList\",\"@id\":\"https:\\\/\\\/www.renovomet.fi\\\/reittilanat-ja-latuhoylat\\\/#breadcrumb\",\"itemListElement\":[{\"@type\":\"ListItem\",\"position\":1,\"name\":\"Home\",\"item\":\"https:\\\/\\\/www.renovomet.fi\\\/\"},{\"@type\":\"ListItem\",\"position\":2,\"name\":\"Reittilanat ja latuh\u00f6yl\u00e4t\"}]},{\"@type\":\"WebSite\",\"@id\":\"https:\\\/\\\/www.renovomet.fi\\\/#website\",\"url\":\"https:\\\/\\\/www.renovomet.fi\\\/\",\"name\":\"Reittilanat - Latuh\u00f6yl\u00e4t - Renovomet Oy\",\"description\":\"Laadukkaat ja kotimaiset ATV-lis\u00e4laitteet\",\"publisher\":{\"@id\":\"https:\\\/\\\/www.renovomet.fi\\\/#organization\"},\"potentialAction\":[{\"@type\":\"SearchAction\",\"target\":{\"@type\":\"EntryPoint\",\"urlTemplate\":\"https:\\\/\\\/www.renovomet.fi\\\/?s={search_term_string}\"},\"query-input\":{\"@type\":\"PropertyValueSpecification\",\"valueRequired\":true,\"valueName\":\"search_term_string\"}}],\"inLanguage\":\"en-US\"},{\"@type\":\"Organization\",\"@id\":\"https:\\\/\\\/www.renovomet.fi\\\/#organization\",\"name\":\"Renovomet Oy\",\"alternateName\":\"Renovomet\",\"url\":\"https:\\\/\\\/www.renovomet.fi\\\/\",\"logo\":{\"@type\":\"ImageObject\",\"inLanguage\":\"en-US\",\"@id\":\"https:\\\/\\\/www.renovomet.fi\\\/#\\\/schema\\\/logo\\\/image\\\/\",\"url\":\"https:\\\/\\\/www.renovomet.fi\\\/web\\\/wp-content\\\/uploads\\\/2023\\\/03\\\/Renovomet-Oy_NEW_V6-1.png\",\"contentUrl\":\"https:\\\/\\\/www.renovomet.fi\\\/web\\\/wp-content\\\/uploads\\\/2023\\\/03\\\/Renovomet-Oy_NEW_V6-1.png\",\"width\":624,\"height\":106,\"caption\":\"Renovomet Oy\"},\"image\":{\"@id\":\"https:\\\/\\\/www.renovomet.fi\\\/#\\\/schema\\\/logo\\\/image\\\/\"},\"sameAs\":[\"https:\\\/\\\/www.instagram.com\\\/renovomet\\\/\"]}]}<\/script>\n<!-- \/ Yoast SEO plugin. -->","yoast_head_json":{"title":"Reittilanat ja latuh\u00f6yl\u00e4t - Reittilanat - Latuh\u00f6yl\u00e4t - Renovomet Oy","robots":{"index":"index","follow":"follow","max-snippet":"max-snippet:-1","max-image-preview":"max-image-preview:large","max-video-preview":"max-video-preview:-1"},"canonical":"https:\/\/www.renovomet.fi\/en\/reittilanat-ja-latuhoylat\/","og_locale":"en_US","og_type":"article","og_title":"Reittilanat ja latuh\u00f6yl\u00e4t - Reittilanat - Latuh\u00f6yl\u00e4t - Renovomet Oy","og_description":"Reittilanat ja latuh\u00f6yl\u00e4t HT-tuote\u00ae LH50 -latuh\u00f6yl\u00e4 HT-tuote\u00ae LH50 -latuh\u00f6yl\u00e4 sopii sinulle joka harrastat perinteist\u00e4 hiihtoa. Latulestien et\u00e4isyytt\u00e4 voidaan muuttaa joten sopivan levyinen latu saadaan pienemmille kuin my\u00f6s isoimmille hiiht\u00e4jille RenovoTrail&#x2122; RL800\/1200 -reittilana RenovoTrail&#x2122; RL800\/1200 -reittilanalla voit valmistaa lumelle k\u00e4velyreittej\u00e4, reittej\u00e4 luisteluhiihdolle tai perinteiselle hiihdolle. Latulestien et\u00e4isyytt\u00e4 voidaan muuttaa joten sopivan levyinen latu saadaan niin pienemmille [&hellip;]","og_url":"https:\/\/www.renovomet.fi\/en\/reittilanat-ja-latuhoylat\/","og_site_name":"Reittilanat - Latuh\u00f6yl\u00e4t - Renovomet Oy","article_modified_time":"2025-11-07T12:08:09+00:00","og_image":[{"width":1913,"height":1062,"url":"https:\/\/www.renovomet.fi\/web\/wp-content\/uploads\/2023\/05\/20230515_161733-scaled-e1684255813401.jpg","type":"image\/jpeg"}],"twitter_card":"summary_large_image","twitter_misc":{"Est. reading time":"2 minutes"},"schema":{"@context":"https:\/\/schema.org","@graph":[{"@type":"WebPage","@id":"https:\/\/www.renovomet.fi\/reittilanat-ja-latuhoylat\/","url":"https:\/\/www.renovomet.fi\/reittilanat-ja-latuhoylat\/","name":"Reittilanat ja latuh\u00f6yl\u00e4t - Reittilanat - Latuh\u00f6yl\u00e4t - Renovomet Oy","isPartOf":{"@id":"https:\/\/www.renovomet.fi\/#website"},"primaryImageOfPage":{"@id":"https:\/\/www.renovomet.fi\/reittilanat-ja-latuhoylat\/#primaryimage"},"image":{"@id":"https:\/\/www.renovomet.fi\/reittilanat-ja-latuhoylat\/#primaryimage"},"thumbnailUrl":"https:\/\/www.renovomet.fi\/web\/wp-content\/uploads\/2023\/05\/20230515_161733-scaled-e1684255813401-400x222.jpg","datePublished":"2023-04-05T17:00:37+00:00","dateModified":"2025-11-07T12:08:09+00:00","breadcrumb":{"@id":"https:\/\/www.renovomet.fi\/reittilanat-ja-latuhoylat\/#breadcrumb"},"inLanguage":"en-US","potentialAction":[{"@type":"ReadAction","target":["https:\/\/www.renovomet.fi\/reittilanat-ja-latuhoylat\/"]}]},{"@type":"ImageObject","inLanguage":"en-US","@id":"https:\/\/www.renovomet.fi\/reittilanat-ja-latuhoylat\/#primaryimage","url":"https:\/\/www.renovomet.fi\/web\/wp-content\/uploads\/2023\/05\/20230515_161733-scaled-e1684255813401-400x222.jpg","contentUrl":"https:\/\/www.renovomet.fi\/web\/wp-content\/uploads\/2023\/05\/20230515_161733-scaled-e1684255813401-400x222.jpg"},{"@type":"BreadcrumbList","@id":"https:\/\/www.renovomet.fi\/reittilanat-ja-latuhoylat\/#breadcrumb","itemListElement":[{"@type":"ListItem","position":1,"name":"Home","item":"https:\/\/www.renovomet.fi\/"},{"@type":"ListItem","position":2,"name":"Reittilanat ja latuh\u00f6yl\u00e4t"}]},{"@type":"WebSite","@id":"https:\/\/www.renovomet.fi\/#website","url":"https:\/\/www.renovomet.fi\/","name":"Reittilanat - Latuh\u00f6yl\u00e4t - Renovomet Oy","description":"Laadukkaat ja kotimaiset ATV-lis\u00e4laitteet","publisher":{"@id":"https:\/\/www.renovomet.fi\/#organization"},"potentialAction":[{"@type":"SearchAction","target":{"@type":"EntryPoint","urlTemplate":"https:\/\/www.renovomet.fi\/?s={search_term_string}"},"query-input":{"@type":"PropertyValueSpecification","valueRequired":true,"valueName":"search_term_string"}}],"inLanguage":"en-US"},{"@type":"Organization","@id":"https:\/\/www.renovomet.fi\/#organization","name":"Renovomet Oy","alternateName":"Renovomet","url":"https:\/\/www.renovomet.fi\/","logo":{"@type":"ImageObject","inLanguage":"en-US","@id":"https:\/\/www.renovomet.fi\/#\/schema\/logo\/image\/","url":"https:\/\/www.renovomet.fi\/web\/wp-content\/uploads\/2023\/03\/Renovomet-Oy_NEW_V6-1.png","contentUrl":"https:\/\/www.renovomet.fi\/web\/wp-content\/uploads\/2023\/03\/Renovomet-Oy_NEW_V6-1.png","width":624,"height":106,"caption":"Renovomet Oy"},"image":{"@id":"https:\/\/www.renovomet.fi\/#\/schema\/logo\/image\/"},"sameAs":["https:\/\/www.instagram.com\/renovomet\/"]}]}},"_links":{"self":[{"href":"https:\/\/www.renovomet.fi\/en\/wp-json\/wp\/v2\/pages\/5476","targetHints":{"allow":["GET"]}}],"collection":[{"href":"https:\/\/www.renovomet.fi\/en\/wp-json\/wp\/v2\/pages"}],"about":[{"href":"https:\/\/www.renovomet.fi\/en\/wp-json\/wp\/v2\/types\/page"}],"author":[{"embeddable":true,"href":"https:\/\/www.renovomet.fi\/en\/wp-json\/wp\/v2\/users\/9"}],"replies":[{"embeddable":true,"href":"https:\/\/www.renovomet.fi\/en\/wp-json\/wp\/v2\/comments?post=5476"}],"version-history":[{"count":26,"href":"https:\/\/www.renovomet.fi\/en\/wp-json\/wp\/v2\/pages\/5476\/revisions"}],"predecessor-version":[{"id":7910,"href":"https:\/\/www.renovomet.fi\/en\/wp-json\/wp\/v2\/pages\/5476\/revisions\/7910"}],"wp:attachment":[{"href":"https:\/\/www.renovomet.fi\/en\/wp-json\/wp\/v2\/media?parent=5476"}],"curies":[{"name":"wp","href":"https:\/\/api.w.org\/{rel}","templated":true}]}}