{"id":5485,"date":"2023-04-05T20:04:46","date_gmt":"2023-04-05T17:04:46","guid":{"rendered":"https:\/\/www.renovomet.fi\/?page_id=5485"},"modified":"2023-08-19T15:58:37","modified_gmt":"2023-08-19T12:58:37","slug":"puunkasittelylaitteet","status":"publish","type":"page","link":"https:\/\/www.renovomet.fi\/en\/puunkasittelylaitteet\/","title":{"rendered":"Logging trailer"},"content":{"rendered":"<div data-elementor-type=\"wp-page\" data-elementor-id=\"5485\" class=\"elementor elementor-5485\">\n\t\t\t\t\t\t<section class=\"elementor-section elementor-top-section elementor-element elementor-element-d543c3c elementor-section-boxed elementor-section-height-default elementor-section-height-default\" data-id=\"d543c3c\" data-element_type=\"section\" data-e-type=\"section\">\n\t\t\t\t\t\t<div class=\"elementor-container elementor-column-gap-default\">\n\t\t\t\t\t<div class=\"elementor-column elementor-col-100 elementor-top-column elementor-element elementor-element-7bb78dd\" data-id=\"7bb78dd\" data-element_type=\"column\" data-e-type=\"column\">\n\t\t\t<div class=\"elementor-widget-wrap elementor-element-populated\">\n\t\t\t\t\t\t<div class=\"elementor-element elementor-element-94af0ad elementor-widget elementor-widget-heading\" data-id=\"94af0ad\" data-element_type=\"widget\" data-e-type=\"widget\" data-widget_type=\"heading.default\">\n\t\t\t\t<div class=\"elementor-widget-container\">\n\t\t\t\t\t<h2 class=\"elementor-heading-title elementor-size-xl\">Logging trailer<\/h2>\t\t\t\t<\/div>\n\t\t\t\t<\/div>\n\t\t\t\t\t<\/div>\n\t\t<\/div>\n\t\t\t\t\t<\/div>\n\t\t<\/section>\n\t\t\t\t<section class=\"elementor-section elementor-top-section elementor-element elementor-element-b8bd1f1 elementor-section-boxed elementor-section-height-default elementor-section-height-default\" data-id=\"b8bd1f1\" data-element_type=\"section\" data-e-type=\"section\">\n\t\t\t\t\t\t<div class=\"elementor-container elementor-column-gap-default\">\n\t\t\t\t\t<div class=\"elementor-column elementor-col-50 elementor-top-column elementor-element elementor-element-6e4b60a\" data-id=\"6e4b60a\" data-element_type=\"column\" data-e-type=\"column\">\n\t\t\t<div class=\"elementor-widget-wrap elementor-element-populated\">\n\t\t\t\t\t\t<div class=\"elementor-element elementor-element-c8da1de elementor-widget elementor-widget-image\" data-id=\"c8da1de\" data-element_type=\"widget\" data-e-type=\"widget\" data-widget_type=\"image.default\">\n\t\t\t\t<div class=\"elementor-widget-container\">\n\t\t\t\t\t\t\t\t\t\t\t\t\t\t\t\t<a href=\"https:\/\/www.renovomet.fi\/en\/tuotteet_ja_esitteet\/juontoreki\/\">\n\t\t\t\t\t\t\t<img fetchpriority=\"high\" decoding=\"async\" width=\"400\" height=\"300\" src=\"https:\/\/www.renovomet.fi\/web\/wp-content\/uploads\/2022\/10\/JR750_001-400x300.jpg\" class=\"attachment-medium size-medium wp-image-4336\" alt=\"\" srcset=\"https:\/\/www.renovomet.fi\/web\/wp-content\/uploads\/2022\/10\/JR750_001-400x300.jpg 400w, https:\/\/www.renovomet.fi\/web\/wp-content\/uploads\/2022\/10\/JR750_001-750x563.jpg 750w, https:\/\/www.renovomet.fi\/web\/wp-content\/uploads\/2022\/10\/JR750_001-600x450.jpg 600w, https:\/\/www.renovomet.fi\/web\/wp-content\/uploads\/2022\/10\/JR750_001-1024x768.jpg 1024w, https:\/\/www.renovomet.fi\/web\/wp-content\/uploads\/2022\/10\/JR750_001-768x576.jpg 768w, https:\/\/www.renovomet.fi\/web\/wp-content\/uploads\/2022\/10\/JR750_001-1536x1152.jpg 1536w, https:\/\/www.renovomet.fi\/web\/wp-content\/uploads\/2022\/10\/JR750_001-290x218.jpg 290w, https:\/\/www.renovomet.fi\/web\/wp-content\/uploads\/2022\/10\/JR750_001-267x200.jpg 267w, https:\/\/www.renovomet.fi\/web\/wp-content\/uploads\/2022\/10\/JR750_001.jpg 1672w\" sizes=\"(max-width: 400px) 100vw, 400px\" \/>\t\t\t\t\t\t\t\t<\/a>\n\t\t\t\t\t\t\t\t\t\t\t\t\t\t\t<\/div>\n\t\t\t\t<\/div>\n\t\t\t\t<div class=\"elementor-element elementor-element-dfc90fb elementor-widget elementor-widget-text-editor\" data-id=\"dfc90fb\" data-element_type=\"widget\" data-e-type=\"widget\" data-widget_type=\"text-editor.default\">\n\t\t\t\t<div class=\"elementor-widget-container\">\n\t\t\t\t\t\t\t\t\t<h5>HT-tuote\u00ae JR750 -logging sled<\/h5><p><em><strong>HT-tuote\u00ae JR750<\/strong><\/em>\u00a0-logging sled is a device suitable for the new generation of tree hauling. The logging sled is suitable for driving windfalls, sawn timber, poles, pulpwood or firewood frames through a dense forest.\u00a0<span style=\"color: var(--theme-text-color); font-size: inherit; font-style: var(--fontStyle, inherit); font-weight: var(--fontWeight); letter-spacing: var(--letterSpacing); text-transform: var(--textTransform);\">Hauling and lifting with a chain.<\/span><\/p>\t\t\t\t\t\t\t\t<\/div>\n\t\t\t\t<\/div>\n\t\t\t\t\t<\/div>\n\t\t<\/div>\n\t\t\t\t<div class=\"elementor-column elementor-col-50 elementor-top-column elementor-element elementor-element-53f650e\" data-id=\"53f650e\" data-element_type=\"column\" data-e-type=\"column\">\n\t\t\t<div class=\"elementor-widget-wrap elementor-element-populated\">\n\t\t\t\t\t\t<div class=\"elementor-element elementor-element-f235346 elementor-widget elementor-widget-image\" data-id=\"f235346\" data-element_type=\"widget\" data-e-type=\"widget\" data-widget_type=\"image.default\">\n\t\t\t\t<div class=\"elementor-widget-container\">\n\t\t\t\t\t\t\t\t\t\t\t\t\t\t\t\t<a href=\"https:\/\/www.renovomet.fi\/en\/tuotteet_ja_esitteet\/juontokarry\/\">\n\t\t\t\t\t\t\t<img decoding=\"async\" width=\"400\" height=\"300\" src=\"https:\/\/www.renovomet.fi\/web\/wp-content\/uploads\/2021\/05\/JK-750-2021-1-400x300.jpg\" class=\"attachment-medium size-medium wp-image-4046\" alt=\"\" srcset=\"https:\/\/www.renovomet.fi\/web\/wp-content\/uploads\/2021\/05\/JK-750-2021-1-400x300.jpg 400w, https:\/\/www.renovomet.fi\/web\/wp-content\/uploads\/2021\/05\/JK-750-2021-1-750x563.jpg 750w, https:\/\/www.renovomet.fi\/web\/wp-content\/uploads\/2021\/05\/JK-750-2021-1-600x450.jpg 600w, https:\/\/www.renovomet.fi\/web\/wp-content\/uploads\/2021\/05\/JK-750-2021-1-768x576.jpg 768w, https:\/\/www.renovomet.fi\/web\/wp-content\/uploads\/2021\/05\/JK-750-2021-1-290x218.jpg 290w, https:\/\/www.renovomet.fi\/web\/wp-content\/uploads\/2021\/05\/JK-750-2021-1-267x200.jpg 267w, https:\/\/www.renovomet.fi\/web\/wp-content\/uploads\/2021\/05\/JK-750-2021-1.jpg 1008w\" sizes=\"(max-width: 400px) 100vw, 400px\" \/>\t\t\t\t\t\t\t\t<\/a>\n\t\t\t\t\t\t\t\t\t\t\t\t\t\t\t<\/div>\n\t\t\t\t<\/div>\n\t\t\t\t<div class=\"elementor-element elementor-element-d0f563c elementor-widget elementor-widget-text-editor\" data-id=\"d0f563c\" data-element_type=\"widget\" data-e-type=\"widget\" data-widget_type=\"text-editor.default\">\n\t\t\t\t<div class=\"elementor-widget-container\">\n\t\t\t\t\t\t\t\t\t<h5>HT-tuote\u00ae JK750 -logging trailer<\/h5><p><em><strong>HT-tuote\u00ae JK750<\/strong><\/em>\u00a0-logging trailer is suitable for hauling windbreaks, sawn timber, poles, fiberwood or firewood frames through a dense forest or otherwise difficult terrain. Trailer can be used all year round. Tree hauling and lifting with a winch. Attaching trees with chains. Connection to the ATV with a ball joint. Rotating drive head. The extendable drawbar also enables traction with a tracked ATV.<\/p>\t\t\t\t\t\t\t\t<\/div>\n\t\t\t\t<\/div>\n\t\t\t\t\t<\/div>\n\t\t<\/div>\n\t\t\t\t\t<\/div>\n\t\t<\/section>\n\t\t\t\t<section class=\"elementor-section elementor-top-section elementor-element elementor-element-266495a elementor-section-boxed elementor-section-height-default elementor-section-height-default\" data-id=\"266495a\" data-element_type=\"section\" data-e-type=\"section\">\n\t\t\t\t\t\t<div class=\"elementor-container elementor-column-gap-default\">\n\t\t\t\t\t<div class=\"elementor-column elementor-col-100 elementor-top-column elementor-element elementor-element-389747b\" data-id=\"389747b\" data-element_type=\"column\" data-e-type=\"column\">\n\t\t\t<div class=\"elementor-widget-wrap elementor-element-populated\">\n\t\t\t\t\t\t<div class=\"elementor-element elementor-element-6ced67d elementor-widget elementor-widget-image\" data-id=\"6ced67d\" data-element_type=\"widget\" data-e-type=\"widget\" data-widget_type=\"image.default\">\n\t\t\t\t<div class=\"elementor-widget-container\">\n\t\t\t\t\t\t\t\t\t\t\t\t\t\t\t\t<a href=\"https:\/\/www.renovomet.fi\/en\/tuotteet_ja_esitteet\/puunveto\/\">\n\t\t\t\t\t\t\t<img decoding=\"async\" width=\"610\" height=\"319\" src=\"https:\/\/www.renovomet.fi\/web\/wp-content\/uploads\/2023\/03\/Puunvetolaite.png\" class=\"attachment-medium_large size-medium_large wp-image-4904\" alt=\"\" srcset=\"https:\/\/www.renovomet.fi\/web\/wp-content\/uploads\/2023\/03\/Puunvetolaite.png 610w, https:\/\/www.renovomet.fi\/web\/wp-content\/uploads\/2023\/03\/Puunvetolaite-600x314.png 600w, https:\/\/www.renovomet.fi\/web\/wp-content\/uploads\/2023\/03\/Puunvetolaite-100x52.png 100w, https:\/\/www.renovomet.fi\/web\/wp-content\/uploads\/2023\/03\/Puunvetolaite-400x209.png 400w\" sizes=\"(max-width: 610px) 100vw, 610px\" \/>\t\t\t\t\t\t\t\t<\/a>\n\t\t\t\t\t\t\t\t\t\t\t\t\t\t\t<\/div>\n\t\t\t\t<\/div>\n\t\t\t\t<div class=\"elementor-element elementor-element-272978c elementor-widget elementor-widget-text-editor\" data-id=\"272978c\" data-element_type=\"widget\" data-e-type=\"widget\" data-widget_type=\"text-editor.default\">\n\t\t\t\t<div class=\"elementor-widget-container\">\n\t\t\t\t\t\t\t\t\t<h5>HT-tuote\u00ae PVL750 -log skidder<\/h5><p>Log skidder is suitable for hauling windfalls, sawn timber, pulpwood and firewood frames. Features at their best in a dense forest. The towing machine can be a snowmobile, an all-terrain vehicle or another off-road vehicle. Designed for snowy conditions but also suitable for thawed ground.\u00a0<\/p>\t\t\t\t\t\t\t\t<\/div>\n\t\t\t\t<\/div>\n\t\t\t\t\t<\/div>\n\t\t<\/div>\n\t\t\t\t\t<\/div>\n\t\t<\/section>\n\t\t\t\t<section class=\"elementor-section elementor-top-section elementor-element elementor-element-f3c0017 elementor-section-boxed elementor-section-height-default elementor-section-height-default\" data-id=\"f3c0017\" data-element_type=\"section\" data-e-type=\"section\">\n\t\t\t\t\t\t<div class=\"elementor-container elementor-column-gap-default\">\n\t\t\t\t\t<div class=\"elementor-column elementor-col-100 elementor-top-column elementor-element elementor-element-14ca5bc\" data-id=\"14ca5bc\" data-element_type=\"column\" data-e-type=\"column\">\n\t\t\t<div class=\"elementor-widget-wrap elementor-element-populated\">\n\t\t\t\t\t\t<div class=\"elementor-element elementor-element-7316f45 elementor-widget elementor-widget-text-editor\" data-id=\"7316f45\" data-element_type=\"widget\" data-e-type=\"widget\" data-widget_type=\"text-editor.default\">\n\t\t\t\t<div class=\"elementor-widget-container\">\n\t\t\t\t\t\t\t\t\t<p>Sivua p\u00e4ivitetty 4.42023<\/p>\t\t\t\t\t\t\t\t<\/div>\n\t\t\t\t<\/div>\n\t\t\t\t\t<\/div>\n\t\t<\/div>\n\t\t\t\t\t<\/div>\n\t\t<\/section>\n\t\t\t\t<\/div>","protected":false},"excerpt":{"rendered":"<p>Puunk\u00e4sittelylaitteet HT-tuote\u00ae JR750 -juontoreki HT-tuote\u00ae JR750\u00a0-juontoreki on uuden sukupolven puiden juontoon sopiva laite. Juontoreki soveltuu tuulenkaatojen, sahapuiden, pylv\u00e4iden, kuitupuiden tai polttopuurankojen ajoon tihe\u00e4st\u00e4 mets\u00e4st\u00e4.\u00a0Puiden juonto ja nosto vinssill\u00e4. Kiinnitys kettingill\u00e4. HT-tuote\u00ae JK750 -juontok\u00e4rry HT-tuote\u00ae JK750\u00a0-juontok\u00e4rry soveltuu tuulenkaatojen, sahapuiden, pylv\u00e4iden, kuitupuiden tai polttopuurankojen ajoon tihe\u00e4st\u00e4 mets\u00e4st\u00e4 tai muuten vaikeakulkuisesta maastosta. Juontok\u00e4rry\u00e4 voidaan k\u00e4ytt\u00e4\u00e4 ymp\u00e4ri vuoden. Puiden [&hellip;]<\/p>\n","protected":false},"author":9,"featured_media":0,"parent":0,"menu_order":0,"comment_status":"closed","ping_status":"closed","template":"","meta":{"inline_featured_image":false,"footnotes":""},"class_list":["post-5485","page","type-page","status-publish","hentry"],"blocksy_meta":[],"yoast_head":"<!-- This site is optimized with the Yoast SEO plugin v27.4 - https:\/\/yoast.com\/product\/yoast-seo-wordpress\/ -->\n<title>Puunk\u00e4sittelylaitteet - Reittilanat - Latuh\u00f6yl\u00e4t - Renovomet Oy<\/title>\n<meta name=\"robots\" content=\"index, follow, max-snippet:-1, max-image-preview:large, max-video-preview:-1\" \/>\n<link rel=\"canonical\" href=\"https:\/\/www.renovomet.fi\/en\/puunkasittelylaitteet\/\" \/>\n<meta property=\"og:locale\" content=\"en_US\" \/>\n<meta property=\"og:type\" content=\"article\" \/>\n<meta property=\"og:title\" content=\"Puunk\u00e4sittelylaitteet - Reittilanat - Latuh\u00f6yl\u00e4t - Renovomet Oy\" \/>\n<meta property=\"og:description\" content=\"Puunk\u00e4sittelylaitteet HT-tuote\u00ae JR750 -juontoreki HT-tuote\u00ae JR750\u00a0-juontoreki on uuden sukupolven puiden juontoon sopiva laite. Juontoreki soveltuu tuulenkaatojen, sahapuiden, pylv\u00e4iden, kuitupuiden tai polttopuurankojen ajoon tihe\u00e4st\u00e4 mets\u00e4st\u00e4.\u00a0Puiden juonto ja nosto vinssill\u00e4. Kiinnitys kettingill\u00e4. HT-tuote\u00ae JK750 -juontok\u00e4rry HT-tuote\u00ae JK750\u00a0-juontok\u00e4rry soveltuu tuulenkaatojen, sahapuiden, pylv\u00e4iden, kuitupuiden tai polttopuurankojen ajoon tihe\u00e4st\u00e4 mets\u00e4st\u00e4 tai muuten vaikeakulkuisesta maastosta. Juontok\u00e4rry\u00e4 voidaan k\u00e4ytt\u00e4\u00e4 ymp\u00e4ri vuoden. Puiden [&hellip;]\" \/>\n<meta property=\"og:url\" content=\"https:\/\/www.renovomet.fi\/en\/puunkasittelylaitteet\/\" \/>\n<meta property=\"og:site_name\" content=\"Reittilanat - Latuh\u00f6yl\u00e4t - Renovomet Oy\" \/>\n<meta property=\"article:modified_time\" content=\"2023-08-19T12:58:37+00:00\" \/>\n<meta property=\"og:image\" content=\"https:\/\/www.renovomet.fi\/web\/wp-content\/uploads\/2022\/10\/JR750_001-400x300.jpg\" \/>\n<meta name=\"twitter:card\" content=\"summary_large_image\" \/>\n<meta name=\"twitter:label1\" content=\"Est. reading time\" \/>\n\t<meta name=\"twitter:data1\" content=\"2 minutes\" \/>\n<script type=\"application\/ld+json\" class=\"yoast-schema-graph\">{\"@context\":\"https:\\\/\\\/schema.org\",\"@graph\":[{\"@type\":\"WebPage\",\"@id\":\"https:\\\/\\\/www.renovomet.fi\\\/puunkasittelylaitteet\\\/\",\"url\":\"https:\\\/\\\/www.renovomet.fi\\\/puunkasittelylaitteet\\\/\",\"name\":\"Puunk\u00e4sittelylaitteet - Reittilanat - Latuh\u00f6yl\u00e4t - Renovomet Oy\",\"isPartOf\":{\"@id\":\"https:\\\/\\\/www.renovomet.fi\\\/#website\"},\"primaryImageOfPage\":{\"@id\":\"https:\\\/\\\/www.renovomet.fi\\\/puunkasittelylaitteet\\\/#primaryimage\"},\"image\":{\"@id\":\"https:\\\/\\\/www.renovomet.fi\\\/puunkasittelylaitteet\\\/#primaryimage\"},\"thumbnailUrl\":\"https:\\\/\\\/www.renovomet.fi\\\/web\\\/wp-content\\\/uploads\\\/2022\\\/10\\\/JR750_001-400x300.jpg\",\"datePublished\":\"2023-04-05T17:04:46+00:00\",\"dateModified\":\"2023-08-19T12:58:37+00:00\",\"breadcrumb\":{\"@id\":\"https:\\\/\\\/www.renovomet.fi\\\/puunkasittelylaitteet\\\/#breadcrumb\"},\"inLanguage\":\"en-US\",\"potentialAction\":[{\"@type\":\"ReadAction\",\"target\":[\"https:\\\/\\\/www.renovomet.fi\\\/puunkasittelylaitteet\\\/\"]}]},{\"@type\":\"ImageObject\",\"inLanguage\":\"en-US\",\"@id\":\"https:\\\/\\\/www.renovomet.fi\\\/puunkasittelylaitteet\\\/#primaryimage\",\"url\":\"https:\\\/\\\/www.renovomet.fi\\\/web\\\/wp-content\\\/uploads\\\/2022\\\/10\\\/JR750_001-400x300.jpg\",\"contentUrl\":\"https:\\\/\\\/www.renovomet.fi\\\/web\\\/wp-content\\\/uploads\\\/2022\\\/10\\\/JR750_001-400x300.jpg\"},{\"@type\":\"BreadcrumbList\",\"@id\":\"https:\\\/\\\/www.renovomet.fi\\\/puunkasittelylaitteet\\\/#breadcrumb\",\"itemListElement\":[{\"@type\":\"ListItem\",\"position\":1,\"name\":\"Home\",\"item\":\"https:\\\/\\\/www.renovomet.fi\\\/\"},{\"@type\":\"ListItem\",\"position\":2,\"name\":\"Puunk\u00e4sittelylaitteet\"}]},{\"@type\":\"WebSite\",\"@id\":\"https:\\\/\\\/www.renovomet.fi\\\/#website\",\"url\":\"https:\\\/\\\/www.renovomet.fi\\\/\",\"name\":\"Reittilanat - Latuh\u00f6yl\u00e4t - Renovomet Oy\",\"description\":\"Laadukkaat ja kotimaiset ATV-lis\u00e4laitteet\",\"publisher\":{\"@id\":\"https:\\\/\\\/www.renovomet.fi\\\/#organization\"},\"potentialAction\":[{\"@type\":\"SearchAction\",\"target\":{\"@type\":\"EntryPoint\",\"urlTemplate\":\"https:\\\/\\\/www.renovomet.fi\\\/?s={search_term_string}\"},\"query-input\":{\"@type\":\"PropertyValueSpecification\",\"valueRequired\":true,\"valueName\":\"search_term_string\"}}],\"inLanguage\":\"en-US\"},{\"@type\":\"Organization\",\"@id\":\"https:\\\/\\\/www.renovomet.fi\\\/#organization\",\"name\":\"Renovomet Oy\",\"alternateName\":\"Renovomet\",\"url\":\"https:\\\/\\\/www.renovomet.fi\\\/\",\"logo\":{\"@type\":\"ImageObject\",\"inLanguage\":\"en-US\",\"@id\":\"https:\\\/\\\/www.renovomet.fi\\\/#\\\/schema\\\/logo\\\/image\\\/\",\"url\":\"https:\\\/\\\/www.renovomet.fi\\\/web\\\/wp-content\\\/uploads\\\/2023\\\/03\\\/Renovomet-Oy_NEW_V6-1.png\",\"contentUrl\":\"https:\\\/\\\/www.renovomet.fi\\\/web\\\/wp-content\\\/uploads\\\/2023\\\/03\\\/Renovomet-Oy_NEW_V6-1.png\",\"width\":624,\"height\":106,\"caption\":\"Renovomet Oy\"},\"image\":{\"@id\":\"https:\\\/\\\/www.renovomet.fi\\\/#\\\/schema\\\/logo\\\/image\\\/\"},\"sameAs\":[\"https:\\\/\\\/www.instagram.com\\\/renovomet\\\/\"]}]}<\/script>\n<!-- \/ Yoast SEO plugin. -->","yoast_head_json":{"title":"Puunk\u00e4sittelylaitteet - Reittilanat - Latuh\u00f6yl\u00e4t - Renovomet Oy","robots":{"index":"index","follow":"follow","max-snippet":"max-snippet:-1","max-image-preview":"max-image-preview:large","max-video-preview":"max-video-preview:-1"},"canonical":"https:\/\/www.renovomet.fi\/en\/puunkasittelylaitteet\/","og_locale":"en_US","og_type":"article","og_title":"Puunk\u00e4sittelylaitteet - Reittilanat - Latuh\u00f6yl\u00e4t - Renovomet Oy","og_description":"Puunk\u00e4sittelylaitteet HT-tuote\u00ae JR750 -juontoreki HT-tuote\u00ae JR750\u00a0-juontoreki on uuden sukupolven puiden juontoon sopiva laite. Juontoreki soveltuu tuulenkaatojen, sahapuiden, pylv\u00e4iden, kuitupuiden tai polttopuurankojen ajoon tihe\u00e4st\u00e4 mets\u00e4st\u00e4.\u00a0Puiden juonto ja nosto vinssill\u00e4. Kiinnitys kettingill\u00e4. HT-tuote\u00ae JK750 -juontok\u00e4rry HT-tuote\u00ae JK750\u00a0-juontok\u00e4rry soveltuu tuulenkaatojen, sahapuiden, pylv\u00e4iden, kuitupuiden tai polttopuurankojen ajoon tihe\u00e4st\u00e4 mets\u00e4st\u00e4 tai muuten vaikeakulkuisesta maastosta. Juontok\u00e4rry\u00e4 voidaan k\u00e4ytt\u00e4\u00e4 ymp\u00e4ri vuoden. Puiden [&hellip;]","og_url":"https:\/\/www.renovomet.fi\/en\/puunkasittelylaitteet\/","og_site_name":"Reittilanat - Latuh\u00f6yl\u00e4t - Renovomet Oy","article_modified_time":"2023-08-19T12:58:37+00:00","og_image":[{"url":"https:\/\/www.renovomet.fi\/web\/wp-content\/uploads\/2022\/10\/JR750_001-400x300.jpg","type":"","width":"","height":""}],"twitter_card":"summary_large_image","twitter_misc":{"Est. reading time":"2 minutes"},"schema":{"@context":"https:\/\/schema.org","@graph":[{"@type":"WebPage","@id":"https:\/\/www.renovomet.fi\/puunkasittelylaitteet\/","url":"https:\/\/www.renovomet.fi\/puunkasittelylaitteet\/","name":"Puunk\u00e4sittelylaitteet - Reittilanat - Latuh\u00f6yl\u00e4t - Renovomet Oy","isPartOf":{"@id":"https:\/\/www.renovomet.fi\/#website"},"primaryImageOfPage":{"@id":"https:\/\/www.renovomet.fi\/puunkasittelylaitteet\/#primaryimage"},"image":{"@id":"https:\/\/www.renovomet.fi\/puunkasittelylaitteet\/#primaryimage"},"thumbnailUrl":"https:\/\/www.renovomet.fi\/web\/wp-content\/uploads\/2022\/10\/JR750_001-400x300.jpg","datePublished":"2023-04-05T17:04:46+00:00","dateModified":"2023-08-19T12:58:37+00:00","breadcrumb":{"@id":"https:\/\/www.renovomet.fi\/puunkasittelylaitteet\/#breadcrumb"},"inLanguage":"en-US","potentialAction":[{"@type":"ReadAction","target":["https:\/\/www.renovomet.fi\/puunkasittelylaitteet\/"]}]},{"@type":"ImageObject","inLanguage":"en-US","@id":"https:\/\/www.renovomet.fi\/puunkasittelylaitteet\/#primaryimage","url":"https:\/\/www.renovomet.fi\/web\/wp-content\/uploads\/2022\/10\/JR750_001-400x300.jpg","contentUrl":"https:\/\/www.renovomet.fi\/web\/wp-content\/uploads\/2022\/10\/JR750_001-400x300.jpg"},{"@type":"BreadcrumbList","@id":"https:\/\/www.renovomet.fi\/puunkasittelylaitteet\/#breadcrumb","itemListElement":[{"@type":"ListItem","position":1,"name":"Home","item":"https:\/\/www.renovomet.fi\/"},{"@type":"ListItem","position":2,"name":"Puunk\u00e4sittelylaitteet"}]},{"@type":"WebSite","@id":"https:\/\/www.renovomet.fi\/#website","url":"https:\/\/www.renovomet.fi\/","name":"Reittilanat - Latuh\u00f6yl\u00e4t - Renovomet Oy","description":"Laadukkaat ja kotimaiset ATV-lis\u00e4laitteet","publisher":{"@id":"https:\/\/www.renovomet.fi\/#organization"},"potentialAction":[{"@type":"SearchAction","target":{"@type":"EntryPoint","urlTemplate":"https:\/\/www.renovomet.fi\/?s={search_term_string}"},"query-input":{"@type":"PropertyValueSpecification","valueRequired":true,"valueName":"search_term_string"}}],"inLanguage":"en-US"},{"@type":"Organization","@id":"https:\/\/www.renovomet.fi\/#organization","name":"Renovomet Oy","alternateName":"Renovomet","url":"https:\/\/www.renovomet.fi\/","logo":{"@type":"ImageObject","inLanguage":"en-US","@id":"https:\/\/www.renovomet.fi\/#\/schema\/logo\/image\/","url":"https:\/\/www.renovomet.fi\/web\/wp-content\/uploads\/2023\/03\/Renovomet-Oy_NEW_V6-1.png","contentUrl":"https:\/\/www.renovomet.fi\/web\/wp-content\/uploads\/2023\/03\/Renovomet-Oy_NEW_V6-1.png","width":624,"height":106,"caption":"Renovomet Oy"},"image":{"@id":"https:\/\/www.renovomet.fi\/#\/schema\/logo\/image\/"},"sameAs":["https:\/\/www.instagram.com\/renovomet\/"]}]}},"_links":{"self":[{"href":"https:\/\/www.renovomet.fi\/en\/wp-json\/wp\/v2\/pages\/5485","targetHints":{"allow":["GET"]}}],"collection":[{"href":"https:\/\/www.renovomet.fi\/en\/wp-json\/wp\/v2\/pages"}],"about":[{"href":"https:\/\/www.renovomet.fi\/en\/wp-json\/wp\/v2\/types\/page"}],"author":[{"embeddable":true,"href":"https:\/\/www.renovomet.fi\/en\/wp-json\/wp\/v2\/users\/9"}],"replies":[{"embeddable":true,"href":"https:\/\/www.renovomet.fi\/en\/wp-json\/wp\/v2\/comments?post=5485"}],"version-history":[{"count":8,"href":"https:\/\/www.renovomet.fi\/en\/wp-json\/wp\/v2\/pages\/5485\/revisions"}],"predecessor-version":[{"id":6671,"href":"https:\/\/www.renovomet.fi\/en\/wp-json\/wp\/v2\/pages\/5485\/revisions\/6671"}],"wp:attachment":[{"href":"https:\/\/www.renovomet.fi\/en\/wp-json\/wp\/v2\/media?parent=5485"}],"curies":[{"name":"wp","href":"https:\/\/api.w.org\/{rel}","templated":true}]}}