{"id":5490,"date":"2023-04-05T20:06:46","date_gmt":"2023-04-05T17:06:46","guid":{"rendered":"https:\/\/www.renovomet.fi\/?page_id=5490"},"modified":"2023-11-15T15:02:10","modified_gmt":"2023-11-15T13:02:10","slug":"lannoitteenlevittimet","status":"publish","type":"page","link":"https:\/\/www.renovomet.fi\/en\/lannoitteenlevittimet\/","title":{"rendered":"fertilizer spreader"},"content":{"rendered":"<div data-elementor-type=\"wp-page\" data-elementor-id=\"5490\" class=\"elementor elementor-5490\">\n\t\t\t\t\t\t<section class=\"elementor-section elementor-top-section elementor-element elementor-element-60e4ab6 elementor-section-boxed elementor-section-height-default elementor-section-height-default\" data-id=\"60e4ab6\" data-element_type=\"section\" data-e-type=\"section\">\n\t\t\t\t\t\t<div class=\"elementor-container elementor-column-gap-default\">\n\t\t\t\t\t<div class=\"elementor-column elementor-col-100 elementor-top-column elementor-element elementor-element-f696709\" data-id=\"f696709\" data-element_type=\"column\" data-e-type=\"column\">\n\t\t\t<div class=\"elementor-widget-wrap elementor-element-populated\">\n\t\t\t\t\t\t<div class=\"elementor-element elementor-element-e7cda3b elementor-widget elementor-widget-heading\" data-id=\"e7cda3b\" data-element_type=\"widget\" data-e-type=\"widget\" data-widget_type=\"heading.default\">\n\t\t\t\t<div class=\"elementor-widget-container\">\n\t\t\t\t\t<h2 class=\"elementor-heading-title elementor-size-xl\">fertilizer spreader<\/h2>\t\t\t\t<\/div>\n\t\t\t\t<\/div>\n\t\t\t\t\t<\/div>\n\t\t<\/div>\n\t\t\t\t\t<\/div>\n\t\t<\/section>\n\t\t\t\t<section class=\"elementor-section elementor-top-section elementor-element elementor-element-c03313e elementor-section-boxed elementor-section-height-default elementor-section-height-default\" data-id=\"c03313e\" data-element_type=\"section\" data-e-type=\"section\">\n\t\t\t\t\t\t<div class=\"elementor-container elementor-column-gap-default\">\n\t\t\t\t\t<div class=\"elementor-column elementor-col-50 elementor-top-column elementor-element elementor-element-4dddec1\" data-id=\"4dddec1\" data-element_type=\"column\" data-e-type=\"column\">\n\t\t\t<div class=\"elementor-widget-wrap elementor-element-populated\">\n\t\t\t\t\t\t<div class=\"elementor-element elementor-element-8ae6e6c elementor-widget elementor-widget-image\" data-id=\"8ae6e6c\" data-element_type=\"widget\" data-e-type=\"widget\" data-widget_type=\"image.default\">\n\t\t\t\t<div class=\"elementor-widget-container\">\n\t\t\t\t\t\t\t\t\t\t\t\t\t\t\t\t<a href=\"https:\/\/www.renovomet.fi\/en\/tuotteet_ja_esitteet\/keskipakoislevitin-traktoriin\/\">\n\t\t\t\t\t\t\t<img fetchpriority=\"high\" decoding=\"async\" width=\"750\" height=\"750\" src=\"https:\/\/www.renovomet.fi\/web\/wp-content\/uploads\/2023\/05\/1024x1024-scaled.png\" class=\"attachment-medium size-medium wp-image-6128\" alt=\"\" srcset=\"https:\/\/www.renovomet.fi\/web\/wp-content\/uploads\/2023\/05\/1024x1024-scaled.png 2560w, https:\/\/www.renovomet.fi\/web\/wp-content\/uploads\/2023\/05\/1024x1024-scaled-750x750.png 750w, https:\/\/www.renovomet.fi\/web\/wp-content\/uploads\/2023\/05\/1024x1024-scaled-100x100.png 100w, https:\/\/www.renovomet.fi\/web\/wp-content\/uploads\/2023\/05\/1024x1024-scaled-600x600.png 600w\" sizes=\"(max-width: 750px) 100vw, 750px\" \/>\t\t\t\t\t\t\t\t<\/a>\n\t\t\t\t\t\t\t\t\t\t\t\t\t\t\t<\/div>\n\t\t\t\t<\/div>\n\t\t\t\t<div class=\"elementor-element elementor-element-814182a elementor-widget elementor-widget-text-editor\" data-id=\"814182a\" data-element_type=\"widget\" data-e-type=\"widget\" data-widget_type=\"text-editor.default\">\n\t\t\t\t<div class=\"elementor-widget-container\">\n\t\t\t\t\t\t\t\t\t<h5>HT-tuote\u00ae FS712T\/Hybrid -Fertilizer<\/h5>\n<p>The spreader is specially designed to be used for forest ash fertilization, Grain size 4 \u2013 20 mm. Also suitable for applying chemical fertilizer. Connection to the tractor with a three-point hitch. Four throwing wings ensure even fertilization. The design of the wings guarantees a long service life. With the remote control device, you can adjust the direction and amount of fertilization from the cab.<\/p>\t\t\t\t\t\t\t\t<\/div>\n\t\t\t\t<\/div>\n\t\t\t\t\t<\/div>\n\t\t<\/div>\n\t\t\t\t<div class=\"elementor-column elementor-col-50 elementor-top-column elementor-element elementor-element-73fdbb1\" data-id=\"73fdbb1\" data-element_type=\"column\" data-e-type=\"column\">\n\t\t\t<div class=\"elementor-widget-wrap elementor-element-populated\">\n\t\t\t\t\t\t<div class=\"elementor-element elementor-element-84c2ba5 elementor-widget elementor-widget-image\" data-id=\"84c2ba5\" data-element_type=\"widget\" data-e-type=\"widget\" data-widget_type=\"image.default\">\n\t\t\t\t<div class=\"elementor-widget-container\">\n\t\t\t\t\t\t\t\t\t\t\t\t\t\t\t\t<a href=\"https:\/\/www.renovomet.fi\/en\/tuotteet\/keskipakoislevitin\/\">\n\t\t\t\t\t\t\t<img decoding=\"async\" width=\"390\" height=\"400\" src=\"https:\/\/www.renovomet.fi\/web\/wp-content\/uploads\/2012\/11\/IMG_0138-e1680023809209-390x400.jpg\" class=\"attachment-medium size-medium wp-image-1278\" alt=\"\" srcset=\"https:\/\/www.renovomet.fi\/web\/wp-content\/uploads\/2012\/11\/IMG_0138-e1680023809209-390x400.jpg 390w, https:\/\/www.renovomet.fi\/web\/wp-content\/uploads\/2012\/11\/IMG_0138-e1680023809209-scaled-750x769.jpg 750w, https:\/\/www.renovomet.fi\/web\/wp-content\/uploads\/2012\/11\/IMG_0138-e1680023809209-scaled-600x615.jpg 600w, https:\/\/www.renovomet.fi\/web\/wp-content\/uploads\/2012\/11\/IMG_0138-e1680023809209-999x1024.jpg 999w, https:\/\/www.renovomet.fi\/web\/wp-content\/uploads\/2012\/11\/IMG_0138-e1680023809209-768x787.jpg 768w, https:\/\/www.renovomet.fi\/web\/wp-content\/uploads\/2012\/11\/IMG_0138-e1680023809209-1498x1536.jpg 1498w, https:\/\/www.renovomet.fi\/web\/wp-content\/uploads\/2012\/11\/IMG_0138-e1680023809209-1998x2048.jpg 1998w\" sizes=\"(max-width: 390px) 100vw, 390px\" \/>\t\t\t\t\t\t\t\t<\/a>\n\t\t\t\t\t\t\t\t\t\t\t\t\t\t\t<\/div>\n\t\t\t\t<\/div>\n\t\t\t\t<div class=\"elementor-element elementor-element-9d53473 elementor-widget elementor-widget-text-editor\" data-id=\"9d53473\" data-element_type=\"widget\" data-e-type=\"widget\" data-widget_type=\"text-editor.default\">\n\t\t\t\t<div class=\"elementor-widget-container\">\n\t\t\t\t\t\t\t\t\t<h5><strong>HT-tuote\u00ae FS366\/712ATV\/Hybrid -fertilizer<\/strong><\/h5>\n<p>Can be connected to an ATV log cart or a tractor trailer. For fertilizing a forest, park, garden or golf course. Tank volume without additional sides 366 liters, with additional sides 712 liters (650 kg for a big bag). The amount of fertilizer can be infinitely adjusted while driving from the remote control device attached to the cargo rack of the ATV. Spreading width on both sides 10 m.<\/p>\t\t\t\t\t\t\t\t<\/div>\n\t\t\t\t<\/div>\n\t\t\t\t\t<\/div>\n\t\t<\/div>\n\t\t\t\t\t<\/div>\n\t\t<\/section>\n\t\t\t\t<section class=\"elementor-section elementor-top-section elementor-element elementor-element-f3c0017 elementor-section-boxed elementor-section-height-default elementor-section-height-default\" data-id=\"f3c0017\" data-element_type=\"section\" data-e-type=\"section\">\n\t\t\t\t\t\t<div class=\"elementor-container elementor-column-gap-default\">\n\t\t\t\t\t<div class=\"elementor-column elementor-col-100 elementor-top-column elementor-element elementor-element-14ca5bc\" data-id=\"14ca5bc\" data-element_type=\"column\" data-e-type=\"column\">\n\t\t\t<div class=\"elementor-widget-wrap elementor-element-populated\">\n\t\t\t\t\t\t<div class=\"elementor-element elementor-element-7316f45 elementor-widget elementor-widget-text-editor\" data-id=\"7316f45\" data-element_type=\"widget\" data-e-type=\"widget\" data-widget_type=\"text-editor.default\">\n\t\t\t\t<div class=\"elementor-widget-container\">\n\t\t\t\t\t\t\t\t\t<p>The page was updated on 30 March 2026<\/p>\t\t\t\t\t\t\t\t<\/div>\n\t\t\t\t<\/div>\n\t\t\t\t\t<\/div>\n\t\t<\/div>\n\t\t\t\t\t<\/div>\n\t\t<\/section>\n\t\t\t\t<\/div>","protected":false},"excerpt":{"rendered":"<p>Lannoitteenlevittimet HT-tuote\u00ae FS712T\/Hybrid -keskipakoislevitin tuhkalle Levitin on suunniteltu erityisesti k\u00e4ytett\u00e4v\u00e4ksi mets\u00e4n tuhkalannoitukseen, Raekoko 4 \u2013 20 mm. Soveltuu my\u00f6s kemiallisen lannoitteen levitykseen. Kytkent\u00e4 traktoriin kolmipiste kiinnityksell\u00e4. Nelj\u00e4ll\u00e4 heittosiivell\u00e4 varmistetaan tasainen lannoitus. Siivekkeiden muotoilulla taataan pitk\u00e4 k\u00e4ytt\u00f6ik\u00e4. Kaukohallintalaitteella s\u00e4\u00e4d\u00e4t ohjaamosta k\u00e4sin lannoituksen suuntaa ja m\u00e4\u00e4r\u00e4\u00e4. HT-tuote\u00ae FS366\/712ATV\/Hybrid -keskipakoislevitin Kytkett\u00e4viss\u00e4 m\u00f6nkij\u00e4n tukkik\u00e4rryyn tai traktorin per\u00e4vaunuun. Mets\u00e4n, puiston, [&hellip;]<\/p>\n","protected":false},"author":9,"featured_media":0,"parent":0,"menu_order":0,"comment_status":"closed","ping_status":"closed","template":"","meta":{"inline_featured_image":false,"footnotes":""},"class_list":["post-5490","page","type-page","status-publish","hentry"],"blocksy_meta":[],"yoast_head":"<!-- This site is optimized with the Yoast SEO plugin v27.4 - https:\/\/yoast.com\/product\/yoast-seo-wordpress\/ -->\n<title>Lannoitteenlevittimet - Reittilanat - Latuh\u00f6yl\u00e4t - Renovomet Oy<\/title>\n<meta name=\"description\" content=\"FS712T\/Hybid -keskipakoislevitin on suunniteltu erityisesti tuhkan levitykseen mutta k\u00e4ytett\u00e4viss\u00e4 my\u00f6s kemiallisille lannoitteille.\" \/>\n<meta name=\"robots\" content=\"index, follow, max-snippet:-1, max-image-preview:large, max-video-preview:-1\" \/>\n<link rel=\"canonical\" href=\"https:\/\/www.renovomet.fi\/en\/lannoitteenlevittimet\/\" \/>\n<meta property=\"og:locale\" content=\"en_US\" \/>\n<meta property=\"og:type\" content=\"article\" \/>\n<meta property=\"og:title\" content=\"Lannoitteenlevittimet - Reittilanat - Latuh\u00f6yl\u00e4t - Renovomet Oy\" \/>\n<meta property=\"og:description\" content=\"FS712T\/Hybid -keskipakoislevitin on suunniteltu erityisesti tuhkan levitykseen mutta k\u00e4ytett\u00e4viss\u00e4 my\u00f6s kemiallisille lannoitteille.\" \/>\n<meta property=\"og:url\" content=\"https:\/\/www.renovomet.fi\/en\/lannoitteenlevittimet\/\" \/>\n<meta property=\"og:site_name\" content=\"Reittilanat - Latuh\u00f6yl\u00e4t - Renovomet Oy\" \/>\n<meta property=\"article:modified_time\" content=\"2023-11-15T13:02:10+00:00\" \/>\n<meta property=\"og:image\" content=\"https:\/\/www.renovomet.fi\/web\/wp-content\/uploads\/2023\/05\/1024x1024-400x400.png\" \/>\n<meta name=\"twitter:card\" content=\"summary_large_image\" \/>\n<meta name=\"twitter:label1\" content=\"Est. reading time\" \/>\n\t<meta name=\"twitter:data1\" content=\"1 minute\" \/>\n<script type=\"application\/ld+json\" class=\"yoast-schema-graph\">{\"@context\":\"https:\\\/\\\/schema.org\",\"@graph\":[{\"@type\":\"WebPage\",\"@id\":\"https:\\\/\\\/www.renovomet.fi\\\/lannoitteenlevittimet\\\/\",\"url\":\"https:\\\/\\\/www.renovomet.fi\\\/lannoitteenlevittimet\\\/\",\"name\":\"Lannoitteenlevittimet - Reittilanat - Latuh\u00f6yl\u00e4t - Renovomet Oy\",\"isPartOf\":{\"@id\":\"https:\\\/\\\/www.renovomet.fi\\\/#website\"},\"primaryImageOfPage\":{\"@id\":\"https:\\\/\\\/www.renovomet.fi\\\/lannoitteenlevittimet\\\/#primaryimage\"},\"image\":{\"@id\":\"https:\\\/\\\/www.renovomet.fi\\\/lannoitteenlevittimet\\\/#primaryimage\"},\"thumbnailUrl\":\"https:\\\/\\\/www.renovomet.fi\\\/web\\\/wp-content\\\/uploads\\\/2023\\\/05\\\/1024x1024-400x400.png\",\"datePublished\":\"2023-04-05T17:06:46+00:00\",\"dateModified\":\"2023-11-15T13:02:10+00:00\",\"description\":\"FS712T\\\/Hybid -keskipakoislevitin on suunniteltu erityisesti tuhkan levitykseen mutta k\u00e4ytett\u00e4viss\u00e4 my\u00f6s kemiallisille lannoitteille.\",\"breadcrumb\":{\"@id\":\"https:\\\/\\\/www.renovomet.fi\\\/lannoitteenlevittimet\\\/#breadcrumb\"},\"inLanguage\":\"en-US\",\"potentialAction\":[{\"@type\":\"ReadAction\",\"target\":[\"https:\\\/\\\/www.renovomet.fi\\\/lannoitteenlevittimet\\\/\"]}]},{\"@type\":\"ImageObject\",\"inLanguage\":\"en-US\",\"@id\":\"https:\\\/\\\/www.renovomet.fi\\\/lannoitteenlevittimet\\\/#primaryimage\",\"url\":\"https:\\\/\\\/www.renovomet.fi\\\/web\\\/wp-content\\\/uploads\\\/2023\\\/05\\\/1024x1024-400x400.png\",\"contentUrl\":\"https:\\\/\\\/www.renovomet.fi\\\/web\\\/wp-content\\\/uploads\\\/2023\\\/05\\\/1024x1024-400x400.png\"},{\"@type\":\"BreadcrumbList\",\"@id\":\"https:\\\/\\\/www.renovomet.fi\\\/lannoitteenlevittimet\\\/#breadcrumb\",\"itemListElement\":[{\"@type\":\"ListItem\",\"position\":1,\"name\":\"Home\",\"item\":\"https:\\\/\\\/www.renovomet.fi\\\/\"},{\"@type\":\"ListItem\",\"position\":2,\"name\":\"Lannoitteenlevittimet\"}]},{\"@type\":\"WebSite\",\"@id\":\"https:\\\/\\\/www.renovomet.fi\\\/#website\",\"url\":\"https:\\\/\\\/www.renovomet.fi\\\/\",\"name\":\"Reittilanat - Latuh\u00f6yl\u00e4t - Renovomet Oy\",\"description\":\"Laadukkaat ja kotimaiset ATV-lis\u00e4laitteet\",\"publisher\":{\"@id\":\"https:\\\/\\\/www.renovomet.fi\\\/#organization\"},\"potentialAction\":[{\"@type\":\"SearchAction\",\"target\":{\"@type\":\"EntryPoint\",\"urlTemplate\":\"https:\\\/\\\/www.renovomet.fi\\\/?s={search_term_string}\"},\"query-input\":{\"@type\":\"PropertyValueSpecification\",\"valueRequired\":true,\"valueName\":\"search_term_string\"}}],\"inLanguage\":\"en-US\"},{\"@type\":\"Organization\",\"@id\":\"https:\\\/\\\/www.renovomet.fi\\\/#organization\",\"name\":\"Renovomet Oy\",\"alternateName\":\"Renovomet\",\"url\":\"https:\\\/\\\/www.renovomet.fi\\\/\",\"logo\":{\"@type\":\"ImageObject\",\"inLanguage\":\"en-US\",\"@id\":\"https:\\\/\\\/www.renovomet.fi\\\/#\\\/schema\\\/logo\\\/image\\\/\",\"url\":\"https:\\\/\\\/www.renovomet.fi\\\/web\\\/wp-content\\\/uploads\\\/2023\\\/03\\\/Renovomet-Oy_NEW_V6-1.png\",\"contentUrl\":\"https:\\\/\\\/www.renovomet.fi\\\/web\\\/wp-content\\\/uploads\\\/2023\\\/03\\\/Renovomet-Oy_NEW_V6-1.png\",\"width\":624,\"height\":106,\"caption\":\"Renovomet Oy\"},\"image\":{\"@id\":\"https:\\\/\\\/www.renovomet.fi\\\/#\\\/schema\\\/logo\\\/image\\\/\"},\"sameAs\":[\"https:\\\/\\\/www.instagram.com\\\/renovomet\\\/\"]}]}<\/script>\n<!-- \/ Yoast SEO plugin. -->","yoast_head_json":{"title":"Lannoitteenlevittimet - Reittilanat - Latuh\u00f6yl\u00e4t - Renovomet Oy","description":"FS712T\/Hybid -keskipakoislevitin on suunniteltu erityisesti tuhkan levitykseen mutta k\u00e4ytett\u00e4viss\u00e4 my\u00f6s kemiallisille lannoitteille.","robots":{"index":"index","follow":"follow","max-snippet":"max-snippet:-1","max-image-preview":"max-image-preview:large","max-video-preview":"max-video-preview:-1"},"canonical":"https:\/\/www.renovomet.fi\/en\/lannoitteenlevittimet\/","og_locale":"en_US","og_type":"article","og_title":"Lannoitteenlevittimet - Reittilanat - Latuh\u00f6yl\u00e4t - Renovomet Oy","og_description":"FS712T\/Hybid -keskipakoislevitin on suunniteltu erityisesti tuhkan levitykseen mutta k\u00e4ytett\u00e4viss\u00e4 my\u00f6s kemiallisille lannoitteille.","og_url":"https:\/\/www.renovomet.fi\/en\/lannoitteenlevittimet\/","og_site_name":"Reittilanat - Latuh\u00f6yl\u00e4t - Renovomet Oy","article_modified_time":"2023-11-15T13:02:10+00:00","og_image":[{"url":"https:\/\/www.renovomet.fi\/web\/wp-content\/uploads\/2023\/05\/1024x1024-400x400.png","type":"","width":"","height":""}],"twitter_card":"summary_large_image","twitter_misc":{"Est. reading time":"1 minute"},"schema":{"@context":"https:\/\/schema.org","@graph":[{"@type":"WebPage","@id":"https:\/\/www.renovomet.fi\/lannoitteenlevittimet\/","url":"https:\/\/www.renovomet.fi\/lannoitteenlevittimet\/","name":"Lannoitteenlevittimet - Reittilanat - Latuh\u00f6yl\u00e4t - Renovomet Oy","isPartOf":{"@id":"https:\/\/www.renovomet.fi\/#website"},"primaryImageOfPage":{"@id":"https:\/\/www.renovomet.fi\/lannoitteenlevittimet\/#primaryimage"},"image":{"@id":"https:\/\/www.renovomet.fi\/lannoitteenlevittimet\/#primaryimage"},"thumbnailUrl":"https:\/\/www.renovomet.fi\/web\/wp-content\/uploads\/2023\/05\/1024x1024-400x400.png","datePublished":"2023-04-05T17:06:46+00:00","dateModified":"2023-11-15T13:02:10+00:00","description":"FS712T\/Hybid -keskipakoislevitin on suunniteltu erityisesti tuhkan levitykseen mutta k\u00e4ytett\u00e4viss\u00e4 my\u00f6s kemiallisille lannoitteille.","breadcrumb":{"@id":"https:\/\/www.renovomet.fi\/lannoitteenlevittimet\/#breadcrumb"},"inLanguage":"en-US","potentialAction":[{"@type":"ReadAction","target":["https:\/\/www.renovomet.fi\/lannoitteenlevittimet\/"]}]},{"@type":"ImageObject","inLanguage":"en-US","@id":"https:\/\/www.renovomet.fi\/lannoitteenlevittimet\/#primaryimage","url":"https:\/\/www.renovomet.fi\/web\/wp-content\/uploads\/2023\/05\/1024x1024-400x400.png","contentUrl":"https:\/\/www.renovomet.fi\/web\/wp-content\/uploads\/2023\/05\/1024x1024-400x400.png"},{"@type":"BreadcrumbList","@id":"https:\/\/www.renovomet.fi\/lannoitteenlevittimet\/#breadcrumb","itemListElement":[{"@type":"ListItem","position":1,"name":"Home","item":"https:\/\/www.renovomet.fi\/"},{"@type":"ListItem","position":2,"name":"Lannoitteenlevittimet"}]},{"@type":"WebSite","@id":"https:\/\/www.renovomet.fi\/#website","url":"https:\/\/www.renovomet.fi\/","name":"Reittilanat - Latuh\u00f6yl\u00e4t - Renovomet Oy","description":"Laadukkaat ja kotimaiset ATV-lis\u00e4laitteet","publisher":{"@id":"https:\/\/www.renovomet.fi\/#organization"},"potentialAction":[{"@type":"SearchAction","target":{"@type":"EntryPoint","urlTemplate":"https:\/\/www.renovomet.fi\/?s={search_term_string}"},"query-input":{"@type":"PropertyValueSpecification","valueRequired":true,"valueName":"search_term_string"}}],"inLanguage":"en-US"},{"@type":"Organization","@id":"https:\/\/www.renovomet.fi\/#organization","name":"Renovomet Oy","alternateName":"Renovomet","url":"https:\/\/www.renovomet.fi\/","logo":{"@type":"ImageObject","inLanguage":"en-US","@id":"https:\/\/www.renovomet.fi\/#\/schema\/logo\/image\/","url":"https:\/\/www.renovomet.fi\/web\/wp-content\/uploads\/2023\/03\/Renovomet-Oy_NEW_V6-1.png","contentUrl":"https:\/\/www.renovomet.fi\/web\/wp-content\/uploads\/2023\/03\/Renovomet-Oy_NEW_V6-1.png","width":624,"height":106,"caption":"Renovomet Oy"},"image":{"@id":"https:\/\/www.renovomet.fi\/#\/schema\/logo\/image\/"},"sameAs":["https:\/\/www.instagram.com\/renovomet\/"]}]}},"_links":{"self":[{"href":"https:\/\/www.renovomet.fi\/en\/wp-json\/wp\/v2\/pages\/5490","targetHints":{"allow":["GET"]}}],"collection":[{"href":"https:\/\/www.renovomet.fi\/en\/wp-json\/wp\/v2\/pages"}],"about":[{"href":"https:\/\/www.renovomet.fi\/en\/wp-json\/wp\/v2\/types\/page"}],"author":[{"embeddable":true,"href":"https:\/\/www.renovomet.fi\/en\/wp-json\/wp\/v2\/users\/9"}],"replies":[{"embeddable":true,"href":"https:\/\/www.renovomet.fi\/en\/wp-json\/wp\/v2\/comments?post=5490"}],"version-history":[{"count":20,"href":"https:\/\/www.renovomet.fi\/en\/wp-json\/wp\/v2\/pages\/5490\/revisions"}],"predecessor-version":[{"id":6923,"href":"https:\/\/www.renovomet.fi\/en\/wp-json\/wp\/v2\/pages\/5490\/revisions\/6923"}],"wp:attachment":[{"href":"https:\/\/www.renovomet.fi\/en\/wp-json\/wp\/v2\/media?parent=5490"}],"curies":[{"name":"wp","href":"https:\/\/api.w.org\/{rel}","templated":true}]}}