{"id":6689,"date":"2023-08-19T17:50:34","date_gmt":"2023-08-19T14:50:34","guid":{"rendered":"https:\/\/www.renovomet.fi\/?page_id=6689"},"modified":"2023-09-10T16:52:26","modified_gmt":"2023-09-10T13:52:26","slug":"toimitus-ja-kayttoehdot","status":"publish","type":"page","link":"https:\/\/www.renovomet.fi\/en\/toimitus-ja-kayttoehdot\/","title":{"rendered":"Terms of delivery and use"},"content":{"rendered":"<div data-elementor-type=\"wp-page\" data-elementor-id=\"6689\" class=\"elementor elementor-6689\">\n\t\t\t\t\t\t<section class=\"elementor-section elementor-top-section elementor-element elementor-element-af1b1a8 elementor-section-boxed elementor-section-height-default elementor-section-height-default\" data-id=\"af1b1a8\" data-element_type=\"section\" data-e-type=\"section\">\n\t\t\t\t\t\t<div class=\"elementor-container elementor-column-gap-default\">\n\t\t\t\t\t<div class=\"elementor-column elementor-col-100 elementor-top-column elementor-element elementor-element-1625450\" data-id=\"1625450\" data-element_type=\"column\" data-e-type=\"column\">\n\t\t\t<div class=\"elementor-widget-wrap elementor-element-populated\">\n\t\t\t\t\t\t<div class=\"elementor-element elementor-element-ff2c51c elementor-widget elementor-widget-heading\" data-id=\"ff2c51c\" data-element_type=\"widget\" data-e-type=\"widget\" data-widget_type=\"heading.default\">\n\t\t\t\t<div class=\"elementor-widget-container\">\n\t\t\t\t\t<h1 class=\"elementor-heading-title elementor-size-default\">Terms of delivery and use<\/h1>\t\t\t\t<\/div>\n\t\t\t\t<\/div>\n\t\t\t\t\t<\/div>\n\t\t<\/div>\n\t\t\t\t\t<\/div>\n\t\t<\/section>\n\t\t\t\t<section class=\"elementor-section elementor-top-section elementor-element elementor-element-508df2d elementor-section-boxed elementor-section-height-default elementor-section-height-default\" data-id=\"508df2d\" data-element_type=\"section\" data-e-type=\"section\">\n\t\t\t\t\t\t<div class=\"elementor-container elementor-column-gap-default\">\n\t\t\t\t\t<div class=\"elementor-column elementor-col-100 elementor-top-column elementor-element elementor-element-79d2922\" data-id=\"79d2922\" data-element_type=\"column\" data-e-type=\"column\">\n\t\t\t<div class=\"elementor-widget-wrap elementor-element-populated\">\n\t\t\t\t\t\t<div class=\"elementor-element elementor-element-3c66d7f elementor-widget elementor-widget-text-editor\" data-id=\"3c66d7f\" data-element_type=\"widget\" data-e-type=\"widget\" data-widget_type=\"text-editor.default\">\n\t\t\t\t<div class=\"elementor-widget-container\">\n\t\t\t\t\t\t\t\t\t<p><span style=\"font-weight: 400;\">Renovomet Oy, Y-tunnus: 2925254-3 toimitusehdot, voimassa 9.8.2023 alkaen.<\/span><\/p><p><span style=\"font-weight: 400;\">Kangaslammentie 14<\/span><\/p><p><span style=\"font-weight: 400;\">82110 HEIN\u00c4VAARA<\/span><\/p><p><span style=\"font-weight: 400;\">info@renovomet.fi<\/span><\/p><p><span style=\"font-weight: 400;\">040 590 0773<\/span><\/p><p><span style=\"font-weight: 400;\">040 550 0675<\/span><\/p><p><span style=\"font-weight: 400;\">Puheluissa normaali paikallisverkkomaksu (pvm) tai kotimaisen matkapuhelinoperaattorin hinnaston mukainen matkapuhelinmaksu (mpm)<\/span><\/p><h3><b>Toimitusajat ja -kulut<\/b><\/h3><p><span style=\"font-weight: 400;\">Noudatamme kaikkien tuotteiden kohdalla k\u00e4yt\u00e4nt\u00f6\u00e4, jossa tuotteet postitetaan tai luovutetaan kuljetusyhti\u00f6lle viipym\u00e4tt\u00e4 maksutapahtuman todentamisen j\u00e4lkeen.\u00a0<\/span><\/p><p><span style=\"font-weight: 400;\">Varastossa olevien tuotteiden osalta toimitamme tuotteet maksutapahtuman todentamisen j\u00e4lkeen kolmessa arkip\u00e4iv\u00e4ss\u00e4 rahdinkuljettajalle. (Rahdista ja rahdin kestosta vastaa kuljetusyhti\u00f6)<\/span><\/p><p><span style=\"font-weight: 400;\">Tuotteet, jotka eiv\u00e4t tilaushetkell\u00e4 l\u00f6ydy varastosta laitetaan viipym\u00e4tt\u00e4 tuotantoon.Toimitusaika 2-4 viikkoa tilauksen k\u00e4sittelyst\u00e4.<\/span><\/p><p><span style=\"font-weight: 400;\">Toimituskulut vaihtelevat tilauksen koosta ja toimitus kohteesta. Toimituskulut n\u00e4ytet\u00e4\u00e4n asiakkaalle aina ennen tilauksen vahvistamista.<\/span><\/p><h3><b>Toimitustavat<\/b><\/h3><p><span style=\"font-weight: 400;\">Tarjoamme seuraavat toimitustavat: Posti, rahti, Kaukokiito.<\/span><\/p><p><span style=\"font-weight: 400;\">Toimitusehtona CPT Incoterms 2010, ellei muuten sovita.<\/span><\/p><p><span style=\"font-weight: 400;\">Tuotteet voidaan noutaa tehtaalta ilman pakkaus- ja toimituskuluja. Tavaran nouto- ja toimitusosoite: Kangaslammentie 14, 82110 HEIN\u00c4VAARA. Noudosta sovittava aina erikseen.<\/span><\/p><h3><b>K\u00e4sittelyaika<\/b><\/h3><p><span style=\"font-weight: 400;\">Vastaamme s\u00e4hk\u00f6posteihin kahden arkip\u00e4iv\u00e4n sis\u00e4ll\u00e4. Tilaukset k\u00e4sitell\u00e4\u00e4n v\u00e4litt\u00f6m\u00e4sti ja tilausvahvistus toimitetaan asiakkaalle kahden arkip\u00e4iv\u00e4n sis\u00e4ll\u00e4 tilauksen j\u00e4tt\u00e4misest\u00e4.<\/span><\/p><h3><b>Varastotilanne<\/b><\/h3><p><span style=\"font-weight: 400;\">Kaikille verkkokaupassa listatuille tuotteille ilmoitetaan varastosaldo. Mik\u00e4li tuotetta ei ole varastossa, varmista saatavuus ja toimitusaika osoitteesta info@renovomet.fi. Pyrimme pit\u00e4m\u00e4\u00e4n mahdollisimman monta tuotetta varastossa nopean toimituksen varmistamiseksi.<\/span><\/p><h3><b>Kansainv\u00e4liset toimitukset<\/b><\/h3><p><span style=\"font-weight: 400;\">Tarjoamme toimituksia my\u00f6s ulkomaille. Maakohtainen toimitus varmistetaan aina asiakaspalvelusta. Kansainv\u00e4liset toimitusajat ja -kulut vaihtelevat toimituskohteen mukaan. Lis\u00e4tietoja saat ottamalla yhteytt\u00e4 <\/span><a href=\"mailto:info@renovomet.fi\"><span style=\"font-weight: 400;\">info@renovomet.fi<\/span><\/a><span style=\"font-weight: 400;\">.<\/span><\/p><h3><b>Seuranta<\/b><\/h3><p><span style=\"font-weight: 400;\">Asiakas saa s\u00e4hk\u00f6postiin toimitusvahvistuksen, joka sis\u00e4lt\u00e4\u00e4 seurantakoodin, kun tilaus on l\u00e4hetetty. Seurantakoodilla voi seurata tilauksen kulkua kuljetusyhti\u00f6n verkkosivuilla.<\/span><\/p><h3><b>Vastaanottaminen<\/b><\/h3><p><span style=\"font-weight: 400;\">Asiakkaan tulee tarkistaa tilauksen kunto ja sis\u00e4lt\u00f6 heti vastaanotettaessa. Mahdollisista puutteista tai vaurioista tulee ilmoittaa kuljetusyhti\u00f6lle ja verkkokaupalle mahdollisimman pian.<\/span><\/p><h3><b>Palautusoikeus<\/b><\/h3><p><span style=\"font-weight: 400;\">Asiakkaan tyytyv\u00e4isyys on meille ensisijaisen t\u00e4rke\u00e4\u00e4, ja tarjoamme palautusoikeuden varmistaaksemme, ett\u00e4 jokainen asiakas saa laadukkaan tuotteen. Seuraavassa on tarkemmat ohjeet ja ehdot palautuksille:<\/span><\/p><p><b>Tuotteen kunto:<\/b><\/p><p><span style=\"font-weight: 400;\">Tuote tulee pit\u00e4\u00e4 uudenveroisessa k\u00e4ytt\u00e4m\u00e4tt\u00f6m\u00e4ss\u00e4 kunnossa. Tuotepakkauksen avaus on sallittu vain tarkastelua varten. Tuotetta ei saa ottaa k\u00e4ytt\u00f6\u00f6n, koota tai asentaa ja se on avattava varoen.<\/span><\/p><p><b>Palautusaika<\/b><span style=\"font-weight: 400;\">:<\/span><\/p><p><span style=\"font-weight: 400;\">Asiakkaalla on oikeus vaihtaa tai palauttaa tuote 14 p\u00e4iv\u00e4n kuluessa siit\u00e4 p\u00e4iv\u00e4st\u00e4, kun tuote on vastaanotettu.<\/span><\/p><p><b>Palautusk\u00e4sittely<\/b><span style=\"font-weight: 400;\">:<\/span><\/p><p><span style=\"font-weight: 400;\">Ennen vaihdon tai palautuksen aloittamista, asiakkaan tulee ottaa yhteytt\u00e4 asiakaspalveluumme info@renovomet.fi saadakseen ohjeet ja luvan. Palautuspyynt\u00f6 tulee tehd\u00e4 kirjallisesti ja sis\u00e4lt\u00e4\u00e4 tilausnumeron sek\u00e4 tuotteen tiedot.<\/span><\/p><p><b>Palautuskustannukset<\/b><span style=\"font-weight: 400;\">:<\/span><\/p><p><span style=\"font-weight: 400;\">Asiakas vastaa itse palautuksen kustannuksista, ellei palautuksen syyn\u00e4 ole virheellinen toimitus tai viallinen tuote. Palautuskustannukset riippuvat kuljetusyhti\u00f6st\u00e4 eik\u00e4 Renovomet Oy vastaa hintatasosta.<\/span><\/p><p><b>Pakkaaminen<\/b><span style=\"font-weight: 400;\">:<\/span><\/p><p><span style=\"font-weight: 400;\">Palautettava tuote tulee pakata huolellisesti alkuper\u00e4iseen pakkaukseen tai vastaavaan suojaavaan pakettiin. Tuotepakkaus tulee olla avattuna varoen, jotta tuotteen uudelleenmyyntikunto s\u00e4ilyy. Varmista, ett\u00e4 paketissa on mukana kaikki alkuper\u00e4iset osat, tarvikkeet ja ohjeet.<\/span><\/p><p><b>Hyvitys<\/b><span style=\"font-weight: 400;\">:<\/span><\/p><p><span style=\"font-weight: 400;\">Kun palautettu tuote on vastaanotettu, tarkastettu ja todettu olevan k\u00e4ytt\u00e4m\u00e4t\u00f6n ja myyntikuntoinen, hyvit\u00e4mme tuotteen hinnan asiakkaan alkuper\u00e4iselle maksutavalle. Mahdolliset palautuskustannukset eiv\u00e4t sis\u00e4lly hyvitykseen.<\/span><\/p><p><span style=\"font-weight: 400;\">Vaikka pyrimme tarjoamaan ensiluokkaisia tuotteita ja palvelua, ymm\u00e4rr\u00e4mme, ett\u00e4 ajoittain voi synty\u00e4 tilanteita, joissa asiakas on tyytym\u00e4t\u00f6n tai syntyy erimielisyyksi\u00e4. Olemme sitoutuneet ratkaisemaan kaikki riitatilanteet avoimesti, oikeudenmukaisesti ja ammattimaisesti. T\u00e4ss\u00e4 on ohjeet siit\u00e4, miten toimimme riitatilanteissa:<\/span><\/p><p><b>Ota yhteytt\u00e4 asiakaspalveluun:<\/b><\/p><p><span style=\"font-weight: 400;\">Jos kohtaat ongelman tai olet tyytym\u00e4t\u00f6n johonkin, ensimm\u00e4inen askel on ottaa yhteytt\u00e4 asiakaspalveluumme. Voit tehd\u00e4 t\u00e4m\u00e4n s\u00e4hk\u00f6postitse info@renovomet.fi. Kerro meille selke\u00e4sti ongelmasi tai riidan syy. Pyrimme vastaamaan mahdollisimman nopeasti.<\/span><\/p><p><b>Neuvottelu ja selvitys:<\/b><\/p><p><span style=\"font-weight: 400;\">Jos riita ei ratkea ensimm\u00e4isess\u00e4 vaiheessa, olemme valmiita neuvottelemaan ja etsim\u00e4\u00e4n kompromisseja. Ymm\u00e4rr\u00e4mme, ett\u00e4 jokainen tilanne on ainutlaatuinen, ja haluamme l\u00f6yt\u00e4\u00e4 ratkaisun, joka on oikeudenmukainen kaikille osapuolille.<\/span><\/p><p><b>Asiakkaan tyytyv\u00e4isyys:<\/b><\/p><p><span style=\"font-weight: 400;\">Tavoitteenamme on aina varmistaa, ett\u00e4 olet tyytyv\u00e4inen lopputulokseen. Pyrimme tarjoamaan vaihtoehtoja, kuten tuotteen vaihtamisen, palautuksen tai mahdollisen hyvityksen, jotta voimme palauttaa luottamuksen ja tyytyv\u00e4isyyden.<\/span><\/p><p><b>Ulkoiset sovittelijat:<\/b><\/p><p><span style=\"font-weight: 400;\">Jos emme pysty ratkaisemaan riitatilannetta asiakaspalvelun avulla, voimme harkita ulkopuolisen sovittelijan k\u00e4ytt\u00f6\u00e4 eli kuluttajariitalautakuntaa. (<\/span><a href=\"http:\/\/www.kuluttajariita.fi\"><span style=\"font-weight: 400;\">www.kuluttajariita.fi<\/span><\/a><span style=\"font-weight: 400;\">). Asiamieskuluja ei korvata.<\/span><\/p><h3><b>Takuu<\/b><\/h3><p><span style=\"font-weight: 400;\">Myyj\u00e4 tarjoaa tuotteille ja komponenteille takuun, jonka kesto on enint\u00e4\u00e4n yksi vuosi. Takuuaika alkaa kulua siit\u00e4 p\u00e4iv\u00e4st\u00e4, kun tuote on luovutettu ostajalle.<\/span><\/p><p><span style=\"font-weight: 400;\">Takuu on voimassa vain, jos tuotetta on k\u00e4ytetty huolellisesti ja ohjeiden mukaisesti sen alkuper\u00e4iseen k\u00e4ytt\u00f6tarkoitukseen. Myyj\u00e4 ei ole vastuussa virheist\u00e4, jotka johtuvat virheellisest\u00e4 asennuksesta, asennusohjeiden noudattamatta j\u00e4tt\u00e4misest\u00e4, normaalista kulumisesta, virheellisest\u00e4 k\u00e4yt\u00f6st\u00e4, huollon laiminly\u00f6nnist\u00e4 tai ostajan vastuulle kuuluvista huoltotoimenpiteist\u00e4 aiheutuneista vaurioista.<\/span><\/p><p><span style=\"font-weight: 400;\">Lis\u00e4ksi, jotta takuu olisi voimassa, ostajan tulee ilmoittaa havaitsemastaan viasta myyj\u00e4lle heti vian havaittuaan ja lopettaa viallisen tuotteen k\u00e4ytt\u00f6. Takuu ei sido myyj\u00e4\u00e4, mik\u00e4li joku muu kuin myyj\u00e4 tai myyj\u00e4n valtuuttama taho huoltaa, korjaa tai muuttaa tuotetta tai sen ominaisuuksia.<\/span><\/p><p><span style=\"font-weight: 400;\">Takuu ei kata tuotteen vaurioita, jotka ovat aiheutuneet odottamattomista ja ennakoimattomista syist\u00e4 tai tapahtumista, kuten ilkivallasta, onnettomuuksista, j\u00e4\u00e4tymisest\u00e4, luonnonkatastrofeista tai el\u00e4inten toiminnasta.<\/span><\/p>\t\t\t\t\t\t\t\t<\/div>\n\t\t\t\t<\/div>\n\t\t\t\t\t<\/div>\n\t\t<\/div>\n\t\t\t\t\t<\/div>\n\t\t<\/section>\n\t\t\t\t<\/div>","protected":false},"excerpt":{"rendered":"<p>Toimitus- ja k\u00e4ytt\u00f6ehdot Renovomet Oy, Y-tunnus: 2925254-3 toimitusehdot, voimassa 9.8.2023 alkaen. Kangaslammentie 14 82110 HEIN\u00c4VAARA info@renovomet.fi 040 590 0773 040 550 0675 Puheluissa normaali paikallisverkkomaksu (pvm) tai kotimaisen matkapuhelinoperaattorin hinnaston mukainen matkapuhelinmaksu (mpm) Toimitusajat ja -kulut Noudatamme kaikkien tuotteiden kohdalla k\u00e4yt\u00e4nt\u00f6\u00e4, jossa tuotteet postitetaan tai luovutetaan kuljetusyhti\u00f6lle viipym\u00e4tt\u00e4 maksutapahtuman todentamisen j\u00e4lkeen.\u00a0 Varastossa olevien tuotteiden osalta [&hellip;]<\/p>\n","protected":false},"author":9,"featured_media":0,"parent":0,"menu_order":0,"comment_status":"closed","ping_status":"closed","template":"","meta":{"inline_featured_image":false,"footnotes":""},"class_list":["post-6689","page","type-page","status-publish","hentry"],"blocksy_meta":[],"yoast_head":"<!-- This site is optimized with the Yoast SEO plugin v27.4 - https:\/\/yoast.com\/product\/yoast-seo-wordpress\/ -->\n<title>Toimitus- ja k\u00e4ytt\u00f6ehdot<\/title>\n<meta name=\"description\" content=\"Renovomet Oy Y-tunnus: 2925254-3 toimitusehdot, voimassa 9.8.2023 alkaen. Kangaslammentie 1482110 HEIN\u00c4VAARA info@renovomet.fi 040 590 0773 040 550 0675\" \/>\n<meta name=\"robots\" content=\"index, follow, max-snippet:-1, max-image-preview:large, max-video-preview:-1\" \/>\n<link rel=\"canonical\" href=\"https:\/\/www.renovomet.fi\/en\/toimitus-ja-kayttoehdot\/\" \/>\n<meta property=\"og:locale\" content=\"en_US\" \/>\n<meta property=\"og:type\" content=\"article\" \/>\n<meta property=\"og:title\" content=\"Toimitus- ja k\u00e4ytt\u00f6ehdot\" \/>\n<meta property=\"og:description\" content=\"Renovomet Oy Y-tunnus: 2925254-3 toimitusehdot, voimassa 9.8.2023 alkaen. Kangaslammentie 1482110 HEIN\u00c4VAARA info@renovomet.fi 040 590 0773 040 550 0675\" \/>\n<meta property=\"og:url\" content=\"https:\/\/www.renovomet.fi\/en\/toimitus-ja-kayttoehdot\/\" \/>\n<meta property=\"og:site_name\" content=\"Reittilanat - Latuh\u00f6yl\u00e4t - Renovomet Oy\" \/>\n<meta property=\"article:modified_time\" content=\"2023-09-10T13:52:26+00:00\" \/>\n<meta name=\"twitter:card\" content=\"summary_large_image\" \/>\n<meta name=\"twitter:label1\" content=\"Est. reading time\" \/>\n\t<meta name=\"twitter:data1\" content=\"3 minutes\" \/>\n<script type=\"application\/ld+json\" class=\"yoast-schema-graph\">{\"@context\":\"https:\\\/\\\/schema.org\",\"@graph\":[{\"@type\":\"WebPage\",\"@id\":\"https:\\\/\\\/www.renovomet.fi\\\/toimitus-ja-kayttoehdot\\\/\",\"url\":\"https:\\\/\\\/www.renovomet.fi\\\/toimitus-ja-kayttoehdot\\\/\",\"name\":\"Toimitus- ja k\u00e4ytt\u00f6ehdot\",\"isPartOf\":{\"@id\":\"https:\\\/\\\/www.renovomet.fi\\\/#website\"},\"datePublished\":\"2023-08-19T14:50:34+00:00\",\"dateModified\":\"2023-09-10T13:52:26+00:00\",\"description\":\"Renovomet Oy Y-tunnus: 2925254-3 toimitusehdot, voimassa 9.8.2023 alkaen. Kangaslammentie 1482110 HEIN\u00c4VAARA info@renovomet.fi 040 590 0773 040 550 0675\",\"breadcrumb\":{\"@id\":\"https:\\\/\\\/www.renovomet.fi\\\/toimitus-ja-kayttoehdot\\\/#breadcrumb\"},\"inLanguage\":\"en-US\",\"potentialAction\":[{\"@type\":\"ReadAction\",\"target\":[\"https:\\\/\\\/www.renovomet.fi\\\/toimitus-ja-kayttoehdot\\\/\"]}]},{\"@type\":\"BreadcrumbList\",\"@id\":\"https:\\\/\\\/www.renovomet.fi\\\/toimitus-ja-kayttoehdot\\\/#breadcrumb\",\"itemListElement\":[{\"@type\":\"ListItem\",\"position\":1,\"name\":\"Home\",\"item\":\"https:\\\/\\\/www.renovomet.fi\\\/\"},{\"@type\":\"ListItem\",\"position\":2,\"name\":\"Toimitus- ja k\u00e4ytt\u00f6ehdot\"}]},{\"@type\":\"WebSite\",\"@id\":\"https:\\\/\\\/www.renovomet.fi\\\/#website\",\"url\":\"https:\\\/\\\/www.renovomet.fi\\\/\",\"name\":\"Reittilanat - Latuh\u00f6yl\u00e4t - Renovomet Oy\",\"description\":\"Laadukkaat ja kotimaiset ATV-lis\u00e4laitteet\",\"publisher\":{\"@id\":\"https:\\\/\\\/www.renovomet.fi\\\/#organization\"},\"potentialAction\":[{\"@type\":\"SearchAction\",\"target\":{\"@type\":\"EntryPoint\",\"urlTemplate\":\"https:\\\/\\\/www.renovomet.fi\\\/?s={search_term_string}\"},\"query-input\":{\"@type\":\"PropertyValueSpecification\",\"valueRequired\":true,\"valueName\":\"search_term_string\"}}],\"inLanguage\":\"en-US\"},{\"@type\":\"Organization\",\"@id\":\"https:\\\/\\\/www.renovomet.fi\\\/#organization\",\"name\":\"Renovomet Oy\",\"alternateName\":\"Renovomet\",\"url\":\"https:\\\/\\\/www.renovomet.fi\\\/\",\"logo\":{\"@type\":\"ImageObject\",\"inLanguage\":\"en-US\",\"@id\":\"https:\\\/\\\/www.renovomet.fi\\\/#\\\/schema\\\/logo\\\/image\\\/\",\"url\":\"https:\\\/\\\/www.renovomet.fi\\\/web\\\/wp-content\\\/uploads\\\/2023\\\/03\\\/Renovomet-Oy_NEW_V6-1.png\",\"contentUrl\":\"https:\\\/\\\/www.renovomet.fi\\\/web\\\/wp-content\\\/uploads\\\/2023\\\/03\\\/Renovomet-Oy_NEW_V6-1.png\",\"width\":624,\"height\":106,\"caption\":\"Renovomet Oy\"},\"image\":{\"@id\":\"https:\\\/\\\/www.renovomet.fi\\\/#\\\/schema\\\/logo\\\/image\\\/\"},\"sameAs\":[\"https:\\\/\\\/www.instagram.com\\\/renovomet\\\/\"]}]}<\/script>\n<!-- \/ Yoast SEO plugin. -->","yoast_head_json":{"title":"Terms of delivery and use","description":"Renovomet Oy Y-tunnus: 2925254-3 toimitusehdot, voimassa 9.8.2023 alkaen. Kangaslammentie 1482110 HEIN\u00c4VAARA info@renovomet.fi 040 590 0773 040 550 0675","robots":{"index":"index","follow":"follow","max-snippet":"max-snippet:-1","max-image-preview":"max-image-preview:large","max-video-preview":"max-video-preview:-1"},"canonical":"https:\/\/www.renovomet.fi\/en\/toimitus-ja-kayttoehdot\/","og_locale":"en_US","og_type":"article","og_title":"Toimitus- ja k\u00e4ytt\u00f6ehdot","og_description":"Renovomet Oy Y-tunnus: 2925254-3 toimitusehdot, voimassa 9.8.2023 alkaen. Kangaslammentie 1482110 HEIN\u00c4VAARA info@renovomet.fi 040 590 0773 040 550 0675","og_url":"https:\/\/www.renovomet.fi\/en\/toimitus-ja-kayttoehdot\/","og_site_name":"Reittilanat - Latuh\u00f6yl\u00e4t - Renovomet Oy","article_modified_time":"2023-09-10T13:52:26+00:00","twitter_card":"summary_large_image","twitter_misc":{"Est. reading time":"3 minutes"},"schema":{"@context":"https:\/\/schema.org","@graph":[{"@type":"WebPage","@id":"https:\/\/www.renovomet.fi\/toimitus-ja-kayttoehdot\/","url":"https:\/\/www.renovomet.fi\/toimitus-ja-kayttoehdot\/","name":"Terms of delivery and use","isPartOf":{"@id":"https:\/\/www.renovomet.fi\/#website"},"datePublished":"2023-08-19T14:50:34+00:00","dateModified":"2023-09-10T13:52:26+00:00","description":"Renovomet Oy Y-tunnus: 2925254-3 toimitusehdot, voimassa 9.8.2023 alkaen. Kangaslammentie 1482110 HEIN\u00c4VAARA info@renovomet.fi 040 590 0773 040 550 0675","breadcrumb":{"@id":"https:\/\/www.renovomet.fi\/toimitus-ja-kayttoehdot\/#breadcrumb"},"inLanguage":"en-US","potentialAction":[{"@type":"ReadAction","target":["https:\/\/www.renovomet.fi\/toimitus-ja-kayttoehdot\/"]}]},{"@type":"BreadcrumbList","@id":"https:\/\/www.renovomet.fi\/toimitus-ja-kayttoehdot\/#breadcrumb","itemListElement":[{"@type":"ListItem","position":1,"name":"Home","item":"https:\/\/www.renovomet.fi\/"},{"@type":"ListItem","position":2,"name":"Toimitus- ja k\u00e4ytt\u00f6ehdot"}]},{"@type":"WebSite","@id":"https:\/\/www.renovomet.fi\/#website","url":"https:\/\/www.renovomet.fi\/","name":"Reittilanat - Latuh\u00f6yl\u00e4t - Renovomet Oy","description":"Laadukkaat ja kotimaiset ATV-lis\u00e4laitteet","publisher":{"@id":"https:\/\/www.renovomet.fi\/#organization"},"potentialAction":[{"@type":"SearchAction","target":{"@type":"EntryPoint","urlTemplate":"https:\/\/www.renovomet.fi\/?s={search_term_string}"},"query-input":{"@type":"PropertyValueSpecification","valueRequired":true,"valueName":"search_term_string"}}],"inLanguage":"en-US"},{"@type":"Organization","@id":"https:\/\/www.renovomet.fi\/#organization","name":"Renovomet Oy","alternateName":"Renovomet","url":"https:\/\/www.renovomet.fi\/","logo":{"@type":"ImageObject","inLanguage":"en-US","@id":"https:\/\/www.renovomet.fi\/#\/schema\/logo\/image\/","url":"https:\/\/www.renovomet.fi\/web\/wp-content\/uploads\/2023\/03\/Renovomet-Oy_NEW_V6-1.png","contentUrl":"https:\/\/www.renovomet.fi\/web\/wp-content\/uploads\/2023\/03\/Renovomet-Oy_NEW_V6-1.png","width":624,"height":106,"caption":"Renovomet Oy"},"image":{"@id":"https:\/\/www.renovomet.fi\/#\/schema\/logo\/image\/"},"sameAs":["https:\/\/www.instagram.com\/renovomet\/"]}]}},"_links":{"self":[{"href":"https:\/\/www.renovomet.fi\/en\/wp-json\/wp\/v2\/pages\/6689","targetHints":{"allow":["GET"]}}],"collection":[{"href":"https:\/\/www.renovomet.fi\/en\/wp-json\/wp\/v2\/pages"}],"about":[{"href":"https:\/\/www.renovomet.fi\/en\/wp-json\/wp\/v2\/types\/page"}],"author":[{"embeddable":true,"href":"https:\/\/www.renovomet.fi\/en\/wp-json\/wp\/v2\/users\/9"}],"replies":[{"embeddable":true,"href":"https:\/\/www.renovomet.fi\/en\/wp-json\/wp\/v2\/comments?post=6689"}],"version-history":[{"count":7,"href":"https:\/\/www.renovomet.fi\/en\/wp-json\/wp\/v2\/pages\/6689\/revisions"}],"predecessor-version":[{"id":6697,"href":"https:\/\/www.renovomet.fi\/en\/wp-json\/wp\/v2\/pages\/6689\/revisions\/6697"}],"wp:attachment":[{"href":"https:\/\/www.renovomet.fi\/en\/wp-json\/wp\/v2\/media?parent=6689"}],"curies":[{"name":"wp","href":"https:\/\/api.w.org\/{rel}","templated":true}]}}