{"id":7964,"date":"2025-11-26T14:47:53","date_gmt":"2025-11-26T12:47:53","guid":{"rendered":"https:\/\/www.renovomet.fi\/?page_id=7964"},"modified":"2025-11-26T15:22:09","modified_gmt":"2025-11-26T13:22:09","slug":"renovotrail1800t","status":"publish","type":"page","link":"https:\/\/www.renovomet.fi\/en\/tuotteet\/renovotrail1800t\/","title":{"rendered":"RenovoTrail&#x2122;1800T"},"content":{"rendered":"<div data-elementor-type=\"wp-page\" data-elementor-id=\"7964\" class=\"elementor elementor-7964\">\n\t\t\t\t\t\t<section class=\"elementor-section elementor-top-section elementor-element elementor-element-9133318 elementor-section-boxed elementor-section-height-default elementor-section-height-default\" data-id=\"9133318\" data-element_type=\"section\" data-e-type=\"section\">\n\t\t\t\t\t\t<div class=\"elementor-container elementor-column-gap-default\">\n\t\t\t\t\t<div class=\"elementor-column elementor-col-100 elementor-top-column elementor-element elementor-element-61a79ad\" data-id=\"61a79ad\" data-element_type=\"column\" data-e-type=\"column\">\n\t\t\t<div class=\"elementor-widget-wrap elementor-element-populated\">\n\t\t\t\t\t\t<div class=\"elementor-element elementor-element-68f2d4f elementor-widget elementor-widget-heading\" data-id=\"68f2d4f\" data-element_type=\"widget\" data-e-type=\"widget\" data-widget_type=\"heading.default\">\n\t\t\t\t<div class=\"elementor-widget-container\">\n\t\t\t\t\t<h2 class=\"elementor-heading-title elementor-size-default\">RenovoTrail\u2122 TLT1800M -tail plate<\/h2>\t\t\t\t<\/div>\n\t\t\t\t<\/div>\n\t\t\t\t\t<\/div>\n\t\t<\/div>\n\t\t\t\t\t<\/div>\n\t\t<\/section>\n\t\t\t\t<section class=\"elementor-section elementor-top-section elementor-element elementor-element-e165166 elementor-section-boxed elementor-section-height-default elementor-section-height-default\" data-id=\"e165166\" data-element_type=\"section\" data-e-type=\"section\">\n\t\t\t\t\t\t<div class=\"elementor-container elementor-column-gap-default\">\n\t\t\t\t\t<div class=\"elementor-column elementor-col-100 elementor-top-column elementor-element elementor-element-295d22e\" data-id=\"295d22e\" data-element_type=\"column\" data-e-type=\"column\">\n\t\t\t<div class=\"elementor-widget-wrap elementor-element-populated\">\n\t\t\t\t\t\t<div class=\"elementor-element elementor-element-add3513 elementor-widget elementor-widget-text-editor\" data-id=\"add3513\" data-element_type=\"widget\" data-e-type=\"widget\" data-widget_type=\"text-editor.default\">\n\t\t\t\t<div class=\"elementor-widget-container\">\n\t\t\t\t\t\t\t\t\t<p>High-quality domestic tail plate for a small tractor. Handy tail plate designed for leveling the ground and paving the road with small tractors. This robust accessory increases the versatility of your tractor. Also suitable for shoveling snow and, for example, plowing a cottage road.<\/p>\t\t\t\t\t\t\t\t<\/div>\n\t\t\t\t<\/div>\n\t\t\t\t<div class=\"elementor-element elementor-element-c359c6d elementor-widget elementor-widget-spacer\" data-id=\"c359c6d\" data-element_type=\"widget\" data-e-type=\"widget\" data-widget_type=\"spacer.default\">\n\t\t\t\t<div class=\"elementor-widget-container\">\n\t\t\t\t\t\t\t<div class=\"elementor-spacer\">\n\t\t\t<div class=\"elementor-spacer-inner\"><\/div>\n\t\t<\/div>\n\t\t\t\t\t\t<\/div>\n\t\t\t\t<\/div>\n\t\t\t\t\t<\/div>\n\t\t<\/div>\n\t\t\t\t\t<\/div>\n\t\t<\/section>\n\t\t\t\t<section class=\"elementor-section elementor-top-section elementor-element elementor-element-0c251c5 elementor-section-boxed elementor-section-height-default elementor-section-height-default\" data-id=\"0c251c5\" data-element_type=\"section\" data-e-type=\"section\">\n\t\t\t\t\t\t<div class=\"elementor-container elementor-column-gap-default\">\n\t\t\t\t\t<div class=\"elementor-column elementor-col-100 elementor-top-column elementor-element elementor-element-5c78782\" data-id=\"5c78782\" data-element_type=\"column\" data-e-type=\"column\">\n\t\t\t<div class=\"elementor-widget-wrap elementor-element-populated\">\n\t\t\t\t\t\t<div class=\"elementor-element elementor-element-57e510a elementor-widget elementor-widget-image\" data-id=\"57e510a\" data-element_type=\"widget\" data-e-type=\"widget\" data-widget_type=\"image.default\">\n\t\t\t\t<div class=\"elementor-widget-container\">\n\t\t\t\t\t\t\t\t\t\t\t\t\t\t\t<img fetchpriority=\"high\" decoding=\"async\" width=\"768\" height=\"497\" src=\"https:\/\/www.renovomet.fi\/web\/wp-content\/uploads\/2025\/05\/TL1800T_002-1-768x497.jpg\" class=\"attachment-medium_large size-medium_large wp-image-7828\" alt=\"\" srcset=\"https:\/\/www.renovomet.fi\/web\/wp-content\/uploads\/2025\/05\/TL1800T_002-1-768x497.jpg 768w, https:\/\/www.renovomet.fi\/web\/wp-content\/uploads\/2025\/05\/TL1800T_002-1-750x485.jpg 750w, https:\/\/www.renovomet.fi\/web\/wp-content\/uploads\/2025\/05\/TL1800T_002-1-600x388.jpg 600w, https:\/\/www.renovomet.fi\/web\/wp-content\/uploads\/2025\/05\/TL1800T_002-1-1024x663.jpg 1024w, https:\/\/www.renovomet.fi\/web\/wp-content\/uploads\/2025\/05\/TL1800T_002-1-18x12.jpg 18w, https:\/\/www.renovomet.fi\/web\/wp-content\/uploads\/2025\/05\/TL1800T_002-1.jpg 1468w\" sizes=\"(max-width: 768px) 100vw, 768px\" \/>\t\t\t\t\t\t\t\t\t\t\t\t\t\t\t<\/div>\n\t\t\t\t<\/div>\n\t\t\t\t\t<\/div>\n\t\t<\/div>\n\t\t\t\t\t<\/div>\n\t\t<\/section>\n\t\t\t\t<section class=\"elementor-section elementor-top-section elementor-element elementor-element-9562349 elementor-section-boxed elementor-section-height-default elementor-section-height-default\" data-id=\"9562349\" data-element_type=\"section\" data-e-type=\"section\">\n\t\t\t\t\t\t<div class=\"elementor-container elementor-column-gap-default\">\n\t\t\t\t\t<div class=\"elementor-column elementor-col-50 elementor-top-column elementor-element elementor-element-b7d78f4\" data-id=\"b7d78f4\" data-element_type=\"column\" data-e-type=\"column\">\n\t\t\t<div class=\"elementor-widget-wrap elementor-element-populated\">\n\t\t\t\t\t\t<div class=\"elementor-element elementor-element-5dc7cb1 elementor-widget elementor-widget-heading\" data-id=\"5dc7cb1\" data-element_type=\"widget\" data-e-type=\"widget\" data-widget_type=\"heading.default\">\n\t\t\t\t<div class=\"elementor-widget-container\">\n\t\t\t\t\t<h2 class=\"elementor-heading-title elementor-size-default\">Specifications:<\/h2>\t\t\t\t<\/div>\n\t\t\t\t<\/div>\n\t\t\t\t<div class=\"elementor-element elementor-element-2a0178f elementor-widget elementor-widget-text-editor\" data-id=\"2a0178f\" data-element_type=\"widget\" data-e-type=\"widget\" data-widget_type=\"text-editor.default\">\n\t\t\t\t<div class=\"elementor-widget-container\">\n\t\t\t\t\t\t\t\t\t<ul><li><b>Working width<\/b><b>:<\/b> 180 cm<\/li><li><b>Weight: <\/b>n. 100 kg<\/li><li><b>Blade: <\/b>Hardox400<\/li><li><b>Surface finish:<\/b> Powder coating<\/li><li><b>Warranty:<\/b> 1 year<\/li><\/ul><h6>Price:<\/h6><p><strong><em>1 295,00 \u20ac<\/em><\/strong><em>\u00a0(1 031,87 \u20ac)<\/em><\/p><p class=\"translation-block\">Renovomet Oy reserves the right to price changes, and is not responsible for any errors in the price list.<\/p>\t\t\t\t\t\t\t\t<\/div>\n\t\t\t\t<\/div>\n\t\t\t\t\t<\/div>\n\t\t<\/div>\n\t\t\t\t<div class=\"elementor-column elementor-col-50 elementor-top-column elementor-element elementor-element-7d9d4f6\" data-id=\"7d9d4f6\" data-element_type=\"column\" data-e-type=\"column\">\n\t\t\t<div class=\"elementor-widget-wrap elementor-element-populated\">\n\t\t\t\t\t\t<div class=\"elementor-element elementor-element-3c42ce3 elementor-widget elementor-widget-heading\" data-id=\"3c42ce3\" data-element_type=\"widget\" data-e-type=\"widget\" data-widget_type=\"heading.default\">\n\t\t\t\t<div class=\"elementor-widget-container\">\n\t\t\t\t\t<h2 class=\"elementor-heading-title elementor-size-default\">REQUEST AN OFFER<\/h2>\t\t\t\t<\/div>\n\t\t\t\t<\/div>\n\t\t\t\t<div class=\"elementor-element elementor-element-b7cb5e1 elementor-widget elementor-widget-text-editor\" data-id=\"b7cb5e1\" data-element_type=\"widget\" data-e-type=\"widget\" data-widget_type=\"text-editor.default\">\n\t\t\t\t<div class=\"elementor-widget-container\">\n\t\t\t\t\t\t\t\t\t<p>\n<div class=\"wpcf7 no-js\" id=\"wpcf7-f5000-o1\" lang=\"fi\" dir=\"ltr\" data-wpcf7-id=\"5000\">\n<div class=\"screen-reader-response\"><p role=\"status\" aria-live=\"polite\" aria-atomic=\"true\"><\/p> <ul><\/ul><\/div>\n<form action=\"\/en\/wp-json\/wp\/v2\/pages\/7964#wpcf7-f5000-o1\" method=\"post\" class=\"wpcf7-form init\" aria-label=\"Yhteydenottolomake\" novalidate=\"novalidate\" data-status=\"init\" data-trp-original-action=\"\/en\/wp-json\/wp\/v2\/pages\/7964#wpcf7-f5000-o1\">\n<fieldset class=\"hidden-fields-container\"><input type=\"hidden\" name=\"_wpcf7\" value=\"5000\" \/><input type=\"hidden\" name=\"_wpcf7_version\" value=\"6.1.5\" \/><input type=\"hidden\" name=\"_wpcf7_locale\" value=\"fi\" \/><input type=\"hidden\" name=\"_wpcf7_unit_tag\" value=\"wpcf7-f5000-o1\" \/><input type=\"hidden\" name=\"_wpcf7_container_post\" value=\"0\" \/><input type=\"hidden\" name=\"_wpcf7_posted_data_hash\" value=\"\" \/><input type=\"hidden\" name=\"_wpcf7_recaptcha_response\" value=\"\" \/>\n<\/fieldset>\n<p><label> Name<br \/>\n<span class=\"wpcf7-form-control-wrap\" data-name=\"your-name\"><input size=\"40\" maxlength=\"400\" class=\"wpcf7-form-control wpcf7-text wpcf7-validates-as-required\" autocomplete=\"name\" aria-required=\"true\" aria-invalid=\"false\" value=\"\" type=\"text\" name=\"your-name\" \/><\/span> <\/label>\n<\/p>\n<p><label> Phone number<br \/>\n<span class=\"wpcf7-form-control-wrap\" data-name=\"your-tel\"><input size=\"40\" maxlength=\"400\" class=\"wpcf7-form-control wpcf7-text wpcf7-validates-as-required\" autocomplete=\"tel\" aria-required=\"true\" aria-invalid=\"false\" value=\"\" type=\"text\" name=\"your-tel\" \/><\/span> <\/label>\n<\/p>\n<p><label> Email<br \/>\n<span class=\"wpcf7-form-control-wrap\" data-name=\"your-email\"><input size=\"40\" maxlength=\"400\" class=\"wpcf7-form-control wpcf7-email wpcf7-validates-as-required wpcf7-text wpcf7-validates-as-email\" autocomplete=\"email\" aria-required=\"true\" aria-invalid=\"false\" value=\"\" type=\"email\" name=\"your-email\" \/><\/span> <\/label>\n<\/p>\n<p><label> Katuosoite*<br \/>\n<span class=\"wpcf7-form-control-wrap\" data-name=\"your-number\"><input size=\"40\" maxlength=\"400\" class=\"wpcf7-form-control wpcf7-text wpcf7-validates-as-required\" aria-required=\"true\" aria-invalid=\"false\" value=\"\" type=\"text\" name=\"your-number\" \/><\/span> <\/label>\n<\/p>\n<p><label> Postcode*<br \/>\n<span class=\"wpcf7-form-control-wrap\" data-name=\"your-number\"><input size=\"40\" maxlength=\"400\" class=\"wpcf7-form-control wpcf7-text wpcf7-validates-as-required\" aria-required=\"true\" aria-invalid=\"false\" value=\"\" type=\"text\" name=\"your-number\" \/><\/span> <\/label>\n<\/p>\n<p><label> Product of interest*<br \/>\n<span class=\"wpcf7-form-control-wrap\" data-name=\"your-subject\"><input size=\"40\" maxlength=\"400\" class=\"wpcf7-form-control wpcf7-text wpcf7-validates-as-required\" aria-required=\"true\" aria-invalid=\"false\" value=\"\" type=\"text\" name=\"your-subject\" \/><\/span> <\/label>\n<\/p>\n<p><label> Message<br \/>\n<span class=\"wpcf7-form-control-wrap\" data-name=\"your-message\"><textarea cols=\"40\" rows=\"10\" maxlength=\"2000\" class=\"wpcf7-form-control wpcf7-textarea\" aria-invalid=\"false\" name=\"your-message\"><\/textarea><\/span> <\/label>\n<\/p>\n<p><input class=\"wpcf7-form-control wpcf7-submit has-spinner\" type=\"submit\" value=\"Send\" \/>\n<\/p><div class=\"wpcf7-response-output\" aria-hidden=\"true\"><\/div>\n<input type=\"hidden\" name=\"trp-form-language\" value=\"en\"\/><\/form>\n<\/div>\n<\/p>\t\t\t\t\t\t\t\t<\/div>\n\t\t\t\t<\/div>\n\t\t\t\t\t<\/div>\n\t\t<\/div>\n\t\t\t\t\t<\/div>\n\t\t<\/section>\n\t\t\t\t<section class=\"elementor-section elementor-top-section elementor-element elementor-element-8983bc7 elementor-section-boxed elementor-section-height-default elementor-section-height-default\" data-id=\"8983bc7\" data-element_type=\"section\" data-e-type=\"section\">\n\t\t\t\t\t\t<div class=\"elementor-container elementor-column-gap-default\">\n\t\t\t\t\t<div class=\"elementor-column elementor-col-100 elementor-top-column elementor-element elementor-element-081b4e9\" data-id=\"081b4e9\" data-element_type=\"column\" data-e-type=\"column\">\n\t\t\t<div class=\"elementor-widget-wrap elementor-element-populated\">\n\t\t\t\t\t\t<div class=\"elementor-element elementor-element-04851ef elementor-widget__width-initial elementor-widget elementor-widget-heading\" data-id=\"04851ef\" data-element_type=\"widget\" data-e-type=\"widget\" data-widget_type=\"heading.default\">\n\t\t\t\t<div class=\"elementor-widget-container\">\n\t\t\t\t\t<h2 class=\"elementor-heading-title elementor-size-default\">Pictures:<\/h2>\t\t\t\t<\/div>\n\t\t\t\t<\/div>\n\t\t\t\t\t<\/div>\n\t\t<\/div>\n\t\t\t\t\t<\/div>\n\t\t<\/section>\n\t\t\t\t<section class=\"elementor-section elementor-top-section elementor-element elementor-element-2d410ae elementor-section-boxed elementor-section-height-default elementor-section-height-default\" data-id=\"2d410ae\" data-element_type=\"section\" data-e-type=\"section\">\n\t\t\t\t\t\t<div class=\"elementor-container elementor-column-gap-default\">\n\t\t\t\t\t<div class=\"elementor-column elementor-col-100 elementor-top-column elementor-element elementor-element-39c60de\" data-id=\"39c60de\" data-element_type=\"column\" data-e-type=\"column\">\n\t\t\t<div class=\"elementor-widget-wrap elementor-element-populated\">\n\t\t\t\t\t\t<div class=\"elementor-element elementor-element-4566153 elementor-widget elementor-widget-image\" data-id=\"4566153\" data-element_type=\"widget\" data-e-type=\"widget\" data-widget_type=\"image.default\">\n\t\t\t\t<div class=\"elementor-widget-container\">\n\t\t\t\t\t\t\t\t\t\t\t\t\t\t\t<img decoding=\"async\" width=\"750\" height=\"608\" src=\"https:\/\/www.renovomet.fi\/web\/wp-content\/uploads\/2025\/11\/tlt1800-750x608.png\" class=\"attachment-medium size-medium wp-image-7971\" alt=\"\" srcset=\"https:\/\/www.renovomet.fi\/web\/wp-content\/uploads\/2025\/11\/tlt1800-750x608.png 750w, https:\/\/www.renovomet.fi\/web\/wp-content\/uploads\/2025\/11\/tlt1800-600x487.png 600w, https:\/\/www.renovomet.fi\/web\/wp-content\/uploads\/2025\/11\/tlt1800-768x623.png 768w, https:\/\/www.renovomet.fi\/web\/wp-content\/uploads\/2025\/11\/tlt1800-15x12.png 15w, https:\/\/www.renovomet.fi\/web\/wp-content\/uploads\/2025\/11\/tlt1800.png 841w\" sizes=\"(max-width: 750px) 100vw, 750px\" \/>\t\t\t\t\t\t\t\t\t\t\t\t\t\t\t<\/div>\n\t\t\t\t<\/div>\n\t\t\t\t\t<\/div>\n\t\t<\/div>\n\t\t\t\t\t<\/div>\n\t\t<\/section>\n\t\t\t\t<section class=\"elementor-section elementor-top-section elementor-element elementor-element-ff8ef3d elementor-section-boxed elementor-section-height-default elementor-section-height-default\" data-id=\"ff8ef3d\" data-element_type=\"section\" data-e-type=\"section\">\n\t\t\t\t\t\t<div class=\"elementor-container elementor-column-gap-default\">\n\t\t\t\t\t<div class=\"elementor-column elementor-col-100 elementor-top-column elementor-element elementor-element-1cf18cb\" data-id=\"1cf18cb\" data-element_type=\"column\" data-e-type=\"column\">\n\t\t\t<div class=\"elementor-widget-wrap elementor-element-populated\">\n\t\t\t\t\t\t<div class=\"elementor-element elementor-element-3800e81 elementor-widget elementor-widget-text-editor\" data-id=\"3800e81\" data-element_type=\"widget\" data-e-type=\"widget\" data-widget_type=\"text-editor.default\">\n\t\t\t\t<div class=\"elementor-widget-container\">\n\t\t\t\t\t\t\t\t\t<p><em>Sivua p\u00e4ivitetty 2.9.2024<\/em><\/p>\t\t\t\t\t\t\t\t<\/div>\n\t\t\t\t<\/div>\n\t\t\t\t\t<\/div>\n\t\t<\/div>\n\t\t\t\t\t<\/div>\n\t\t<\/section>\n\t\t\t\t<\/div>","protected":false},"excerpt":{"rendered":"<p>RenovoTrail&#x2122; TLT1800M -per\u00e4levy Laadukas kotimainen takalana pientraktoriin. K\u00e4tev\u00e4n per\u00e4levy, joka on suunniteltu maan tasaamiseen ja tien lanaamiseen pienill\u00e4 traktoreilla. T\u00e4m\u00e4 vankkarakenteinen lis\u00e4varuste lis\u00e4\u00e4 traktorisi monipuolisuutta. Soveltuu my\u00f6s lumen puskemiseen ja esimerkiksi m\u00f6kkitien auraukseen. Tekniset tiedot: Ty\u00f6leveys: 180 cm Paino: n. 100 kg Ter\u00e4: Verkkoter\u00e4 Hardox400 Pintak\u00e4sittely: Pulverimaalaus Takuu: 1 vuosi Hinta: 1 295,00 \u20ac\u00a0(1 031,87 [&hellip;]<\/p>\n","protected":false},"author":8,"featured_media":6512,"parent":4812,"menu_order":0,"comment_status":"closed","ping_status":"closed","template":"","meta":{"inline_featured_image":false,"footnotes":""},"class_list":["post-7964","page","type-page","status-publish","has-post-thumbnail","hentry"],"blocksy_meta":[],"yoast_head":"<!-- This site is optimized with the Yoast SEO plugin v27.4 - https:\/\/yoast.com\/product\/yoast-seo-wordpress\/ -->\n<title>RenovoTrail&#x2122;1800T - tielana<\/title>\n<meta name=\"description\" content=\"TL150M\/H -tielana on asennettavissa m\u00f6nkij\u00e4n tukkik\u00e4rryyn taka- tai mahanaluster\u00e4ksi. Lanan korkeuden s\u00e4\u00e4d\u00f6ksi voidaan valita manuaalinen tai hydraulinen.\" \/>\n<meta name=\"robots\" content=\"index, follow, max-snippet:-1, max-image-preview:large, max-video-preview:-1\" \/>\n<link rel=\"canonical\" href=\"https:\/\/www.renovomet.fi\/en\/tuotteet\/renovotrail1800t\/\" \/>\n<meta property=\"og:locale\" content=\"en_US\" \/>\n<meta property=\"og:type\" content=\"article\" \/>\n<meta property=\"og:title\" content=\"RenovoTrail&#x2122;1800T - tielana\" \/>\n<meta property=\"og:description\" content=\"TL150M\/H -tielana on asennettavissa m\u00f6nkij\u00e4n tukkik\u00e4rryyn taka- tai mahanaluster\u00e4ksi. Lanan korkeuden s\u00e4\u00e4d\u00f6ksi voidaan valita manuaalinen tai hydraulinen.\" \/>\n<meta property=\"og:url\" content=\"https:\/\/www.renovomet.fi\/en\/tuotteet\/renovotrail1800t\/\" \/>\n<meta property=\"og:site_name\" content=\"Reittilanat - Latuh\u00f6yl\u00e4t - Renovomet Oy\" \/>\n<meta property=\"article:modified_time\" content=\"2025-11-26T13:22:09+00:00\" \/>\n<meta property=\"og:image\" content=\"https:\/\/www.renovomet.fi\/web\/wp-content\/uploads\/2023\/06\/20230614_164753-scaled.jpg\" \/>\n\t<meta property=\"og:image:width\" content=\"2560\" \/>\n\t<meta property=\"og:image:height\" content=\"1920\" \/>\n\t<meta property=\"og:image:type\" content=\"image\/jpeg\" \/>\n<meta name=\"twitter:card\" content=\"summary_large_image\" \/>\n<meta name=\"twitter:label1\" content=\"Est. reading time\" \/>\n\t<meta name=\"twitter:data1\" content=\"1 minute\" \/>\n<script type=\"application\/ld+json\" class=\"yoast-schema-graph\">{\"@context\":\"https:\\\/\\\/schema.org\",\"@graph\":[{\"@type\":\"WebPage\",\"@id\":\"https:\\\/\\\/www.renovomet.fi\\\/tuotteet\\\/renovotrail1800t\\\/\",\"url\":\"https:\\\/\\\/www.renovomet.fi\\\/tuotteet\\\/renovotrail1800t\\\/\",\"name\":\"RenovoTrail&#x2122;1800T - tielana\",\"isPartOf\":{\"@id\":\"https:\\\/\\\/www.renovomet.fi\\\/#website\"},\"primaryImageOfPage\":{\"@id\":\"https:\\\/\\\/www.renovomet.fi\\\/tuotteet\\\/renovotrail1800t\\\/#primaryimage\"},\"image\":{\"@id\":\"https:\\\/\\\/www.renovomet.fi\\\/tuotteet\\\/renovotrail1800t\\\/#primaryimage\"},\"thumbnailUrl\":\"https:\\\/\\\/www.renovomet.fi\\\/web\\\/wp-content\\\/uploads\\\/2023\\\/06\\\/20230614_164753-scaled.jpg\",\"datePublished\":\"2025-11-26T12:47:53+00:00\",\"dateModified\":\"2025-11-26T13:22:09+00:00\",\"description\":\"TL150M\\\/H -tielana on asennettavissa m\u00f6nkij\u00e4n tukkik\u00e4rryyn taka- tai mahanaluster\u00e4ksi. Lanan korkeuden s\u00e4\u00e4d\u00f6ksi voidaan valita manuaalinen tai hydraulinen.\",\"breadcrumb\":{\"@id\":\"https:\\\/\\\/www.renovomet.fi\\\/tuotteet\\\/renovotrail1800t\\\/#breadcrumb\"},\"inLanguage\":\"en-US\",\"potentialAction\":[{\"@type\":\"ReadAction\",\"target\":[\"https:\\\/\\\/www.renovomet.fi\\\/tuotteet\\\/renovotrail1800t\\\/\"]}]},{\"@type\":\"ImageObject\",\"inLanguage\":\"en-US\",\"@id\":\"https:\\\/\\\/www.renovomet.fi\\\/tuotteet\\\/renovotrail1800t\\\/#primaryimage\",\"url\":\"https:\\\/\\\/www.renovomet.fi\\\/web\\\/wp-content\\\/uploads\\\/2023\\\/06\\\/20230614_164753-scaled.jpg\",\"contentUrl\":\"https:\\\/\\\/www.renovomet.fi\\\/web\\\/wp-content\\\/uploads\\\/2023\\\/06\\\/20230614_164753-scaled.jpg\",\"width\":2560,\"height\":1920},{\"@type\":\"BreadcrumbList\",\"@id\":\"https:\\\/\\\/www.renovomet.fi\\\/tuotteet\\\/renovotrail1800t\\\/#breadcrumb\",\"itemListElement\":[{\"@type\":\"ListItem\",\"position\":1,\"name\":\"Home\",\"item\":\"https:\\\/\\\/www.renovomet.fi\\\/\"},{\"@type\":\"ListItem\",\"position\":2,\"name\":\"Tuotteet\",\"item\":\"https:\\\/\\\/www.renovomet.fi\\\/tuotteet\\\/\"},{\"@type\":\"ListItem\",\"position\":3,\"name\":\"RenovoTrail&#x2122;1800T\"}]},{\"@type\":\"WebSite\",\"@id\":\"https:\\\/\\\/www.renovomet.fi\\\/#website\",\"url\":\"https:\\\/\\\/www.renovomet.fi\\\/\",\"name\":\"Reittilanat - Latuh\u00f6yl\u00e4t - Renovomet Oy\",\"description\":\"Laadukkaat ja kotimaiset ATV-lis\u00e4laitteet\",\"publisher\":{\"@id\":\"https:\\\/\\\/www.renovomet.fi\\\/#organization\"},\"potentialAction\":[{\"@type\":\"SearchAction\",\"target\":{\"@type\":\"EntryPoint\",\"urlTemplate\":\"https:\\\/\\\/www.renovomet.fi\\\/?s={search_term_string}\"},\"query-input\":{\"@type\":\"PropertyValueSpecification\",\"valueRequired\":true,\"valueName\":\"search_term_string\"}}],\"inLanguage\":\"en-US\"},{\"@type\":\"Organization\",\"@id\":\"https:\\\/\\\/www.renovomet.fi\\\/#organization\",\"name\":\"Renovomet Oy\",\"alternateName\":\"Renovomet\",\"url\":\"https:\\\/\\\/www.renovomet.fi\\\/\",\"logo\":{\"@type\":\"ImageObject\",\"inLanguage\":\"en-US\",\"@id\":\"https:\\\/\\\/www.renovomet.fi\\\/#\\\/schema\\\/logo\\\/image\\\/\",\"url\":\"https:\\\/\\\/www.renovomet.fi\\\/web\\\/wp-content\\\/uploads\\\/2023\\\/03\\\/Renovomet-Oy_NEW_V6-1.png\",\"contentUrl\":\"https:\\\/\\\/www.renovomet.fi\\\/web\\\/wp-content\\\/uploads\\\/2023\\\/03\\\/Renovomet-Oy_NEW_V6-1.png\",\"width\":624,\"height\":106,\"caption\":\"Renovomet Oy\"},\"image\":{\"@id\":\"https:\\\/\\\/www.renovomet.fi\\\/#\\\/schema\\\/logo\\\/image\\\/\"},\"sameAs\":[\"https:\\\/\\\/www.instagram.com\\\/renovomet\\\/\"]}]}<\/script>\n<!-- \/ Yoast SEO plugin. -->","yoast_head_json":{"title":"RenovoTrail&#x2122;1800T - tielana","description":"TL150M\/H -tielana on asennettavissa m\u00f6nkij\u00e4n tukkik\u00e4rryyn taka- tai mahanaluster\u00e4ksi. Lanan korkeuden s\u00e4\u00e4d\u00f6ksi voidaan valita manuaalinen tai hydraulinen.","robots":{"index":"index","follow":"follow","max-snippet":"max-snippet:-1","max-image-preview":"max-image-preview:large","max-video-preview":"max-video-preview:-1"},"canonical":"https:\/\/www.renovomet.fi\/en\/tuotteet\/renovotrail1800t\/","og_locale":"en_US","og_type":"article","og_title":"RenovoTrail&#x2122;1800T - tielana","og_description":"TL150M\/H -tielana on asennettavissa m\u00f6nkij\u00e4n tukkik\u00e4rryyn taka- tai mahanaluster\u00e4ksi. Lanan korkeuden s\u00e4\u00e4d\u00f6ksi voidaan valita manuaalinen tai hydraulinen.","og_url":"https:\/\/www.renovomet.fi\/en\/tuotteet\/renovotrail1800t\/","og_site_name":"Reittilanat - Latuh\u00f6yl\u00e4t - Renovomet Oy","article_modified_time":"2025-11-26T13:22:09+00:00","og_image":[{"width":2560,"height":1920,"url":"https:\/\/www.renovomet.fi\/web\/wp-content\/uploads\/2023\/06\/20230614_164753-scaled.jpg","type":"image\/jpeg"}],"twitter_card":"summary_large_image","twitter_misc":{"Est. reading time":"1 minute"},"schema":{"@context":"https:\/\/schema.org","@graph":[{"@type":"WebPage","@id":"https:\/\/www.renovomet.fi\/tuotteet\/renovotrail1800t\/","url":"https:\/\/www.renovomet.fi\/tuotteet\/renovotrail1800t\/","name":"RenovoTrail&#x2122;1800T - tielana","isPartOf":{"@id":"https:\/\/www.renovomet.fi\/#website"},"primaryImageOfPage":{"@id":"https:\/\/www.renovomet.fi\/tuotteet\/renovotrail1800t\/#primaryimage"},"image":{"@id":"https:\/\/www.renovomet.fi\/tuotteet\/renovotrail1800t\/#primaryimage"},"thumbnailUrl":"https:\/\/www.renovomet.fi\/web\/wp-content\/uploads\/2023\/06\/20230614_164753-scaled.jpg","datePublished":"2025-11-26T12:47:53+00:00","dateModified":"2025-11-26T13:22:09+00:00","description":"TL150M\/H -tielana on asennettavissa m\u00f6nkij\u00e4n tukkik\u00e4rryyn taka- tai mahanaluster\u00e4ksi. Lanan korkeuden s\u00e4\u00e4d\u00f6ksi voidaan valita manuaalinen tai hydraulinen.","breadcrumb":{"@id":"https:\/\/www.renovomet.fi\/tuotteet\/renovotrail1800t\/#breadcrumb"},"inLanguage":"en-US","potentialAction":[{"@type":"ReadAction","target":["https:\/\/www.renovomet.fi\/tuotteet\/renovotrail1800t\/"]}]},{"@type":"ImageObject","inLanguage":"en-US","@id":"https:\/\/www.renovomet.fi\/tuotteet\/renovotrail1800t\/#primaryimage","url":"https:\/\/www.renovomet.fi\/web\/wp-content\/uploads\/2023\/06\/20230614_164753-scaled.jpg","contentUrl":"https:\/\/www.renovomet.fi\/web\/wp-content\/uploads\/2023\/06\/20230614_164753-scaled.jpg","width":2560,"height":1920},{"@type":"BreadcrumbList","@id":"https:\/\/www.renovomet.fi\/tuotteet\/renovotrail1800t\/#breadcrumb","itemListElement":[{"@type":"ListItem","position":1,"name":"Home","item":"https:\/\/www.renovomet.fi\/"},{"@type":"ListItem","position":2,"name":"Tuotteet","item":"https:\/\/www.renovomet.fi\/tuotteet\/"},{"@type":"ListItem","position":3,"name":"RenovoTrail&#x2122;1800T"}]},{"@type":"WebSite","@id":"https:\/\/www.renovomet.fi\/#website","url":"https:\/\/www.renovomet.fi\/","name":"Reittilanat - Latuh\u00f6yl\u00e4t - Renovomet Oy","description":"Laadukkaat ja kotimaiset ATV-lis\u00e4laitteet","publisher":{"@id":"https:\/\/www.renovomet.fi\/#organization"},"potentialAction":[{"@type":"SearchAction","target":{"@type":"EntryPoint","urlTemplate":"https:\/\/www.renovomet.fi\/?s={search_term_string}"},"query-input":{"@type":"PropertyValueSpecification","valueRequired":true,"valueName":"search_term_string"}}],"inLanguage":"en-US"},{"@type":"Organization","@id":"https:\/\/www.renovomet.fi\/#organization","name":"Renovomet Oy","alternateName":"Renovomet","url":"https:\/\/www.renovomet.fi\/","logo":{"@type":"ImageObject","inLanguage":"en-US","@id":"https:\/\/www.renovomet.fi\/#\/schema\/logo\/image\/","url":"https:\/\/www.renovomet.fi\/web\/wp-content\/uploads\/2023\/03\/Renovomet-Oy_NEW_V6-1.png","contentUrl":"https:\/\/www.renovomet.fi\/web\/wp-content\/uploads\/2023\/03\/Renovomet-Oy_NEW_V6-1.png","width":624,"height":106,"caption":"Renovomet Oy"},"image":{"@id":"https:\/\/www.renovomet.fi\/#\/schema\/logo\/image\/"},"sameAs":["https:\/\/www.instagram.com\/renovomet\/"]}]}},"_links":{"self":[{"href":"https:\/\/www.renovomet.fi\/en\/wp-json\/wp\/v2\/pages\/7964","targetHints":{"allow":["GET"]}}],"collection":[{"href":"https:\/\/www.renovomet.fi\/en\/wp-json\/wp\/v2\/pages"}],"about":[{"href":"https:\/\/www.renovomet.fi\/en\/wp-json\/wp\/v2\/types\/page"}],"author":[{"embeddable":true,"href":"https:\/\/www.renovomet.fi\/en\/wp-json\/wp\/v2\/users\/8"}],"replies":[{"embeddable":true,"href":"https:\/\/www.renovomet.fi\/en\/wp-json\/wp\/v2\/comments?post=7964"}],"version-history":[{"count":10,"href":"https:\/\/www.renovomet.fi\/en\/wp-json\/wp\/v2\/pages\/7964\/revisions"}],"predecessor-version":[{"id":7977,"href":"https:\/\/www.renovomet.fi\/en\/wp-json\/wp\/v2\/pages\/7964\/revisions\/7977"}],"up":[{"embeddable":true,"href":"https:\/\/www.renovomet.fi\/en\/wp-json\/wp\/v2\/pages\/4812"}],"wp:featuredmedia":[{"embeddable":true,"href":"https:\/\/www.renovomet.fi\/en\/wp-json\/wp\/v2\/media\/6512"}],"wp:attachment":[{"href":"https:\/\/www.renovomet.fi\/en\/wp-json\/wp\/v2\/media?parent=7964"}],"curies":[{"name":"wp","href":"https:\/\/api.w.org\/{rel}","templated":true}]}}