{"id":82,"date":"2012-11-08T17:50:13","date_gmt":"2012-11-08T15:50:13","guid":{"rendered":"https:\/\/www.renovomet.fi\/web\/?page_id=82"},"modified":"2023-08-19T15:59:46","modified_gmt":"2023-08-19T12:59:46","slug":"palaute","status":"publish","type":"page","link":"https:\/\/www.renovomet.fi\/en\/palaute\/","title":{"rendered":"FEEDBACK"},"content":{"rendered":"<div data-elementor-type=\"wp-page\" data-elementor-id=\"82\" class=\"elementor elementor-82\">\n\t\t\t\t\t\t<section class=\"elementor-section elementor-top-section elementor-element elementor-element-06372e2 elementor-section-boxed elementor-section-height-default elementor-section-height-default\" data-id=\"06372e2\" data-element_type=\"section\" data-e-type=\"section\">\n\t\t\t\t\t\t<div class=\"elementor-container elementor-column-gap-default\">\n\t\t\t\t\t<div class=\"elementor-column elementor-col-100 elementor-top-column elementor-element elementor-element-52d1a81\" data-id=\"52d1a81\" data-element_type=\"column\" data-e-type=\"column\">\n\t\t\t<div class=\"elementor-widget-wrap elementor-element-populated\">\n\t\t\t\t\t\t<div class=\"elementor-element elementor-element-c382c81 elementor-widget elementor-widget-heading\" data-id=\"c382c81\" data-element_type=\"widget\" data-e-type=\"widget\" data-widget_type=\"heading.default\">\n\t\t\t\t<div class=\"elementor-widget-container\">\n\t\t\t\t\t<h2 class=\"elementor-heading-title elementor-size-large\">FEEDBACK<\/h2>\t\t\t\t<\/div>\n\t\t\t\t<\/div>\n\t\t\t\t\t<\/div>\n\t\t<\/div>\n\t\t\t\t\t<\/div>\n\t\t<\/section>\n\t\t\t\t<section class=\"elementor-section elementor-top-section elementor-element elementor-element-301e8228 elementor-section-boxed elementor-section-height-default elementor-section-height-default\" data-id=\"301e8228\" data-element_type=\"section\" data-e-type=\"section\">\n\t\t\t\t\t\t<div class=\"elementor-container elementor-column-gap-default\">\n\t\t\t\t\t<div class=\"elementor-column elementor-col-100 elementor-top-column elementor-element elementor-element-640d28d2\" data-id=\"640d28d2\" data-element_type=\"column\" data-e-type=\"column\">\n\t\t\t<div class=\"elementor-widget-wrap elementor-element-populated\">\n\t\t\t\t\t\t<div class=\"elementor-element elementor-element-449c429 elementor-widget elementor-widget-text-editor\" data-id=\"449c429\" data-element_type=\"widget\" data-e-type=\"widget\" data-widget_type=\"text-editor.default\">\n\t\t\t\t<div class=\"elementor-widget-container\">\n\t\t\t\t\t\t\t\t\t<p><span style=\"font-size: inherit; text-align: inherit; color: var(--theme-text-color); font-family: var(--fontFamily); font-style: var(--fontStyle, inherit); font-weight: var(--fontWeight); letter-spacing: var(--letterSpacing); text-transform: var(--textTransform);\">\n<div class=\"wpcf7 no-js\" id=\"wpcf7-f85-o1\" lang=\"en-US\" dir=\"ltr\" data-wpcf7-id=\"85\">\n<div class=\"screen-reader-response\"><p role=\"status\" aria-live=\"polite\" aria-atomic=\"true\"><\/p> <ul><\/ul><\/div>\n<form action=\"\/en\/wp-json\/wp\/v2\/pages\/82#wpcf7-f85-o1\" method=\"post\" class=\"wpcf7-form init\" aria-label=\"Contact form\" novalidate=\"novalidate\" data-status=\"init\" data-trp-original-action=\"\/en\/wp-json\/wp\/v2\/pages\/82#wpcf7-f85-o1\">\n<fieldset class=\"hidden-fields-container\"><input type=\"hidden\" name=\"_wpcf7\" value=\"85\" \/><input type=\"hidden\" name=\"_wpcf7_version\" value=\"6.1.5\" \/><input type=\"hidden\" name=\"_wpcf7_locale\" value=\"en_US\" \/><input type=\"hidden\" name=\"_wpcf7_unit_tag\" value=\"wpcf7-f85-o1\" \/><input type=\"hidden\" name=\"_wpcf7_container_post\" value=\"0\" \/><input type=\"hidden\" name=\"_wpcf7_posted_data_hash\" value=\"\" \/><input type=\"hidden\" name=\"_wpcf7_recaptcha_response\" value=\"\" \/>\n<\/fieldset>\n<p>Name\n<\/p>\n<p><span class=\"wpcf7-form-control-wrap\" data-name=\"your-name\"><input size=\"40\" maxlength=\"400\" class=\"wpcf7-form-control wpcf7-text wpcf7-validates-as-required\" aria-required=\"true\" aria-invalid=\"false\" value=\"\" type=\"text\" name=\"your-name\" \/><\/span>\n<\/p>\n<p>Email\n<\/p>\n<p><span class=\"wpcf7-form-control-wrap\" data-name=\"your-email\"><input size=\"40\" maxlength=\"400\" class=\"wpcf7-form-control wpcf7-email wpcf7-text wpcf7-validates-as-email\" aria-invalid=\"false\" value=\"\" type=\"email\" name=\"your-email\" \/><\/span>\n<\/p>\n<p>Topic\n<\/p>\n<p><span class=\"wpcf7-form-control-wrap\" data-name=\"your-subject\"><input size=\"40\" maxlength=\"400\" class=\"wpcf7-form-control wpcf7-text\" aria-invalid=\"false\" value=\"\" type=\"text\" name=\"your-subject\" \/><\/span>\n<\/p>\n<p>Message\n<\/p>\n<p><span class=\"wpcf7-form-control-wrap\" data-name=\"your-message\"><textarea cols=\"40\" rows=\"10\" maxlength=\"2000\" class=\"wpcf7-form-control wpcf7-textarea wpcf7-validates-as-required\" aria-required=\"true\" aria-invalid=\"false\" name=\"your-message\"><\/textarea><\/span>\n<\/p>\n<p><input class=\"wpcf7-form-control wpcf7-submit has-spinner\" type=\"submit\" value=\"Send\" \/>\n<\/p><div class=\"wpcf7-response-output\" aria-hidden=\"true\"><\/div>\n<input type=\"hidden\" name=\"trp-form-language\" value=\"en\"\/><\/form>\n<\/div>\n<\/span><\/p>\t\t\t\t\t\t\t\t<\/div>\n\t\t\t\t<\/div>\n\t\t\t\t\t<\/div>\n\t\t<\/div>\n\t\t\t\t\t<\/div>\n\t\t<\/section>\n\t\t\t\t<\/div>","protected":false},"excerpt":{"rendered":"<p>FEEDBACK<\/p>","protected":false},"author":9,"featured_media":0,"parent":0,"menu_order":9,"comment_status":"closed","ping_status":"open","template":"","meta":{"inline_featured_image":false,"footnotes":""},"class_list":["post-82","page","type-page","status-publish","hentry"],"blocksy_meta":[],"yoast_head":"<!-- This site is optimized with the Yoast SEO plugin v27.4 - https:\/\/yoast.com\/product\/yoast-seo-wordpress\/ -->\n<title>Palaute - Reittilanat - Latuh\u00f6yl\u00e4t - Renovomet Oy<\/title>\n<meta name=\"robots\" content=\"index, follow, max-snippet:-1, max-image-preview:large, max-video-preview:-1\" \/>\n<link rel=\"canonical\" href=\"https:\/\/www.renovomet.fi\/en\/palaute\/\" \/>\n<meta property=\"og:locale\" content=\"en_US\" \/>\n<meta property=\"og:type\" content=\"article\" \/>\n<meta property=\"og:title\" content=\"Palaute - Reittilanat - Latuh\u00f6yl\u00e4t - Renovomet Oy\" \/>\n<meta property=\"og:description\" content=\"PALAUTE\" \/>\n<meta property=\"og:url\" content=\"https:\/\/www.renovomet.fi\/en\/palaute\/\" \/>\n<meta property=\"og:site_name\" content=\"Reittilanat - Latuh\u00f6yl\u00e4t - Renovomet Oy\" \/>\n<meta property=\"article:modified_time\" content=\"2023-08-19T12:59:46+00:00\" \/>\n<meta name=\"twitter:card\" content=\"summary_large_image\" \/>\n<meta name=\"twitter:label1\" content=\"Est. reading time\" \/>\n\t<meta name=\"twitter:data1\" content=\"1 minute\" \/>\n<script type=\"application\/ld+json\" class=\"yoast-schema-graph\">{\"@context\":\"https:\\\/\\\/schema.org\",\"@graph\":[{\"@type\":\"WebPage\",\"@id\":\"https:\\\/\\\/www.renovomet.fi\\\/palaute\\\/\",\"url\":\"https:\\\/\\\/www.renovomet.fi\\\/palaute\\\/\",\"name\":\"Palaute - Reittilanat - Latuh\u00f6yl\u00e4t - Renovomet Oy\",\"isPartOf\":{\"@id\":\"https:\\\/\\\/www.renovomet.fi\\\/#website\"},\"datePublished\":\"2012-11-08T15:50:13+00:00\",\"dateModified\":\"2023-08-19T12:59:46+00:00\",\"breadcrumb\":{\"@id\":\"https:\\\/\\\/www.renovomet.fi\\\/palaute\\\/#breadcrumb\"},\"inLanguage\":\"en-US\",\"potentialAction\":[{\"@type\":\"ReadAction\",\"target\":[\"https:\\\/\\\/www.renovomet.fi\\\/palaute\\\/\"]}]},{\"@type\":\"BreadcrumbList\",\"@id\":\"https:\\\/\\\/www.renovomet.fi\\\/palaute\\\/#breadcrumb\",\"itemListElement\":[{\"@type\":\"ListItem\",\"position\":1,\"name\":\"Home\",\"item\":\"https:\\\/\\\/www.renovomet.fi\\\/\"},{\"@type\":\"ListItem\",\"position\":2,\"name\":\"Palaute\"}]},{\"@type\":\"WebSite\",\"@id\":\"https:\\\/\\\/www.renovomet.fi\\\/#website\",\"url\":\"https:\\\/\\\/www.renovomet.fi\\\/\",\"name\":\"Reittilanat - Latuh\u00f6yl\u00e4t - Renovomet Oy\",\"description\":\"Laadukkaat ja kotimaiset ATV-lis\u00e4laitteet\",\"publisher\":{\"@id\":\"https:\\\/\\\/www.renovomet.fi\\\/#organization\"},\"potentialAction\":[{\"@type\":\"SearchAction\",\"target\":{\"@type\":\"EntryPoint\",\"urlTemplate\":\"https:\\\/\\\/www.renovomet.fi\\\/?s={search_term_string}\"},\"query-input\":{\"@type\":\"PropertyValueSpecification\",\"valueRequired\":true,\"valueName\":\"search_term_string\"}}],\"inLanguage\":\"en-US\"},{\"@type\":\"Organization\",\"@id\":\"https:\\\/\\\/www.renovomet.fi\\\/#organization\",\"name\":\"Renovomet Oy\",\"alternateName\":\"Renovomet\",\"url\":\"https:\\\/\\\/www.renovomet.fi\\\/\",\"logo\":{\"@type\":\"ImageObject\",\"inLanguage\":\"en-US\",\"@id\":\"https:\\\/\\\/www.renovomet.fi\\\/#\\\/schema\\\/logo\\\/image\\\/\",\"url\":\"https:\\\/\\\/www.renovomet.fi\\\/web\\\/wp-content\\\/uploads\\\/2023\\\/03\\\/Renovomet-Oy_NEW_V6-1.png\",\"contentUrl\":\"https:\\\/\\\/www.renovomet.fi\\\/web\\\/wp-content\\\/uploads\\\/2023\\\/03\\\/Renovomet-Oy_NEW_V6-1.png\",\"width\":624,\"height\":106,\"caption\":\"Renovomet Oy\"},\"image\":{\"@id\":\"https:\\\/\\\/www.renovomet.fi\\\/#\\\/schema\\\/logo\\\/image\\\/\"},\"sameAs\":[\"https:\\\/\\\/www.instagram.com\\\/renovomet\\\/\"]}]}<\/script>\n<!-- \/ Yoast SEO plugin. -->","yoast_head_json":{"title":"Palaute - Reittilanat - Latuh\u00f6yl\u00e4t - Renovomet Oy","robots":{"index":"index","follow":"follow","max-snippet":"max-snippet:-1","max-image-preview":"max-image-preview:large","max-video-preview":"max-video-preview:-1"},"canonical":"https:\/\/www.renovomet.fi\/en\/palaute\/","og_locale":"en_US","og_type":"article","og_title":"Palaute - Reittilanat - Latuh\u00f6yl\u00e4t - Renovomet Oy","og_description":"PALAUTE","og_url":"https:\/\/www.renovomet.fi\/en\/palaute\/","og_site_name":"Reittilanat - Latuh\u00f6yl\u00e4t - Renovomet Oy","article_modified_time":"2023-08-19T12:59:46+00:00","twitter_card":"summary_large_image","twitter_misc":{"Est. reading time":"1 minute"},"schema":{"@context":"https:\/\/schema.org","@graph":[{"@type":"WebPage","@id":"https:\/\/www.renovomet.fi\/palaute\/","url":"https:\/\/www.renovomet.fi\/palaute\/","name":"Palaute - Reittilanat - Latuh\u00f6yl\u00e4t - Renovomet Oy","isPartOf":{"@id":"https:\/\/www.renovomet.fi\/#website"},"datePublished":"2012-11-08T15:50:13+00:00","dateModified":"2023-08-19T12:59:46+00:00","breadcrumb":{"@id":"https:\/\/www.renovomet.fi\/palaute\/#breadcrumb"},"inLanguage":"en-US","potentialAction":[{"@type":"ReadAction","target":["https:\/\/www.renovomet.fi\/palaute\/"]}]},{"@type":"BreadcrumbList","@id":"https:\/\/www.renovomet.fi\/palaute\/#breadcrumb","itemListElement":[{"@type":"ListItem","position":1,"name":"Home","item":"https:\/\/www.renovomet.fi\/"},{"@type":"ListItem","position":2,"name":"Palaute"}]},{"@type":"WebSite","@id":"https:\/\/www.renovomet.fi\/#website","url":"https:\/\/www.renovomet.fi\/","name":"Reittilanat - Latuh\u00f6yl\u00e4t - Renovomet Oy","description":"Laadukkaat ja kotimaiset ATV-lis\u00e4laitteet","publisher":{"@id":"https:\/\/www.renovomet.fi\/#organization"},"potentialAction":[{"@type":"SearchAction","target":{"@type":"EntryPoint","urlTemplate":"https:\/\/www.renovomet.fi\/?s={search_term_string}"},"query-input":{"@type":"PropertyValueSpecification","valueRequired":true,"valueName":"search_term_string"}}],"inLanguage":"en-US"},{"@type":"Organization","@id":"https:\/\/www.renovomet.fi\/#organization","name":"Renovomet Oy","alternateName":"Renovomet","url":"https:\/\/www.renovomet.fi\/","logo":{"@type":"ImageObject","inLanguage":"en-US","@id":"https:\/\/www.renovomet.fi\/#\/schema\/logo\/image\/","url":"https:\/\/www.renovomet.fi\/web\/wp-content\/uploads\/2023\/03\/Renovomet-Oy_NEW_V6-1.png","contentUrl":"https:\/\/www.renovomet.fi\/web\/wp-content\/uploads\/2023\/03\/Renovomet-Oy_NEW_V6-1.png","width":624,"height":106,"caption":"Renovomet Oy"},"image":{"@id":"https:\/\/www.renovomet.fi\/#\/schema\/logo\/image\/"},"sameAs":["https:\/\/www.instagram.com\/renovomet\/"]}]}},"_links":{"self":[{"href":"https:\/\/www.renovomet.fi\/en\/wp-json\/wp\/v2\/pages\/82","targetHints":{"allow":["GET"]}}],"collection":[{"href":"https:\/\/www.renovomet.fi\/en\/wp-json\/wp\/v2\/pages"}],"about":[{"href":"https:\/\/www.renovomet.fi\/en\/wp-json\/wp\/v2\/types\/page"}],"author":[{"embeddable":true,"href":"https:\/\/www.renovomet.fi\/en\/wp-json\/wp\/v2\/users\/9"}],"replies":[{"embeddable":true,"href":"https:\/\/www.renovomet.fi\/en\/wp-json\/wp\/v2\/comments?post=82"}],"version-history":[{"count":11,"href":"https:\/\/www.renovomet.fi\/en\/wp-json\/wp\/v2\/pages\/82\/revisions"}],"predecessor-version":[{"id":5553,"href":"https:\/\/www.renovomet.fi\/en\/wp-json\/wp\/v2\/pages\/82\/revisions\/5553"}],"wp:attachment":[{"href":"https:\/\/www.renovomet.fi\/en\/wp-json\/wp\/v2\/media?parent=82"}],"curies":[{"name":"wp","href":"https:\/\/api.w.org\/{rel}","templated":true}]}}